{"id":14006,"date":"2021-11-25T10:26:31","date_gmt":"2021-11-25T10:26:31","guid":{"rendered":"https:\/\/dominican-republic-hotels.com\/?post_type=product&#038;p=14006"},"modified":"2021-11-25T10:26:33","modified_gmt":"2021-11-25T10:26:33","slug":"samana-day-trip-from-bayahibe-el-limon-waterfall-and-bacardi-island","status":"publish","type":"product","link":"https:\/\/dominican-republic-hotels.com\/hu\/dominicantour\/samana-napi-kirandulas-bayahibe-el-limon-vizeses-es-bacardi-szigetrol\/","title":{"rendered":"Samana kir\u00e1ndul\u00e1s Bayahib\u00e9b\u0151l - El Limon v\u00edzes\u00e9s \u00e9s Bacardi sziget"},"content":{"rendered":"<div class=\"vc_row wpb_row vc_row-fluid\" ><div class=\"wpb_column vc_column_container vc_col-sm-12\"><div class=\"vc_column-inner\"><div class=\"wpb_wrapper\"><div class=\"mkdf-section-title-holder\" style=\"text-align: left\">\n\t<div class=\"mkdf-st-inner\">\n\t\t\t\t\t<h5 class=\"mkdf-st-subtitle\" >\n\t\t\t\t(Felsz\u00e1ll\u00e1s a Bayahibe Hotelekben)\t\t\t<\/h5>\n\t\t\t\t\t\t\t<h3 class=\"mkdf-st-title\" >\n\t\t\t\tSamana kir\u00e1ndul\u00e1s Bayahib\u00e9b\u0151l - El Limon v\u00edzes\u00e9s \u00e9s Bacardi sziget\t\t\t<\/h3>\n\t\t\t\t\t<\/div>\n<\/div><\/div><\/div><\/div><\/div><div class=\"vc_row wpb_row vc_row-fluid\" ><div class=\"wpb_column vc_column_container vc_col-sm-12\"><div class=\"vc_column-inner\"><div class=\"wpb_wrapper\">\n\t<div class=\"wpb_text_column wpb_content_element\" >\n\t\t<div class=\"wpb_wrapper\">\n\t\t\t<h4><b><i>\u00c1ttekint\u00e9s <\/i><\/b><\/h4>\n<p>Ha Bayahibe, Punta Cana vagy Bavaro v\u00e1ros\u00e1ban tart\u00f3zkodik, \u00e9s szeretne egy napos kir\u00e1ndul\u00e1st tenni, kevesebbet fizetve a szok\u00e1sosn\u00e1l, akkor menjen el\u0151re, \u00e9s foglalja le ezt az utat. Ezen az utaz\u00e1son bel\u00fcl elvissz\u00fck \u00d6nt Saman\u00e1ba, ahol egy katamar\u00e1non elvissz\u00fck Sabana de la Marba, Hato Mayor telep\u00fcl\u00e9sre, a Los Haitises Nemzeti Park h\u00e1z\u00e1ba. Ez az utaz\u00e1s mag\u00e1ban foglalja Samana \u00e9s El Limon telep\u00fcl\u00e9sek megl\u00e1togat\u00e1s\u00e1t, ahol a Samana-\u00f6b\u00f6l \u00e1tszel\u00e9se ut\u00e1n k\u00f6zvetlen\u00fcl egy v\u00edzes\u00e9shez lovagolhat vagy t\u00far\u00e1zhat. Az eb\u00e9det a Bacardi-szigeten szolg\u00e1lj\u00e1k fel. A kir\u00e1ndul\u00e1s reggel 6:00 \u00f3rakor kezd\u0151dik \u00e9s este 18:30-kor \u00e9r v\u00e9get. Foglaljon most!<\/p>\n<p>Az \u00e9lm\u00e9nyt k\u00f6vet\u0151en a sz\u00e1llod\u00e1ban vissz\u00fck ki \u00d6nt.<\/p>\n<ul>\n<li style=\"font-weight: 400;\">D\u00edjakkal egy\u00fctt<\/li>\n<li>Eb\u00e9d a tengerparton benne van<\/li>\n<li>Transzferrel egy\u00fctt<\/li>\n<li style=\"font-weight: 400;\"><span style=\"font-weight: 400;\">Az \u00fatmutat\u00f3 \u00fatmutat\u00e1st \u00e9s fel\u00fcgyeletet biztos\u00edt<\/span><\/li>\n<\/ul>\n<p>&nbsp;<\/p>\n<h4><b>Tartoz\u00e1sok \u00e9s kiz\u00e1r\u00e1sok<\/b><\/h4>\n<p>&nbsp;<\/p>\n<p><b>Tartalmak<\/b><\/p>\n<p>&nbsp;<\/p>\n<ol>\n<li style=\"font-weight: 400;\">Sz\u00e1llodai felsz\u00e1ll\u00e1s<\/li>\n<li style=\"font-weight: 400;\">Saman\u00e1-\u00f6b\u00f6l<\/li>\n<li>Bacardi sziget, strand \u00e9s eb\u00e9d<\/li>\n<li>Szafari El Lim\u00f3nba<\/li>\n<li>Lovagl\u00e1s vagy t\u00far\u00e1z\u00e1s a v\u00edzes\u00e9sekhez<\/li>\n<li>Dominikaiak kokt\u00e9lok<\/li>\n<li style=\"font-weight: 400;\"><span style=\"font-weight: 400;\">Minden ad\u00f3, d\u00edj \u00e9s kezel\u00e9si k\u00f6lts\u00e9g<\/span><\/li>\n<li style=\"font-weight: 400;\"><span style=\"font-weight: 400;\">Helyi ad\u00f3k<\/span><\/li>\n<li style=\"font-weight: 400;\"><span style=\"font-weight: 400;\">Italok<\/span><\/li>\n<li style=\"font-weight: 400;\"><span style=\"font-weight: 400;\">Minden tev\u00e9kenys\u00e9g<\/span><\/li>\n<li style=\"font-weight: 400;\"><span style=\"font-weight: 400;\">Helyi idegenvezet\u0151<\/span><\/li>\n<\/ol>\n<p><b> Kiz\u00e1r\u00e1sok<\/b><\/p>\n<ol>\n<li style=\"font-weight: 400;\"><span style=\"font-weight: 400;\">Jutalmak<\/span><\/li>\n<li style=\"font-weight: 400;\"><span style=\"font-weight: 400;\">Alkoholos italok kokt\u00e9lok ut\u00e1n\u00a0<\/span><\/li>\n<\/ol>\n<p>&nbsp;<\/p>\n<h4><em><strong>Indul\u00e1s \u00e9s visszat\u00e9r\u00e9s<\/strong><\/em><\/h4>\n<p><span style=\"font-weight: 400;\">Az utaz\u00f3 a foglal\u00e1si folyamat ut\u00e1n kap egy tal\u00e1lkoz\u00e1si pontot. A t\u00far\u00e1k a tal\u00e1lkoz\u00e1si pontjainkon kezd\u0151dnek \u00e9s fejez\u0151dnek be.<\/span><\/p>\n<p>&nbsp;<\/p>\n<h3>Samana kir\u00e1ndul\u00e1s Bayahib\u00e9b\u0151l - El Limon v\u00edzes\u00e9s \u00e9s Bacardi sziget<\/h3>\n<h4><b><i>Mire sz\u00e1m\u00edtson?<\/i><\/b><\/h4>\n<p>&nbsp;<\/p>\n<p><strong>Szerezze be jegyeit most<\/strong>. A v\u00edzes\u00e9sek, lovagl\u00e1s, t\u00far\u00e1z\u00e1s \u00e9s szafari t\u00fara, \u00fasz\u00e1s a term\u00e9szetes forr\u00e1sokn\u00e1l, eb\u00e9d a Bacardi szigeten \u00e9s m\u00e1s sz\u00f3rakoztat\u00f3 tev\u00e9kenys\u00e9gek v\u00e1rnak \u00d6nre.<\/p>\n<p>Bayahib\u00e9b\u0151l aut\u00f3busszal indulunk a Samana-\u00f6b\u00f6l kik\u00f6t\u0151j\u00e9be. A kik\u00f6t\u0151ben felsz\u00e1llunk egy haj\u00f3ra vagy katamar\u00e1nra, ahol helyi idegenvezet\u0151kkel egy\u00fctt elkalauzoljuk \u00d6n\u00f6ket Samana k\u00f6z\u00f6ss\u00e9g\u00e9be. Ebben a k\u00f6z\u00f6ss\u00e9gben egy szafari t\u00fara keret\u00e9ben k\u00f6rbevezetj\u00fck \u00d6n\u00f6ket, \u00e9s megtan\u00edtjuk \u00d6n\u00f6ket a v\u00e1ros t\u00f6rt\u00e9net\u00e9re.  De ez m\u00e9g nem minden, az El Limon v\u00edzes\u00e9s k\u00f6vetkezik, itt \u00faszhat, t\u00far\u00e1zhat vagy lovagolhat.  Az El Limon v\u00edzes\u00e9s egy fantasztikus term\u00e9szeti eml\u00e9k tr\u00f3pusi erd\u0151vel \u00e9s tiszta term\u00e9szetes forr\u00e1sokkal. Visszafel\u00e9 Saman\u00e1ba menet meg\u00e1llunk a Bacardi-szigeten, ahol eb\u00e9det szolg\u00e1lunk fel, \u00e9s lehet\u0151s\u00e9g\u00fck lesz \u00faszni a Dominikai K\u00f6zt\u00e1rsas\u00e1g egyik legterm\u00e9szetesebb medenc\u00e9j\u00e9ben.<\/p>\n<p>&nbsp;<\/p>\n<p>Ha szeretn\u00e9, hogy ez az utaz\u00e1s r\u00f6videbb vagy hosszabb legyen, k\u00e9rj\u00fck, l\u00e9pjen kapcsolatba vel\u00fcnk.<\/p>\n<p>&nbsp;<\/p>\n<h4><em><strong>Mit hozzon mag\u00e1val?<\/strong><\/em><\/h4>\n<ul>\n<li style=\"font-weight: 400;\"><span style=\"font-weight: 400;\">Kamera<\/span><\/li>\n<li style=\"font-weight: 400;\"><span style=\"font-weight: 400;\">Repell\u00e1l\u00f3 r\u00fcgyek<\/span><\/li>\n<li style=\"font-weight: 400;\"><span style=\"font-weight: 400;\">naptej<\/span><\/li>\n<li style=\"font-weight: 400;\"><span style=\"font-weight: 400;\">Kalap<\/span><\/li>\n<li style=\"font-weight: 400;\"><span style=\"font-weight: 400;\">K\u00e9nyelmes nadr\u00e1g<\/span><\/li>\n<li style=\"font-weight: 400;\"><span style=\"font-weight: 400;\">Erdei t\u00faracip\u0151<\/span><\/li>\n<li style=\"font-weight: 400;\"><span style=\"font-weight: 400;\">Szand\u00e1lok a tavaszi ter\u00fcletekre.<\/span><\/li>\n<li style=\"font-weight: 400;\"><span style=\"font-weight: 400;\">\u00dasz\u00f3 ruh\u00e1zat<\/span><\/li>\n<\/ul>\n<p>&nbsp;<\/p>\n<h4><b><i>Sz\u00e1llodai \u00e1tv\u00e9tel <\/i><\/b><\/h4>\n<p><span style=\"font-weight: 400;\">Utaz\u00f3k felszed\u00e9s\u00e9t k\u00edn\u00e1ljuk!<\/span><\/p>\n<p><span style=\"font-weight: 400;\">Bayahibe \u00f6sszes sz\u00e1llod\u00e1j\u00e1b\u00f3l felvessz\u00fck. A felv\u00e9teli helye a sz\u00e1lloda el\u0151csarnoka<br \/>\nHa a k\u00f6rny\u00e9ken l\u00e9v\u0151 apartmanokban sz\u00e1ll meg, akkor a lak\u00e1sban vagy a legk\u00f6zelebbi \u00fcd\u00fcl\u0151hely bej\u00e1rat\u00e1n\u00e1l vessz\u00fck fel \u00d6nt... Be\u00e1ll\u00edtottuk Pick up kapcsolatba l\u00e9p vel\u00fcnk Whatsappon kereszt\u00fcl.<\/span><\/p>\n<p><b>Megjegyz\u00e9s:<\/b><span style=\"font-weight: 400;\"> Ha a t\u00fara\/kir\u00e1ndul\u00e1s indul\u00e1si id\u0151pontja el\u0151tt 24 \u00f3r\u00e1n bel\u00fcl foglal, akkor a sz\u00e1llodai felsz\u00e1ll\u00e1st is el tudjuk int\u00e9zni. Amint a v\u00e1s\u00e1rl\u00e1s befejez\u0151d\u00f6tt, elk\u00fcldj\u00fck \u00d6nnek a teljes el\u00e9rhet\u0151s\u00e9get (telefonsz\u00e1m, e-mail c\u00edm stb.) a helyi t\u00faravezet\u0151nk sz\u00e1m\u00e1ra, hogy megszervezhesse a felv\u00e9telt.<\/span><\/p>\n<h4><b><i>Tov\u00e1bbi inform\u00e1ci\u00f3 Meger\u0151s\u00edt\u00e9s <\/i><\/b><\/h4>\n<ol>\n<li>Jegyek a nyugta kifizet\u00e9se ut\u00e1n a Tour. Meg tudja mutatni a fizet\u00e9st a telefonj\u00e1n.<\/li>\n<li style=\"font-weight: 400;\"><span style=\"font-weight: 400;\">A tal\u00e1lkoz\u00e1si pont a foglal\u00e1si folyamat ut\u00e1n lesz megadva.<\/span><\/li>\n<li style=\"font-weight: 400;\"><span style=\"font-weight: 400;\">A gyermekeket feln\u0151ttnek kell k\u00eds\u00e9rnie.<\/span><\/li>\n<li style=\"font-weight: 400;\"><span style=\"font-weight: 400;\"> Nem kerekessz\u00e9kkel megk\u00f6zel\u00edthet\u0151 <\/span><\/li>\n<li style=\"font-weight: 400;\"><span style=\"font-weight: 400;\">A csecsem\u0151knek \u00f6lben kell \u00fclni\u00fck <\/span><\/li>\n<li style=\"font-weight: 400;\"><span style=\"font-weight: 400;\">Nem aj\u00e1nlott h\u00e1tprobl\u00e9m\u00e1kkal k\u00fczd\u0151 utasoknak<\/span><\/li>\n<li style=\"font-weight: 400;\"><span style=\"font-weight: 400;\">Terhes utaz\u00f3knak nem aj\u00e1nlott <\/span><\/li>\n<li style=\"font-weight: 400;\"><span style=\"font-weight: 400;\"> Nincsenek sz\u00edvprobl\u00e9m\u00e1k vagy egy\u00e9b s\u00falyos eg\u00e9szs\u00e9g\u00fcgyi probl\u00e9m\u00e1k <\/span><\/li>\n<li style=\"font-weight: 400;\"><span style=\"font-weight: 400;\">A legt\u00f6bb utaz\u00f3 r\u00e9szt vehet<\/span><\/li>\n<\/ol>\n<h4><b><i>Lemond\u00e1si szab\u00e1lyzat<\/i><\/b><\/h4>\n<p><span style=\"font-weight: 400;\">A teljes visszat\u00e9r\u00edt\u00e9shez a tapasztalat kezdete el\u0151tt legal\u00e1bb 24 \u00f3r\u00e1val le kell mondania a r\u00e9szv\u00e9telt.<\/span><\/p>\n\n\t\t<\/div>\n\t<\/div>\n<\/div><\/div><\/div><\/div><div class=\"vc_row wpb_row vc_row-fluid\" ><\/div><div class=\"wpb_column vc_column_container vc_col-sm-12\"><div class=\"vc_column-inner\"><div class=\"wpb_wrapper\"><\/div><\/div><\/div><div class=\"vc_empty_space\"   style=\"height: 32px\"><span class=\"vc_empty_space_inner\"><\/span><\/div>\n\t<div class=\"wpb_text_column wpb_content_element\" >\n\t\t<div class=\"wpb_wrapper\">\n\t\t\t\n\t\t<\/div>\n\t<\/div>\n<h4>L\u00e9pjen kapcsolatba vel\u00fcnk?<\/h4>\n<h5><em><strong>Foglal\u00e1si kalandok<\/strong><\/em><\/h5>\n<p><em><strong>Helyiek<\/strong> \u00e9s <strong>Nationals<\/strong> Idegenvezet\u0151k \u00e9s vend\u00e9gszolg\u00e1latok<\/em><\/p>\n<p><span class=\"text-turquoise\">Fenntart\u00e1sok:<\/span> T\u00far\u00e1k \u00e9s kir\u00e1ndul\u00e1sok a Dom. Rep.<\/p>\n<p><img decoding=\"async\" class=\"emoji\" draggable=\"false\" src=\"https:\/\/s.w.org\/images\/core\/emoji\/11.2.0\/svg\/1f4de.svg\" alt=\"\ud83d\udcde\" \/> Tel \/ Whatsapp\u00a0 <a href=\"tel:+1-809-720-6035\">+1-809-720-6035<\/a>.<\/p>\n<p><img decoding=\"async\" class=\"emoji\" draggable=\"false\" src=\"https:\/\/s.w.org\/images\/core\/emoji\/11.2.0\/svg\/1f4e9.svg\" alt=\"\ud83d\udce9\" \/> <a href=\"mailto:info@dominican-republic-hotels.com\">info@dominican-republic-hotels.com<\/a><\/p>\n<p><strong><span style=\"vertical-align: inherit;\"><span style=\"vertical-align: inherit;\">Somos tours privados de configuraci\u00f3n flexible por Whatsapp: <\/span><\/span><a href=\"tel:+18097206035\"><span style=\"vertical-align: inherit;\"><span style=\"vertical-align: inherit;\">+18097206035. <\/span><\/span><\/a><\/strong><span style=\"vertical-align: inherit;\"><span style=\"vertical-align: inherit;\">[\/ vc_column_text] <div class=\"vc_empty_space\"   style=\"height: 32px\"><span class=\"vc_empty_space_inner\"><\/span><\/div> [\/ vc_column] [\/ vc_row]<\/span><\/span><\/p>","protected":false},"excerpt":{"rendered":"<p><span style=\"vertical-align: inherit;\"><span style=\"vertical-align: inherit;\">Si est\u00e1s en Punta Cana o B\u00e1varo y quieres hacer una excursi\u00f3n de un d\u00eda pagando menos de lo habitual, reserva este viaje. <\/span><span style=\"vertical-align: inherit;\">Dentro de este viaje, lo llevaremos a Samana, donde en un catamar\u00e1n, lo llevar\u00e1n a Sabana de la Mar, un municipio de Hato Mayor, la casa del Parque Nacional Los Haitises. <\/span><span style=\"vertical-align: inherit;\">Este viaje incluye Safari Tour, Catamar\u00e1n, Cascada y nataci\u00f3n en la playa, y m\u00e1s. <\/span><span style=\"vertical-align: inherit;\">El viaje comienza a las 6:00 am y termina a las 6:30 pm. <\/span><span style=\"vertical-align: inherit;\">\u00a1No te lo pierdas!<\/span><\/span><\/p>\n<p>&nbsp;<\/p>\n<p>&nbsp;<\/p>\n<p><strong><span style=\"vertical-align: inherit;\"><span style=\"vertical-align: inherit;\">Seleccione la fecha para el tour\u00a0<\/span><\/span><\/strong><\/p>","protected":false},"featured_media":12918,"template":"","meta":[],"product_brand":[],"product_cat":[749,648,740,763,321],"product_tag":[339,340,484,341,485,486,342,487,343,313,488,344,560,561,350,345],"class_list":{"0":"post-14006","1":"product","2":"type-product","3":"status-publish","4":"has-post-thumbnail","6":"product_cat-1-punta-cana","7":"product_cat-bayahibe-to-samana","8":"product_cat-el-limon-horseback-riding","9":"product_cat-el-limon-punta-cana","10":"product_cat-tours-and-excursions","11":"product_tag-bacardi-island","12":"product_tag-beach-time","13":"product_tag-cascada-el-limon-salto-el-limon-samana-republica-dominicana","14":"product_tag-cayo-levantado","15":"product_tag-el-limon-waterfall-bacardi-island-from-punta-cana","16":"product_tag-el-limon-waterfall-and-bacardi-island-tour-from-punta-cana","17":"product_tag-el-limon-waterfalls","18":"product_tag-guided-adventures","19":"product_tag-punta-cana","20":"product_tag-sabana-de-la-mar","21":"product_tag-salto-de-limon-punta-cana","22":"product_tag-samana","23":"product_tag-samana-day-trip-from-punta-cana","24":"product_tag-samana-day-trip-from-punta-cana-el-limon-waterfall-and-bacardi-island","25":"product_tag-samana-excursions","26":"product_tag-samana-tours","28":"first","29":"instock","30":"sale","31":"virtual","32":"sold-individually","33":"purchasable","34":"product-type-simple"},"_links":{"self":[{"href":"https:\/\/dominican-republic-hotels.com\/hu\/wp-json\/wp\/v2\/product\/14006","targetHints":{"allow":["GET"]}}],"collection":[{"href":"https:\/\/dominican-republic-hotels.com\/hu\/wp-json\/wp\/v2\/product"}],"about":[{"href":"https:\/\/dominican-republic-hotels.com\/hu\/wp-json\/wp\/v2\/types\/product"}],"wp:featuredmedia":[{"embeddable":true,"href":"https:\/\/dominican-republic-hotels.com\/hu\/wp-json\/wp\/v2\/media\/12918"}],"wp:attachment":[{"href":"https:\/\/dominican-republic-hotels.com\/hu\/wp-json\/wp\/v2\/media?parent=14006"}],"wp:term":[{"taxonomy":"product_brand","embeddable":true,"href":"https:\/\/dominican-republic-hotels.com\/hu\/wp-json\/wp\/v2\/product_brand?post=14006"},{"taxonomy":"product_cat","embeddable":true,"href":"https:\/\/dominican-republic-hotels.com\/hu\/wp-json\/wp\/v2\/product_cat?post=14006"},{"taxonomy":"product_tag","embeddable":true,"href":"https:\/\/dominican-republic-hotels.com\/hu\/wp-json\/wp\/v2\/product_tag?post=14006"}],"curies":[{"name":"wp","href":"https:\/\/api.w.org\/{rel}","templated":true}]}}