{"id":13964,"date":"2021-11-25T10:25:55","date_gmt":"2021-11-25T10:25:55","guid":{"rendered":"https:\/\/dominican-republic-hotels.com\/?post_type=product&#038;p=13964"},"modified":"2021-11-25T10:26:06","modified_gmt":"2021-11-25T10:26:06","slug":"private-boat-trip-2-hours-hiking-rain-forest-los-haitises","status":"publish","type":"product","link":"https:\/\/dominican-republic-hotels.com\/hu\/dominicantour\/privat-csonaktura-2-oras-gyalogos-eso-erdo-los-haitises\/","title":{"rendered":"Priv\u00e1t haj\u00f3kir\u00e1ndul\u00e1s \u00e9s 2 \u00f3r\u00e1s t\u00far\u00e1z\u00e1s Los Haitises es\u0151erd\u0151ben"},"content":{"rendered":"<div class=\"vc_row wpb_row vc_row-fluid\" ><div class=\"wpb_column vc_column_container vc_col-sm-12\"><div class=\"vc_column-inner\"><div class=\"wpb_wrapper\"><div class=\"mkdf-section-title-holder\" style=\"text-align: left\">\n\t<div class=\"mkdf-st-inner\">\n\t\t\t\t\t<h5 class=\"mkdf-st-subtitle\" >\n\t\t\t\tNedves erd\u0151 + Norm\u00e1l kir\u00e1ndul\u00e1s a barlangokhoz\t\t\t<\/h5>\n\t\t\t\t\t\t\t<h3 class=\"mkdf-st-title\" >\n\t\t\t\tLos Haitises Nemzeti Park- Sabana de la Marb\u00f3l + t\u00far\u00e1z\u00e1s 2 \u00f3ra\t\t\t<\/h3>\n\t\t\t\t\t<\/div>\n<\/div><\/div><\/div><\/div><\/div><div class=\"vc_row wpb_row vc_row-fluid\" ><div class=\"wpb_column vc_column_container vc_col-sm-12\"><div class=\"vc_column-inner\"><div class=\"wpb_wrapper\">\n\t<div class=\"wpb_text_column wpb_content_element\" >\n\t\t<div class=\"wpb_wrapper\">\n\t\t\t<h4><b><i><span style=\"vertical-align: inherit;\"><span style=\"vertical-align: inherit;\">\u00c1ltal\u00e1nos k\u00e9p <\/span><\/span><\/i><\/b><\/h4>\n<p>\u00c9lvezze a k\u00e9t\u00f3r\u00e1s t\u00far\u00e1z\u00e1st a Haitises Nemzeti Park erdej\u00e9ben. Ismerje meg a gy\u00f3gyn\u00f6v\u00e9nyeket \u00e9s l\u00e1togasson el a helyiekhez.  A l\u00e1togat\u00e1s ut\u00e1n <strong>Los Haitises Nemzeti Park<\/strong> a  c\u00edmr\u0151l <strong>Sabana de la Mar<\/strong> vagy <strong>Ca\u00f1o Hondo Hotelek<\/strong> a helyiekkel.<\/p>\n<p>A haj\u00f3kir\u00e1ndul\u00e1s ut\u00e1n t\u00far\u00e1zni fogunk. Priv\u00e1t norm\u00e1l kir\u00e1ndul\u00e1s a Los Haitises Nemzeti Parkba.  J\u00f6jj\u00f6n vel\u00fcnk \u00e9s l\u00e1togasson el a Dominikai K\u00f6zt\u00e1rsas\u00e1g legszebb nemzeti parkj\u00e1ba, l\u00e1togasson el a mangrove-erd\u0151kbe, 3 barlangba \u00e9s a San Lorenzo \u00f6b\u00f6lbe. Ez az \u00e9lm\u00e9ny a Sabana de la Mar k\u00f6z\u00f6ss\u00e9gb\u0151l indulhat, ahol a Sabana de la Mar t\u00f6rt\u00e9nelm\u00e9nek megismer\u00e9se t\u00f6rt\u00e9nik.<\/p>\n<ul>\n<li>T\u00far\u00e1z\u00e1s 2 \u00f3ra az erd\u0151ben<\/li>\n<li>Sabana de la Mar T\u00f6rt\u00e9nelem<\/li>\n<li style=\"font-weight: 400;\">D\u00edjakkal egy\u00fctt<\/li>\n<li style=\"font-weight: 400;\"><span style=\"font-weight: 400;\">Az \u00fatmutat\u00f3 \u00fatmutat\u00e1st \u00e9s fel\u00fcgyeletet biztos\u00edt<\/span><\/li>\n<li>Az eb\u00e9d nem tartalmazza az eb\u00e9det a Cano Hondo Pick ezt a t\u00far\u00e1t: <a href=\"https:\/\/www.ticketswhales.com\/tour\/los-haitises-national-park-lunch-at-cano-hondo-from-sabana-de-la-mar\/\" target=\"_blank\" rel=\"noopener\">Los Haitises Plus Cano Hondo.<\/a><\/li>\n<\/ul>\n<p>&nbsp;<\/p>\n<h4><b>Tartoz\u00e1sok \u00e9s kiz\u00e1r\u00e1sok<\/b><\/h4>\n<p>&nbsp;<\/p>\n<p><b>Tartalmak<\/b><\/p>\n<ol>\n<li style=\"font-weight: 400;\">Los Haitises t\u00fara + barlangok \u00e9s piktogramok<\/li>\n<li style=\"font-weight: 400;\"><span style=\"font-weight: 400;\">Minden ad\u00f3, d\u00edj \u00e9s kezel\u00e9si k\u00f6lts\u00e9g<\/span><\/li>\n<li style=\"font-weight: 400;\"><span style=\"font-weight: 400;\">Helyi ad\u00f3k<\/span><\/li>\n<li style=\"font-weight: 400;\"><span style=\"font-weight: 400;\">Minden tev\u00e9kenys\u00e9g<\/span><\/li>\n<li style=\"font-weight: 400;\"><span style=\"font-weight: 400;\">Helyi idegenvezet\u0151<\/span><\/li>\n<\/ol>\n<p><b> Kiz\u00e1r\u00e1sok<\/b><\/p>\n<ol>\n<li style=\"font-weight: 400;\"><span style=\"font-weight: 400;\">Jutalmak<\/span><\/li>\n<li>Az eb\u00e9d nem tartalmazza az eb\u00e9det a Cano Hondo Pick ezt a t\u00far\u00e1t: <a href=\"https:\/\/www.ticketswhales.com\/tour\/los-haitises-national-park-lunch-at-cano-hondo-from-sabana-de-la-mar\/\" target=\"_blank\" rel=\"noopener\">Los Haitises Plus Cano Hondo.<\/a><\/li>\n<li style=\"font-weight: 400;\"><span style=\"font-weight: 400;\">Transzfer<\/span><\/li>\n<li style=\"font-weight: 400;\"><span style=\"font-weight: 400;\">Alkoholos italok<\/span><\/li>\n<\/ol>\n<p>&nbsp;<\/p>\n<h4><em><strong>Indul\u00e1s \u00e9s visszat\u00e9r\u00e9s<\/strong><\/em><\/h4>\n<p><span style=\"font-weight: 400;\">Az utaz\u00f3 a foglal\u00e1si folyamat ut\u00e1n kap egy tal\u00e1lkoz\u00e1si pontot. A t\u00far\u00e1k a tal\u00e1lkoz\u00e1si pontjainkon kezd\u0151dnek \u00e9s fejez\u0151dnek be.<\/span><\/p>\n<p>&nbsp;<\/p>\n<h4><b><i>Mire sz\u00e1m\u00edtson?<\/i><\/b><\/h4>\n<p>&nbsp;<\/p>\n<p><em><strong>Szerezze be jegyeit<\/strong><\/em> a Los Haitises Nemzeti Park barlangokkal, mangroveerd\u0151kkel \u00e9s a San Lorenzo \u00f6b\u00f6llel rendelkez\u0151 Los Haitises Nemzeti Park p\u00e1r\u00e1s erdej\u00e9ben tett k\u00e9t\u00f3r\u00e1s t\u00far\u00e1z\u00e1s ut\u00e1n.<\/p>\n<p><strong>Los Haitises Nemzeti Park<\/strong> a  c\u00edmr\u0151l <strong>Sabana de la Mar<\/strong> vagy <strong>Ca\u00d1o Hondo Hotelek<\/strong> a helyiekkel. Az utaz\u00e1s a Haitises Nemzeti Park f\u0151 kik\u00f6t\u0151j\u00e9b\u0151l indul. A kir\u00e1ndul\u00e1s 10:00 \u00f3rakor kezd\u0151dik egy helyi idegenvezet\u0151vel, aki ismeri a gy\u00f6ny\u00f6r\u0171 nemzeti park eredeti t\u00f6rt\u00e9net\u00e9t.<\/p>\n<p>Miut\u00e1n elindulunk a Los Haitises Nemzeti Park Ca\u00f1o Hondo ( Deep Creek) nev\u0171 f\u0151 kik\u00f6t\u0151j\u00e9b\u0151l egy ment\u0151mell\u00e9nyes cs\u00f3nakon. A San Lorenzo \u00f6b\u00f6lbe \u00e9rkez\u00e9s\u00fcnkig \u00e9lvezz\u00fck a v\u00f6r\u00f6s mangrove erd\u0151t. Kis \u00f6b\u00f6l a Saman\u00e1-\u00f6b\u00f6lbe. \u00c9s m\u00e1r itt is vagyunk! Az els\u0151 leny\u0171g\u00f6z\u0151 dolog, amit l\u00e1thatunk, a Mogotes nev\u0171 m\u00e9szk\u0151 hegyi szigetek hatalmas gy\u0171jtem\u00e9nye. a tetej\u00fck\u00f6n t\u00f6bb mint 700 n\u00f6v\u00e9nyfaj \u00e9s sok vizes \u00e9l\u0151helyi mad\u00e1r repked. K\u00e9s\u0151bb Barlangok l\u00e1togat\u00e1sa a 750 \u00e9vvel ezel\u0151tti \u0151slakos k\u00f6z\u00f6ss\u00e9gek piktogramjaival.<\/p>\n<p>A mangroveerd\u0151k\u00f6n kereszt\u00fcl a nyitott San Lorenzo \u00f6b\u00f6lben landol, ahonnan a vadreg\u00e9nyes erdei t\u00e1jat f\u00e9nyk\u00e9pezheti. N\u00e9zzen a v\u00edzre, hogy megl\u00e1ssa <em><strong>Manatees<\/strong><\/em>, r\u00e1kf\u00e9l\u00e9k, \u00e9s <em><strong>delfinek.<\/strong><\/em><\/p>\n<div class=\"body-description secondary\">\n<p>A nemzeti park nev\u00e9t az \u0151slakosokr\u00f3l, a taino indi\u00e1nokr\u00f3l kapta. Az \u0151 nyelv\u00fck\u00f6n a \"Haitises\" felf\u00f6ldet vagy dombokat jelent, ami a partvid\u00e9k m\u00e9szk\u0151b\u0151l \u00e1ll\u00f3 meredek geol\u00f3giai k\u00e9pz\u0151dm\u00e9nyeire utal. Kalandozzon m\u00e9lyebbre a parkban, hogy felfedezze a barlangokat, mint p\u00e9ld\u00e1ul a <em><strong>Cueva de la Arena<\/strong><\/em> \u00e9s <strong><em>Cueva de la L\u00ednea.<\/em><\/strong> A rezerv\u00e1tumban tal\u00e1lhat\u00f3 barlangokat a taino indi\u00e1nok, k\u00e9s\u0151bb pedig kal\u00f3zok haszn\u00e1lt\u00e1k b\u00fav\u00f3helyk\u00e9nt. Keresse az indi\u00e1nok rajzait, amelyek n\u00e9h\u00e1ny falat d\u00edsz\u00edtenek. A Los Haitises Nemzeti Park megl\u00e1togat\u00e1sa ut\u00e1n a Humid erd\u0151be megy\u00fcnk, ahol 2 \u00f3r\u00e1t t\u00far\u00e1zunk, majd visszat\u00e9r\u00fcnk arra a helyre, ahonnan az utunk indult.<\/p>\n<\/div>\n<p>&nbsp;<\/p>\n<h4><em><strong>Mit hozzon mag\u00e1val?<\/strong><\/em><\/h4>\n<ul>\n<li style=\"font-weight: 400;\"><span style=\"font-weight: 400;\">Kamera<\/span><\/li>\n<li style=\"font-weight: 400;\"><span style=\"font-weight: 400;\">Repell\u00e1l\u00f3 r\u00fcgyek<\/span><\/li>\n<li style=\"font-weight: 400;\"><span style=\"font-weight: 400;\">naptej<\/span><\/li>\n<li style=\"font-weight: 400;\"><span style=\"font-weight: 400;\">Kalap<\/span><\/li>\n<li style=\"font-weight: 400;\"><span style=\"font-weight: 400;\">K\u00e9nyelmes nadr\u00e1g<\/span><\/li>\n<li style=\"font-weight: 400;\"><span style=\"font-weight: 400;\">Erdei t\u00faracip\u0151<\/span><\/li>\n<li style=\"font-weight: 400;\"><span style=\"font-weight: 400;\">Szand\u00e1lok a tavaszi ter\u00fcletekre.<\/span><\/li>\n<li style=\"font-weight: 400;\"><span style=\"font-weight: 400;\">\u00dasz\u00f3 ruh\u00e1zat<\/span><\/li>\n<\/ul>\n<p>&nbsp;<\/p>\n<h4><b><i>Sz\u00e1llodai \u00e1tv\u00e9tel <\/i><\/b><\/h4>\n<p><span style=\"font-weight: 400;\">Sz\u00e1llodai felsz\u00e1ll\u00e1st k\u00edn\u00e1lunk, ha <a href=\"https:\/\/www.ticketswhales.com\/tour\/los-haitises-national-park-lunch-at-cano-hondo-from-sabana-de-la-mar\/\" target=\"_blank\" rel=\"noopener\">Paraiso Cano Hondo<\/a> vagy <a href=\"https:\/\/www.ticketswhales.com\/tour\/los-haitises-national-park-lunch-at-cano-hondo-from-sabana-de-la-mar\/\" target=\"_blank\" rel=\"noopener\">Altos Cano Hondo Hotel<\/a>. A tal\u00e1lkoz\u00f3hely\u00fcnk 5 perc gyalogt\u00far\u00e1ra van ezekt\u0151l a sz\u00e1llod\u00e1kt\u00f3l.<\/span><\/p>\n<p>&nbsp;<\/p>\n<p><b>Megjegyz\u00e9s:<\/b><span style=\"font-weight: 400;\"> ha a t\u00fara\/kir\u00e1ndul\u00e1s indul\u00e1si idej\u00e9t\u0151l sz\u00e1m\u00edtott 24 \u00f3r\u00e1n bel\u00fcl foglal, akkor a sz\u00e1llodai felsz\u00e1ll\u00e1st k\u00fcl\u00f6n d\u00edjaz\u00e1s ellen\u00e9ben tudjuk megoldani, ha nem a Cano Hondo sz\u00e1llod\u00e1kban tart\u00f3zkodik. Amint a v\u00e1s\u00e1rl\u00e1s befejez\u0151d\u00f6tt, elk\u00fcldj\u00fck \u00d6nnek a teljes el\u00e9rhet\u0151s\u00e9get (telefonsz\u00e1m, e-mail c\u00edm, stb.) a helyi t\u00faravezet\u0151nk sz\u00e1m\u00e1ra, hogy megszervezze a felv\u00e9teli el\u0151k\u00e9sz\u00fcleteket.<\/span><\/p>\n<h4><b><i>Tov\u00e1bbi inform\u00e1ci\u00f3 Meger\u0151s\u00edt\u00e9s <\/i><\/b><\/h4>\n<ol>\n<li>Jegyek a nyugta kifizet\u00e9se ut\u00e1n a Tour. Meg tudja mutatni a fizet\u00e9st a telefonj\u00e1n.<\/li>\n<li style=\"font-weight: 400;\"><span style=\"font-weight: 400;\">A tal\u00e1lkoz\u00e1si pont a foglal\u00e1si folyamat ut\u00e1n lesz megadva.<\/span><\/li>\n<li style=\"font-weight: 400;\"><span style=\"font-weight: 400;\">A gyermekeket feln\u0151ttnek kell k\u00eds\u00e9rnie.<\/span><\/li>\n<li style=\"font-weight: 400;\"><span style=\"font-weight: 400;\"> Nem kerekessz\u00e9kkel megk\u00f6zel\u00edthet\u0151 <\/span><\/li>\n<li style=\"font-weight: 400;\"><span style=\"font-weight: 400;\">A csecsem\u0151knek \u00f6lben kell \u00fclni\u00fck <\/span><\/li>\n<li style=\"font-weight: 400;\"><span style=\"font-weight: 400;\">Nem aj\u00e1nlott h\u00e1tprobl\u00e9m\u00e1kkal k\u00fczd\u0151 utasoknak<\/span><\/li>\n<li style=\"font-weight: 400;\"><span style=\"font-weight: 400;\">Terhes utaz\u00f3knak nem aj\u00e1nlott <\/span><\/li>\n<li style=\"font-weight: 400;\"><span style=\"font-weight: 400;\"> Nincsenek sz\u00edvprobl\u00e9m\u00e1k vagy egy\u00e9b s\u00falyos eg\u00e9szs\u00e9g\u00fcgyi probl\u00e9m\u00e1k <\/span><\/li>\n<li style=\"font-weight: 400;\"><span style=\"font-weight: 400;\">A legt\u00f6bb utaz\u00f3 r\u00e9szt vehet<\/span><\/li>\n<\/ol>\n<h4><b><i>Lemond\u00e1si szab\u00e1lyzat<\/i><\/b><\/h4>\n<p><span style=\"font-weight: 400;\">A teljes visszat\u00e9r\u00edt\u00e9shez a tapasztalat kezdete el\u0151tt legal\u00e1bb 24 \u00f3r\u00e1val le kell mondania a r\u00e9szv\u00e9telt.<\/span><\/p>\n\n\t\t<\/div>\n\t<\/div>\n<\/div><\/div><\/div><\/div><div class=\"vc_row wpb_row vc_row-fluid\" ><div class=\"wpb_column vc_column_container vc_col-sm-12\"><div class=\"vc_column-inner\"><div class=\"wpb_wrapper\"><div class=\"vc_empty_space\"   style=\"height: 32px\"><span class=\"vc_empty_space_inner\"><\/span><\/div>\n\t<div class=\"wpb_video_widget wpb_content_element vc_clearfix   vc_video-aspect-ratio-169 vc_video-el-width-100 vc_video-align-left\" >\n\t\t<div class=\"wpb_wrapper\">\n\t\t\t\n\t\t\t<div class=\"wpb_video_wrapper\"><iframe loading=\"lazy\" title=\"Los Haitises Nemzeti Park, t\u00far\u00e1k \u00e9s kir\u00e1ndul\u00e1sok Saman\u00e1b\u00f3l vagy Sabana de la Marb\u00f3l. Foglaljon itt:\" src=\"https:\/\/player.vimeo.com\/video\/346508015?h=6e684a1c21&amp;dnt=1&amp;app_id=122963\" width=\"1100\" height=\"619\" frameborder=\"0\" allow=\"autoplay; fullscreen; picture-in-picture\" allowfullscreen><\/iframe><\/div>\n\t\t<\/div>\n\t<\/div>\n<\/div><\/div><\/div><\/div><div class=\"vc_row wpb_row vc_row-fluid\" ><div class=\"wpb_column vc_column_container vc_col-sm-12\"><div class=\"vc_column-inner\"><div class=\"wpb_wrapper\"><div class=\"vc_empty_space\"   style=\"height: 32px\"><span class=\"vc_empty_space_inner\"><\/span><\/div>\n\t<div class=\"wpb_text_column wpb_content_element\" >\n\t\t<div class=\"wpb_wrapper\">\n\t\t\t<h4>L\u00e9pjen kapcsolatba vel\u00fcnk?<\/h4>\n<h5>Foglal\u00e1si kalandok<\/h5>\n<p><em><strong>Helyiek<\/strong>\u00a0\u00e9s\u00a0<strong>Nationals<\/strong>\u00a0Idegenvezet\u0151k \u00e9s vend\u00e9gszolg\u00e1latok<\/em><\/p>\n<p><span class=\"text-turquoise\">Fenntart\u00e1sok:<\/span>\u00a0T\u00far\u00e1k \u00e9s kir\u00e1ndul\u00e1sok a Dom. Rep.<\/p>\n<p><img decoding=\"async\" class=\"emoji\" draggable=\"false\" src=\"https:\/\/s.w.org\/images\/core\/emoji\/11.2.0\/svg\/1f4de.svg\" alt=\"\ud83d\udcde\" \/>\u00a0Tel \/ Whatsapp\u00a0\u00a0<a href=\"tel:+1-809-720-6035\">+1-809-720-6035<\/a>.<\/p>\n<p><img decoding=\"async\" class=\"emoji\" draggable=\"false\" src=\"https:\/\/s.w.org\/images\/core\/emoji\/11.2.0\/svg\/1f4e9.svg\" alt=\"\ud83d\udce9\" \/>\u00a0<a href=\"mailto:info@dominican-republic-hotels.com\">info@dominican-republic-hotels.com<\/a><\/p>\n<p><strong>Mi rugalmasan be\u00e1ll\u00edtjuk a priv\u00e1t t\u00far\u00e1kat Whatsappon kereszt\u00fcl:\u00a0<a href=\"tel:+18097206035\">+18097206035.<\/a><\/strong><\/p>\n\n\t\t<\/div>\n\t<\/div>\n<div class=\"vc_empty_space\"   style=\"height: 32px\"><span class=\"vc_empty_space_inner\"><\/span><\/div><\/div><\/div><\/div><\/div>","protected":false},"excerpt":{"rendered":"<p><span style=\"vertical-align: inherit;\"><span style=\"vertical-align: inherit;\">\u00a1Y aqu\u00ed vamos! <\/span><span style=\"vertical-align: inherit;\">Lo primero que puedes ver es la enorme colecci\u00f3n de isla monta\u00f1osa de piedra caliza llamada Mogotes. <\/span><span style=\"vertical-align: inherit;\">encima de ellos m\u00e1s de 700 especies de plantas y muchas aves de los humedales que vuelan alrededor. <\/span><span style=\"vertical-align: inherit;\">Posteriormente Visitando Cuevas con pictograf\u00edas de nuestras comunidades ind\u00edgenas hace 750 a\u00f1os.<\/span><\/span><\/p>\n<p><span style=\"vertical-align: inherit;\"><span style=\"vertical-align: inherit;\">Adem\u00e1s, este viaje muestra que son los lugares m\u00e1s importantes para visitar en el Parque Nacional Haitises. <\/span><span style=\"vertical-align: inherit;\">Las dos cuevas m\u00e1s visitadas son Line Cave y Sand Cave. <\/span><span style=\"vertical-align: inherit;\">Luego de unas horas visitando este hermoso Parque Nacional con rumbo al bosque h\u00famedo del Parque Nacional Los Haitises, luego de 2 horas de caminata, regresamos al lugar desde donde comenzamos nuestra excursi\u00f3n. <\/span><span style=\"vertical-align: inherit;\">Obtenga sus boletos aqu\u00ed y mu\u00e9vase con los lugare\u00f1os que conocen la historia del Parque Nacional Haitises.<\/span><\/span><\/p>\n<p>&nbsp;<\/p>\n<p><strong><span style=\"vertical-align: inherit;\"><span style=\"vertical-align: inherit;\">Seleccione la fecha para el tour\u00a0<\/span><\/span><\/strong><\/p>","protected":false},"featured_media":12929,"template":"","meta":[],"product_brand":[],"product_cat":[738,739,751,322,323],"product_tag":[381,324,325,329,330,303,424,332,333,413,425,336,426,348,313,427],"class_list":{"0":"post-13964","1":"product","2":"type-product","3":"status-publish","4":"has-post-thumbnail","6":"product_cat-1-sabana-de-la-mar","7":"product_cat-boat-trip-los-haitises","8":"product_cat-hiking-los-haitises","9":"product_cat-tours-excursions-los-haitises-national-park","10":"product_cat-tours-excursions-samana-bay-dominican-republic","11":"product_tag-birding-in-los-haitises","12":"product_tag-boat-tour","13":"product_tag-cano-hondo","14":"product_tag-eco-tours","15":"product_tag-excursion","16":"product_tag-hiking","17":"product_tag-hiking-los-haitises","18":"product_tag-locals-guides","19":"product_tag-los-haitises","20":"product_tag-los-haitises-excursions","21":"product_tag-los-haitises-from-samana","22":"product_tag-los-haitises-national-park-tour","23":"product_tag-los-haitises-sabana-de-la-mar","24":"product_tag-mangroves-los-haitises","25":"product_tag-sabana-de-la-mar","26":"product_tag-trails","28":"first","29":"instock","30":"sale","31":"virtual","32":"sold-individually","33":"purchasable","34":"product-type-simple"},"_links":{"self":[{"href":"https:\/\/dominican-republic-hotels.com\/hu\/wp-json\/wp\/v2\/product\/13964","targetHints":{"allow":["GET"]}}],"collection":[{"href":"https:\/\/dominican-republic-hotels.com\/hu\/wp-json\/wp\/v2\/product"}],"about":[{"href":"https:\/\/dominican-republic-hotels.com\/hu\/wp-json\/wp\/v2\/types\/product"}],"wp:featuredmedia":[{"embeddable":true,"href":"https:\/\/dominican-republic-hotels.com\/hu\/wp-json\/wp\/v2\/media\/12929"}],"wp:attachment":[{"href":"https:\/\/dominican-republic-hotels.com\/hu\/wp-json\/wp\/v2\/media?parent=13964"}],"wp:term":[{"taxonomy":"product_brand","embeddable":true,"href":"https:\/\/dominican-republic-hotels.com\/hu\/wp-json\/wp\/v2\/product_brand?post=13964"},{"taxonomy":"product_cat","embeddable":true,"href":"https:\/\/dominican-republic-hotels.com\/hu\/wp-json\/wp\/v2\/product_cat?post=13964"},{"taxonomy":"product_tag","embeddable":true,"href":"https:\/\/dominican-republic-hotels.com\/hu\/wp-json\/wp\/v2\/product_tag?post=13964"}],"curies":[{"name":"wp","href":"https:\/\/api.w.org\/{rel}","templated":true}]}}