{"id":24754,"date":"2025-09-09T09:53:46","date_gmt":"2025-09-09T09:53:46","guid":{"rendered":"https:\/\/dominican-republic-hotels.com\/?post_type=product&#038;p=24754"},"modified":"2025-09-09T09:58:40","modified_gmt":"2025-09-09T09:58:40","slug":"punta-cana-samana-with-waterfall-bacardi-island-day-trip","status":"publish","type":"product","link":"https:\/\/dominican-republic-hotels.com\/fr\/dominicantour\/punta-cana-samana-with-waterfall-bacardi-island-day-trip\/","title":{"rendered":"Punta Cana: Samana with Waterfall &#038; Bacardi Island Day Trip"},"content":{"rendered":"<p><strong>Punta Cana: Samana with Waterfall &amp; Bacardi Island Day Trip<\/strong><\/p>\n<p>We begin our journey from Bayah\u00edbe or B\u00e1varo, passing through charming villages until we reach La Ca\u00f1ita, where we\u2019ll board a boat to the Saman\u00e1 Peninsula.<\/p>\n<p>Upon arrival, a safari truck will take us to the mountain, where we\u2019ll ride horses down to the stunning El Lim\u00f3n Waterfall, one of the tallest in the Caribbean. Enjoy a refreshing swim, take photos, or simply relax amidst nature.<\/p>\n<p>Afterward, we\u2019ll recharge with a delicious traditional Dominican lunch, followed by a catamaran ride to the paradise of Cayo Levantado (Bacard\u00ed Island). Relax on its white-sand beaches and crystal-clear waters for 1 hour and 30 minutes.<\/p>\n<p>We\u2019ll end our adventure by returning to La Ca\u00f1ita, where transportation will be waiting to take you back to your hotel. A day you\u2019ll never forget!<\/p>\n<p>Reaching El Lim\u00f3n waterfall is an adventure that takes you on a 2.5-kilometer (1.5-mile) journey through thick forest, on horseback, or foot down lush hilly terrain, while spotting flora and fauna along the way. You can also go canyoning through the El Lim\u00f3n River to reach the falls. Native plants grow abundantly here in the wild, like the royal palm tree, and pineapples.<\/p>\n<p>Birds are also ubiquitous, like the palmchat\u2013the DR\u2019s national bird\u2013the Hispaniolan woodpecker, and the Broad-billed tody. Once at the falls, marvel at the beauty of El Lim\u00f3n\u2019s tumbling cascade\u2013dropping 40 meters (130 feet) from the top of Sierra de Saman\u00e1. Cool off from the journey in the freshwater emerald pool beneath the falls, and take in the surrounding wild, jungle landscape and gushing sounds of El Lim\u00f3n.<\/p>","protected":false},"excerpt":{"rendered":"<div data-track=\"overview\" data-v-83a2b402=\"\">\n<section id=\"activity-overview\" class=\"activity-overview\" data-component=\"overview\" data-v-83a2b402=\"\" data-v-f3236c42=\"\">\n<p class=\"activity-overview__content\" data-test-id=\"activity-overview-content\" data-v-f3236c42=\"\">Discover the stunning beauty of the Samana Peninsula on a day trip from Punta Cana.<\/p>\n<\/section>\n<\/div>\n<div data-track=\"key-details\" data-v-83a2b402=\"\"><\/div>","protected":false},"featured_media":25037,"template":"","meta":[],"product_brand":[],"product_cat":[901],"product_tag":[330,902],"class_list":{"0":"post-24754","1":"product","2":"type-product","3":"status-publish","4":"has-post-thumbnail","6":"product_cat-dominican-republic","7":"product_tag-excursion","8":"product_tag-tour","10":"first","11":"instock","12":"sale","13":"shipping-taxable","14":"product-type-external"},"_links":{"self":[{"href":"https:\/\/dominican-republic-hotels.com\/fr\/wp-json\/wp\/v2\/product\/24754","targetHints":{"allow":["GET"]}}],"collection":[{"href":"https:\/\/dominican-republic-hotels.com\/fr\/wp-json\/wp\/v2\/product"}],"about":[{"href":"https:\/\/dominican-republic-hotels.com\/fr\/wp-json\/wp\/v2\/types\/product"}],"wp:featuredmedia":[{"embeddable":true,"href":"https:\/\/dominican-republic-hotels.com\/fr\/wp-json\/wp\/v2\/media\/25037"}],"wp:attachment":[{"href":"https:\/\/dominican-republic-hotels.com\/fr\/wp-json\/wp\/v2\/media?parent=24754"}],"wp:term":[{"taxonomy":"product_brand","embeddable":true,"href":"https:\/\/dominican-republic-hotels.com\/fr\/wp-json\/wp\/v2\/product_brand?post=24754"},{"taxonomy":"product_cat","embeddable":true,"href":"https:\/\/dominican-republic-hotels.com\/fr\/wp-json\/wp\/v2\/product_cat?post=24754"},{"taxonomy":"product_tag","embeddable":true,"href":"https:\/\/dominican-republic-hotels.com\/fr\/wp-json\/wp\/v2\/product_tag?post=24754"}],"curies":[{"name":"wp","href":"https:\/\/api.w.org\/{rel}","templated":true}]}}