{"id":13983,"date":"2021-11-25T10:26:13","date_gmt":"2021-11-25T10:26:13","guid":{"rendered":"https:\/\/dominican-republic-hotels.com\/?post_type=product&#038;p=13983"},"modified":"2021-11-25T10:26:18","modified_gmt":"2021-11-25T10:26:18","slug":"media-luna-miches-half-moon-natural-pool-half-day-pass-and-snorkeling","status":"publish","type":"product","link":"https:\/\/dominican-republic-hotels.com\/et\/dominicantour\/media-luna-miches-half-moon-natural-pool-half-day-pass-and-snorkeling\/","title":{"rendered":"Media Luna Miches (poolkuu) Natural Pool Pool - p\u00e4evapass ja snorgeldamine"},"content":{"rendered":"<div class=\"vc_row wpb_row vc_row-fluid\" ><div class=\"wpb_column vc_column_container vc_col-sm-12\"><div class=\"vc_column-inner\"><div class=\"wpb_wrapper\"><div class=\"mkdf-section-title-holder\" style=\"text-align: left\">\n\t<div class=\"mkdf-st-inner\">\n\t\t\t\t\t<h5 class=\"mkdf-st-subtitle\" >\n\t\t\t\tHalf - Day Pass and Snorkeling &amp; Swimming at the Natural Pool\t\t\t<\/h5>\n\t\t\t\t\t\t\t<h3 class=\"mkdf-st-title\" >\n\t\t\t\tMedia Luna Miches (Half-Moon)\t\t\t<\/h3>\n\t\t\t\t\t<\/div>\n<\/div><\/div><\/div><\/div><\/div><div class=\"vc_row wpb_row vc_row-fluid\" ><div class=\"wpb_column vc_column_container vc_col-sm-12\"><div class=\"vc_column-inner\"><div class=\"wpb_wrapper\"><div class=\"vc_empty_space\"   style=\"height: 32px\"><span class=\"vc_empty_space_inner\"><\/span><\/div><\/div><\/div><\/div><\/div><div class=\"vc_row wpb_row vc_row-fluid\" ><div class=\"wpb_column vc_column_container vc_col-sm-12\"><div class=\"vc_column-inner\"><div class=\"wpb_wrapper\">\n\t<div class=\"wpb_text_column wpb_content_element\" >\n\t\t<div class=\"wpb_wrapper\">\n\t\t\t<h4><b><i>\u00dclevaade <\/i><\/b><\/h4>\n<p><span style=\"font-weight: 400;\">If you are here or are planning to come to the Dominican Republic you shouldn\u2019t miss visiting this amazing place \u2018\u2019Half Moon\u2019\u2019 (Media Luna) with lunch included, this is a precious natural pool inside of the ocean decorated by its reefs, corals and white sand. <\/span><\/p>\n<p><span style=\"font-weight: 400;\">This is the place where we can enjoy swimming, watching and taking underwater pictures. Its allowed to take photos to or with the sea stars in their natural habitat.<\/span><\/p>\n<p>&nbsp;<\/p>\n<ul>\n<li>Boat Transfer to Media Luna<\/li>\n<li style=\"font-weight: 400;\"><span style=\"font-weight: 400;\">Kapten annab juhiseid ja teostab j\u00e4relevalvet<\/span><\/li>\n<\/ul>\n<p>&nbsp;<\/p>\n<h4><b>Lisad ja erandid<\/b><\/h4>\n<p>&nbsp;<\/p>\n<p><b>Lisandid<\/b><\/p>\n<ol>\n<li style=\"font-weight: 400;\"><span style=\"font-weight: 400;\">K\u00f5ik maksud, tasud ja k\u00e4itlemiskulud<\/span><\/li>\n<li style=\"font-weight: 400;\"><span style=\"font-weight: 400;\">Kohalikud maksud<\/span><\/li>\n<li style=\"font-weight: 400;\"><span style=\"font-weight: 400;\">Joogid<\/span><\/li>\n<\/ol>\n<p><b> Erandid<\/b><\/p>\n<ol>\n<li style=\"font-weight: 400;\"><span style=\"font-weight: 400;\">H\u00fcvitised<\/span><\/li>\n<li style=\"font-weight: 400;\"><span style=\"font-weight: 400;\">Transfeerauto<\/span><\/li>\n<li>L\u00f5unas\u00f6\u00f6k<\/li>\n<li style=\"font-weight: 400;\"><span style=\"font-weight: 400;\">Alkohoolsed joogid<\/span><\/li>\n<li>Kohalik teejuht<\/li>\n<\/ol>\n<p>&nbsp;<\/p>\n<h4><em><strong>V\u00e4ljumine ja tagasip\u00f6\u00f6rdumine<\/strong><\/em><\/h4>\n<p><span style=\"font-weight: 400;\">Reisija saab kohtumispaiga p\u00e4rast broneerimisprotsessi. Ekskursioonid algavad ja l\u00f5ppevad meie kohtumispaikades.<\/span><\/p>\n<p>&nbsp;<\/p>\n<h3>Media Luna Miches (Half-Moon) Natural Pool Half &#8211; Day Pass and Snorkeling<\/h3>\n<h4><b><i>Mida oodata?<\/i><\/b><\/h4>\n<p>&nbsp;<\/p>\n<p>Save your tickets to come with us and visit Half Moon and enjoy a typical lunch in Miches community. This excursion departs Miches enabling the jetty to the west from where we get onboard of modern catamarans and speedboats, those which has the authorized transport licensed to operate in the tourist area. To get to the main pit you have to walk through a maze of water, surrounded by sandbars.<\/p>\n<p>No one can escape after getting to know this water resource with tourist attraction in Miches, being this the only place in the area, where tourists and vacationers can enjoy and bump into the stars and fish of considerable size. It is a place where the water level depends on the horizon of the tides or sea currents, which when it is high becomes deeper and when it is low, the flow of the pool decreases. Being hidden and being its access by the sea, makes it a magical and virgin place, for those who visit it not wanting to leave. Here there are no trees to shelter from the sun, but the water is cold by cradling or rocking trade winds in the area. It can be summarized that it is a natural lagoon in the Atlantic Ocean, which owes its name to that observed from above resembles a crescent.<\/p>\n<p>The locals also call it as Cayo de la Media Luna, formed by coral reefs and white sand, of crystalline water dotted everywhere to break natural waves, which calm its waters. When the tide is stable its depth does not exceed three feet, which makes children and adults enjoy this heavenly place of saltwater.<\/p>\n<p><strong>Ajakava:<\/strong><\/p>\n<p>8:45 AM &#8211; 1:30 PM<\/p>\n<p>&nbsp;<\/p>\n<h4><em><strong>Mida peaksite kaasa v\u00f5tma?<\/strong><\/em><\/h4>\n<ul>\n<li style=\"font-weight: 400;\"><span style=\"font-weight: 400;\">Kaamera<\/span><\/li>\n<li style=\"font-weight: 400;\"><span style=\"font-weight: 400;\">Repellentne pungad<\/span><\/li>\n<li style=\"font-weight: 400;\"><span style=\"font-weight: 400;\">p\u00e4ikesekreem<\/span><\/li>\n<li style=\"font-weight: 400;\"><span style=\"font-weight: 400;\">M\u00fctsike<\/span><\/li>\n<li style=\"font-weight: 400;\"><span style=\"font-weight: 400;\">Mugavad p\u00fcksid<\/span><\/li>\n<li style=\"font-weight: 400;\"><span style=\"font-weight: 400;\">Matkakingad metsa jaoks<\/span><\/li>\n<li style=\"font-weight: 400;\"><span style=\"font-weight: 400;\">Sandaalid rannas<\/span><\/li>\n<li style=\"font-weight: 400;\"><span style=\"font-weight: 400;\">Ujumisriided<\/span><\/li>\n<li>Sularaha suveniiride ostmiseks<\/li>\n<\/ul>\n<p>&nbsp;<\/p>\n<h4><b><i>Hotelli pealev\u00f5tmine <\/i><\/b><\/h4>\n<p><span style=\"font-weight: 400;\">Selle ekskursiooni puhul ei pakuta hotelli pealev\u00f5tmist. <\/span><\/p>\n<p>&nbsp;<\/p>\n<p><b>M\u00e4rkus:<\/b><span style=\"font-weight: 400;\"> kui te broneerite 24 tunni jooksul enne ekskursiooni \/ ekskursiooni v\u00e4ljumise aega, saame korraldada hotelli pealev\u00f5tmise lisatasu eest. Kui teie ost on tehtud, saadame teile t\u00e4ieliku kontaktinformatsiooni (telefoninumber, e-posti aadress jne.) meie kohaliku reisijuhi jaoks, et korraldada pealev\u00f5tmine.<\/span><\/p>\n<h4><b><i>Lisainfo Kinnitus <\/i><\/b><\/h4>\n<ol>\n<li>Piletid on kviitung p\u00e4rast selle Touri maksmist. V\u00f5ite n\u00e4idata makse oma telefonis.<\/li>\n<li style=\"font-weight: 400;\"><span style=\"font-weight: 400;\">Kohtumispaik saadakse p\u00e4rast broneerimisprotsessi.<\/span><\/li>\n<li style=\"font-weight: 400;\"><span style=\"font-weight: 400;\">Lastel peab olema kaasas t\u00e4iskasvanu.<\/span><\/li>\n<li style=\"font-weight: 400;\"><span style=\"font-weight: 400;\">ligip\u00e4\u00e4setav ratastooliga <\/span><\/li>\n<li style=\"font-weight: 400;\"><span style=\"font-weight: 400;\">Imikud peavad istuma s\u00fcles <\/span><\/li>\n<li style=\"font-weight: 400;\"><span style=\"font-weight: 400;\">Enamik reisijaid saab osaleda<\/span><\/li>\n<\/ol>\n<h4><b><i>T\u00fchistamispoliitika<\/i><\/b><\/h4>\n<p><span style=\"font-weight: 400;\">T\u00e4ieliku h\u00fcvitise saamiseks t\u00fchistage reis v\u00e4hemalt 24 tundi enne kogemuse alguskuup\u00e4eva.<\/span><\/p>\n\n\t\t<\/div>\n\t<\/div>\n<\/div><\/div><\/div><\/div><div class=\"vc_row wpb_row vc_row-fluid\" ><\/div><div class=\"wpb_column vc_column_container vc_col-sm-12\"><div class=\"vc_column-inner\"><div class=\"wpb_wrapper\"><\/div><\/div><\/div><div class=\"vc_empty_space\"   style=\"height: 32px\"><span class=\"vc_empty_space_inner\"><\/span><\/div>\n\t<div class=\"wpb_text_column wpb_content_element\" >\n\t\t<div class=\"wpb_wrapper\">\n\t\t\t\n\t\t<\/div>\n\t<\/div>\n<h4>V\u00f5tke meiega \u00fchendust?<\/h4>\n<h5><em><strong>Seikluste broneerimine<\/strong><\/em><\/h5>\n<p><em><strong><span style=\"vertical-align: inherit;\"><span style=\"vertical-align: inherit;\">Locales<\/span><\/span><\/strong> ja <strong>Rahvuslased<\/strong> Reisijuhid ja k\u00fclaliste teenindus<\/em><\/p>\n<p><span class=\"text-turquoise\">Broneeringud:<\/span> Ekskursioonid ja ekskursioonid Dom. Rep.<\/p>\n<p><img decoding=\"async\" class=\"emoji\" draggable=\"false\" src=\"https:\/\/s.w.org\/images\/core\/emoji\/11.2.0\/svg\/1f4de.svg\" alt=\"\ud83d\udcde\" \/><span style=\"vertical-align: inherit;\"><span style=\"vertical-align: inherit;\">Tel \/ Whatsapp\u00a0 <\/span><\/span><a href=\"tel:+1-809-720-6035\"><span style=\"vertical-align: inherit;\"><span style=\"vertical-align: inherit;\">+ 1-809-720-6035<\/span><\/span><\/a>.<\/p>\n<p><img decoding=\"async\" class=\"emoji\" draggable=\"false\" src=\"https:\/\/s.w.org\/images\/core\/emoji\/11.2.0\/svg\/1f4e9.svg\" alt=\"\ud83d\udce9\" \/> <a href=\"mailto:info@dominican-republic-hotels.com\">info@dominican-republic-hotels.com<\/a><\/p>\n<p><strong><span style=\"vertical-align: inherit;\"><span style=\"vertical-align: inherit;\">Somos tours privados de configuraci\u00f3n flexible por Whatsapp: <\/span><\/span><a href=\"tel:+18097206035\"><span style=\"vertical-align: inherit;\"><span style=\"vertical-align: inherit;\">+18097206035. <\/span><\/span><\/a><\/strong><span style=\"vertical-align: inherit;\"><span style=\"vertical-align: inherit;\">[\/ vc_column_text] <div class=\"vc_empty_space\"   style=\"height: 32px\"><span class=\"vc_empty_space_inner\"><\/span><\/div> [\/ vc_column] [\/ vc_row] <div class=\"vc_row wpb_row vc_row-fluid\" ><\/div> <div class=\"wpb_column vc_column_container vc_col-sm-12\"><div class=\"vc_column-inner\"><div class=\"wpb_wrapper\"><\/div><\/div><\/div> [columnas de productos = &#8220;3&#8221; orderby = &#8220;title&#8221; order = &#8220;&#8221; ids = &#8220;&#8221;] [\/ vc_column] [\/ vc_row]<\/span><\/span><\/p>","protected":false},"excerpt":{"rendered":"<p><span style=\"vertical-align: inherit;\"><span style=\"vertical-align: inherit;\">Media Luna Miches (Media Luna) Pase de medio d\u00eda y snorkel en la piscina natural. <\/span><span style=\"vertical-align: inherit;\">Visitar la bah\u00eda de Saman\u00e1 desde Miches con lugare\u00f1os y nadar en el medio de la bah\u00eda de Saman\u00e1. <\/span><span style=\"vertical-align: inherit;\">Peque\u00f1as \u00e1reas de arrecifes de coral para explorar y hacer snorkel. <\/span><span style=\"vertical-align: inherit;\">Media Luna es una Nueva Atracci\u00f3n en Rep\u00fablica Dominicana.<\/span><\/span><\/p>\n<p><em><strong><span style=\"vertical-align: inherit;\"><span style=\"vertical-align: inherit;\">Seleccione la fecha del Tour:<\/span><\/span><\/strong><\/em><\/p>","protected":false},"featured_media":13293,"template":"","meta":[],"product_brand":[],"product_cat":[744,297,550,321,322,323],"product_tag":[340,491,497,332,551,552,549,553,554,555,556,344,349,350,345,557,558],"class_list":{"0":"post-13983","1":"product","2":"type-product","3":"status-publish","4":"has-post-thumbnail","6":"product_cat-1-samana","7":"product_cat-local-tour-guides","8":"product_cat-media-luna-miches","9":"product_cat-tours-and-excursions","10":"product_cat-tours-excursions-los-haitises-national-park","11":"product_cat-tours-excursions-samana-bay-dominican-republic","12":"product_tag-beach-time","13":"product_tag-cayo-arena","14":"product_tag-cayo-arena-samana","15":"product_tag-locals-guides","16":"product_tag-media-luna-el-seibo","17":"product_tag-media-luna-in-miches","18":"product_tag-media-luna-miches","19":"product_tag-media-luna-snorkeling","20":"product_tag-miches-hoteles","21":"product_tag-miches-montana-redonda","22":"product_tag-playa-esmeralda-miches","23":"product_tag-samana","24":"product_tag-samana-bay","25":"product_tag-samana-excursions","26":"product_tag-samana-tours","27":"product_tag-snorkeling","28":"product_tag-snorkeling-miches-media-luna","30":"first","31":"instock","32":"sale","33":"featured","34":"sold-individually","35":"shipping-taxable","36":"purchasable","37":"product-type-simple"},"_links":{"self":[{"href":"https:\/\/dominican-republic-hotels.com\/et\/wp-json\/wp\/v2\/product\/13983","targetHints":{"allow":["GET"]}}],"collection":[{"href":"https:\/\/dominican-republic-hotels.com\/et\/wp-json\/wp\/v2\/product"}],"about":[{"href":"https:\/\/dominican-republic-hotels.com\/et\/wp-json\/wp\/v2\/types\/product"}],"wp:featuredmedia":[{"embeddable":true,"href":"https:\/\/dominican-republic-hotels.com\/et\/wp-json\/wp\/v2\/media\/13293"}],"wp:attachment":[{"href":"https:\/\/dominican-republic-hotels.com\/et\/wp-json\/wp\/v2\/media?parent=13983"}],"wp:term":[{"taxonomy":"product_brand","embeddable":true,"href":"https:\/\/dominican-republic-hotels.com\/et\/wp-json\/wp\/v2\/product_brand?post=13983"},{"taxonomy":"product_cat","embeddable":true,"href":"https:\/\/dominican-republic-hotels.com\/et\/wp-json\/wp\/v2\/product_cat?post=13983"},{"taxonomy":"product_tag","embeddable":true,"href":"https:\/\/dominican-republic-hotels.com\/et\/wp-json\/wp\/v2\/product_tag?post=13983"}],"curies":[{"name":"wp","href":"https:\/\/api.w.org\/{rel}","templated":true}]}}