{"id":26010,"date":"2025-09-09T10:12:45","date_gmt":"2025-09-09T10:12:45","guid":{"rendered":"https:\/\/dominican-republic-hotels.com\/?post_type=product&#038;p=26010"},"modified":"2025-09-09T10:15:02","modified_gmt":"2025-09-09T10:15:02","slug":"pivate-boat-saona-island-day-trip-with-snorkeling-and-lunch","status":"publish","type":"product","link":"https:\/\/dominican-republic-hotels.com\/es\/dominicantour\/pivate-boat-saona-island-day-trip-with-snorkeling-and-lunch\/","title":{"rendered":"Pivate boat Saona Island Day Trip with Snorkeling and Lunch"},"content":{"rendered":"<p>Pivate boat Saona Island Day Trip with Snorkeling and Lunch<\/p>\n<p>Discover the natural beauty of Saona Island on a full-day tour from Bayahibe. Enjoy a buffet lunch, snorkel in the Caribbean Sea, and take a dip in the natural pool at Palmilla.<\/p>\n<p>After being picked up from your hotel, head to the port in Bayahibe, where your boat will be waiting. On the way to the island, enjoy the stunning colors of the Caribbean Sea and the wild coastline of Cotubanam\u00e1 National Park, as well as the rocky shores of El Pe\u00f1\u00f3n.<\/p>\n<p>Before disembarking on the island, stop at Catuano, where you&#8217;ll have the opportunity to snorkel and explore the vibrant underwater world near the island, rich with fish and other marine life. Private boat Saona Island Day Trip with Snorkeling and Lunch.<\/p>\n<p>On Saona Island, fall in love with this tropical paradise, with its palm groves and pristine white beaches. Bask in the sun on the beach, or relax in the shade of Caribbean palms, stroll along the shore, snap countless photos, indulge in a massage, and enjoy Pi\u00f1a Coladas or cocktails from the complimentary bar. Private boat Saona Island Day Trip with Snorkeling and Lunch.<\/p>\n<p>Enjoy a traditional Dominican buffet with a BBQ grill, seafood, and wine for lunch. After lunch, unwind and relax. Explore the mangrove areas in the National Park of the East, where it&#8217;s common to spot turtles.<\/p>\n<p>Next, stop at Palmilla, a natural pool famously known for its Dominican starfish, where you can take incredibly cool photos, and the team will assist you in capturing them. After an eventful day, return to the port and then to your hotel.<\/p>","protected":false},"excerpt":{"rendered":"<div data-track=\"overview\" data-v-83a2b402=\"\">\n<section id=\"activity-overview\" class=\"activity-overview\" data-component=\"overview\" data-v-83a2b402=\"\" data-v-f3236c42=\"\">\n<p class=\"activity-overview__content\" data-test-id=\"activity-overview-content\" data-v-f3236c42=\"\">Discover the beauty of Saona Island on a day trip with your own boat. Enjoy a boat ride to the island, snorkel in the crystal-clear waters, and relax on the beach.<\/p>\n<\/section>\n<\/div>\n<div data-track=\"key-details\" data-v-83a2b402=\"\"><\/div>","protected":false},"featured_media":26083,"template":"","meta":[],"product_brand":[],"product_cat":[901,430],"product_tag":[330,902],"class_list":{"0":"post-26010","1":"product","2":"type-product","3":"status-publish","4":"has-post-thumbnail","6":"product_cat-dominican-republic","7":"product_cat-saona-island","8":"product_tag-excursion","9":"product_tag-tour","11":"first","12":"instock","13":"sale","14":"shipping-taxable","15":"product-type-external"},"_links":{"self":[{"href":"https:\/\/dominican-republic-hotels.com\/es\/wp-json\/wp\/v2\/product\/26010","targetHints":{"allow":["GET"]}}],"collection":[{"href":"https:\/\/dominican-republic-hotels.com\/es\/wp-json\/wp\/v2\/product"}],"about":[{"href":"https:\/\/dominican-republic-hotels.com\/es\/wp-json\/wp\/v2\/types\/product"}],"wp:featuredmedia":[{"embeddable":true,"href":"https:\/\/dominican-republic-hotels.com\/es\/wp-json\/wp\/v2\/media\/26083"}],"wp:attachment":[{"href":"https:\/\/dominican-republic-hotels.com\/es\/wp-json\/wp\/v2\/media?parent=26010"}],"wp:term":[{"taxonomy":"product_brand","embeddable":true,"href":"https:\/\/dominican-republic-hotels.com\/es\/wp-json\/wp\/v2\/product_brand?post=26010"},{"taxonomy":"product_cat","embeddable":true,"href":"https:\/\/dominican-republic-hotels.com\/es\/wp-json\/wp\/v2\/product_cat?post=26010"},{"taxonomy":"product_tag","embeddable":true,"href":"https:\/\/dominican-republic-hotels.com\/es\/wp-json\/wp\/v2\/product_tag?post=26010"}],"curies":[{"name":"wp","href":"https:\/\/api.w.org\/{rel}","templated":true}]}}