{"id":13972,"date":"2021-11-25T10:25:56","date_gmt":"2021-11-25T10:25:56","guid":{"rendered":"https:\/\/dominican-republic-hotels.com\/?post_type=product&#038;p=13972"},"modified":"2021-11-25T10:26:10","modified_gmt":"2021-11-25T10:26:10","slug":"private-tour-samana-whale-watching-cayo-levantado-bacardi-island-from-samana-port","status":"publish","type":"product","link":"https:\/\/dominican-republic-hotels.com\/es\/dominicantour\/private-tour-samana-whale-watching-cayo-levantado-bacardi-island-from-samana-port\/","title":{"rendered":"Excursi\u00f3n Privada Saman\u00e1 Whale Watching + Cayo Levantado (Isla Bacardi) desde el Puerto de Saman\u00e1"},"content":{"rendered":"<div class=\"vc_row wpb_row vc_row-fluid\" ><div class=\"wpb_column vc_column_container vc_col-sm-12\"><div class=\"vc_column-inner\"><div class=\"wpb_wrapper\"><div class=\"vc_empty_space\"   style=\"height: 32px\"><span class=\"vc_empty_space_inner\"><\/span><\/div><div class=\"mkdf-section-title-holder\" style=\"text-align: left\">\n\t<div class=\"mkdf-st-inner\">\n\t\t\t\t\t<h5 class=\"mkdf-st-subtitle\" >\n\t\t\t\tFrom Saman\u00e1 port Private Boat Tour\t\t\t<\/h5>\n\t\t\t\t\t\t\t<h3 class=\"mkdf-st-title\" >\n\t\t\t\tSamana Cayo Levantado + Whale Watching\t\t\t<\/h3>\n\t\t\t\t\t<\/div>\n<\/div><div class=\"vc_message_box vc_message_box-standard vc_message_box-rounded vc_color-info\" ><div class=\"vc_message_box-icon\"><i class=\"fas fa-info-circle\"><\/i><\/div><p>This is a Private Tour Minimum 4 People. To Book same trip in Catamaran Groups <a href=\"https:\/\/www.ticketswhales.com\/Tours-Excursions\/tours-and-excursions\/samana-whale-watching-cayo-levantado\/\" target=\"_blank\" rel=\"noopener\">Haga clic aqu\u00ed.<\/a><\/p>\n<p>If you are less than 4 People\u00a0 and will like Private Contact us.<\/p>\n<\/div><div class=\"vc_empty_space\"   style=\"height: 32px\"><span class=\"vc_empty_space_inner\"><\/span><\/div><\/div><\/div><\/div><\/div><div class=\"vc_row wpb_row vc_row-fluid\" ><div class=\"wpb_column vc_column_container vc_col-sm-12\"><div class=\"vc_column-inner\"><div class=\"wpb_wrapper\">\n\t<div class=\"wpb_text_column wpb_content_element\" >\n\t\t<div class=\"wpb_wrapper\">\n\t\t\t<div class=\"vc_row wpb_row vc_row-fluid\">\n<div class=\"wpb_column vc_column_container vc_col-sm-12\">\n<div class=\"vc_column-inner\">\n<div class=\"wpb_wrapper\">\n<div class=\"wpb_text_column wpb_content_element\">\n<div class=\"wpb_wrapper\">\n<div class=\"vc_row wpb_row vc_row-fluid\">\n<div class=\"wpb_column vc_column_container vc_col-sm-12\">\n<div class=\"vc_column-inner\">\n<div class=\"wpb_wrapper\">\n<div class=\"wpb_text_column wpb_content_element\">\n<div class=\"wpb_wrapper\">\n<h4><b><i>Visi\u00f3n general<img decoding=\"async\" class=\"emoji\" draggable=\"false\" src=\"https:\/\/s.w.org\/images\/core\/emoji\/12.0.0-1\/svg\/1f433.svg\" alt=\"\ud83d\udc33\" \/><\/i><\/b><\/h4>\n<p><strong>Avoid big groups of tourists<\/strong>\u00a0and make your Whale watching in Saman\u00e1 bay starting from Saman\u00e1 port in a private Boat. This Trip starts at 9:00 Am and Finishes at 5:00 Pm. But because it will be a private trip you may set the time for starting and to finish. Meeting before in Our Office next to the Royal Restaurant. After aborting our Boat to visit the Whales in their own habitat.\u00a0 Our Captains are trained to make sure that you see whales.<\/p>\n<p>From 9:00 Am until 12:00-noon Whale watching observatory and After this Whale trip we will visit Bacardi Island \/ Cayo Levantado. In Bacardi Island, Lunch Buffet from typical Dominican Style will be provided (Rice, Beans, Fish, Salads\u2026). When lunch is finished you are allowed to swim until 4:30 pm. Tour will be finished at 5:00 pm at the same port from where it will start.<\/p>\n<p><strong>Nota:<\/strong>\u00a0This tour is Private. (Just you and Family or friends on board with Captain and Tour Guide).<\/p>\n<ul>\n<li>Excursi\u00f3n de avistamiento de cet\u00e1ceos<\/li>\n<li>Entradas al Observatorio<\/li>\n<li>Incluye almuerzo buffet en la playa<\/li>\n<li>Traslado en barco<\/li>\n<li>El Capit\u00e1n proporciona instrucci\u00f3n y supervisi\u00f3n<\/li>\n<li>Gu\u00eda tur\u00edstica<\/li>\n<\/ul>\n<p>&nbsp;<\/p>\n<h4><b>Inclusiones y exclusiones<\/b><\/h4>\n<p>&nbsp;<\/p>\n<p><b>Incluye<\/b><\/p>\n<p>&nbsp;<\/p>\n<ol>\n<li>Almuerzo buffet en la playa<\/li>\n<li>Gu\u00eda tur\u00edstica<\/li>\n<li>Excursi\u00f3n en catamar\u00e1n o barco<\/li>\n<li>Todos los impuestos, tasas y gastos de tramitaci\u00f3n<\/li>\n<li>Impuestos locales<\/li>\n<li>Bebidas<\/li>\n<\/ol>\n<p><b>Exclusiones<\/b><\/p>\n<ol>\n<li>Propinas<\/li>\n<li>Coche de traslado<\/li>\n<li>Bebidas alcoh\u00f3licas<\/li>\n<\/ol>\n<p>&nbsp;<\/p>\n<h4><em><strong>Salida y regreso<\/strong><\/em><\/h4>\n<p>El viajero obtendr\u00e1 un punto de encuentro tras el proceso de reserva. Los tours comienzan y terminan en nuestros puntos de encuentro.<\/p>\n<p>&nbsp;<\/p>\n<h4><b><i>\u00bfQu\u00e9 esperar?<\/i><\/b><\/h4>\n<p>&nbsp;<\/p>\n<p><em><strong>Consigue tus entradas<\/strong><\/em>\u00a0for a day Whale Watching private tour in Saman\u00e1 bay plus a wonderful lunch and beach time at Bacardi Island.<\/p>\n<p>The Daypass for whale watching, organized by \u201cBooking Adventures\u201d starts at the meeting point set with the Tour Guide. Lunch at the beach and you can stay as long as you want swimming around. If you are Vegan we also can set some food for you.<\/p>\n<p><strong>Horario:<\/strong><\/p>\n<p>8:45 AM \u2013 5:00 PM<\/p>\n<p>&nbsp;<\/p>\n<h4><em><strong>\u00bfQu\u00e9 debe llevar?<\/strong><\/em><\/h4>\n<ul>\n<li>C\u00e1mara<\/li>\n<li>Brotes repelentes<\/li>\n<li>crema solar<\/li>\n<li>Sombrero<\/li>\n<li>Pantalones c\u00f3modos<\/li>\n<li>Sandalias a la playa<\/li>\n<li>Ropa de ba\u00f1o<\/li>\n<li>Dinero para souvenirs<\/li>\n<\/ul>\n<p>&nbsp;<\/p>\n<h4><b><i>Recogida en el hotel<\/i><\/b><\/h4>\n<p>Para esta excursi\u00f3n no se ofrece recogida en el hotel.<\/p>\n<p>&nbsp;<\/p>\n<p><b>Nota:<\/b>\u00a0si realiza la reserva dentro de las 24 horas anteriores a la hora de salida del tour\/excursi\u00f3n, podemos organizar la recogida en el hotel con cargo adicional. Una vez realizada la compra, le enviaremos toda la informaci\u00f3n de contacto (n\u00famero de tel\u00e9fono, direcci\u00f3n de correo electr\u00f3nico, etc.) para que nuestro gu\u00eda local organice la recogida.<\/p>\n<h4><b><i>Informaci\u00f3n adicional Confirmaci\u00f3n<\/i><\/b><\/h4>\n<ol>\n<li>Las entradas son el recibo despu\u00e9s de pagar este Tour. Puede mostrar el pago en su tel\u00e9fono.<\/li>\n<li>El punto de encuentro se recibir\u00e1 despu\u00e9s del proceso de reserva.<\/li>\n<li>Los ni\u00f1os deben ir acompa\u00f1ados de un adulto.<\/li>\n<li>accesible en silla de ruedas<\/li>\n<li>Los beb\u00e9s deben sentarse en el regazo<\/li>\n<li>La mayor\u00eda de los viajeros pueden participar<\/li>\n<\/ol>\n<h4><b><i>Pol\u00edtica de cancelaci\u00f3n<\/i><\/b><\/h4>\n<p>Para obtener un reembolso completo, cancele la reserva al menos 24 horas antes de la fecha de inicio de la experiencia.<\/p>\n<\/div>\n<\/div>\n<\/div>\n<\/div>\n<\/div>\n<\/div>\n<\/div>\n<\/div>\n<\/div>\n<\/div>\n<\/div>\n<\/div>\n<div class=\"vc_row wpb_row vc_row-fluid\">\n<div class=\"wpb_column vc_column_container vc_col-sm-12\">\n<div class=\"vc_column-inner\">\n<div class=\"wpb_wrapper\">\n<div class=\"vc_empty_space\"><\/div>\n<div class=\"wpb_text_column wpb_content_element\">\n<div class=\"wpb_wrapper\">\n<h4>\u00bfContactar con nosotros?<\/h4>\n<h5><b><i>TOUR BALLENAS SAMANA<\/i><\/b><\/h5>\n<p><em><strong>Locales<\/strong>\u00a0y\u00a0<strong>Nacionales<\/strong>\u00a0Gu\u00edas tur\u00edsticos y servicios para hu\u00e9spedes<\/em><\/p>\n<p><span class=\"text-turquoise\">Reservas:<\/span>\u00a0Visitas y excursiones en Dom. Rep. Dom.<\/p>\n<p><img decoding=\"async\" class=\"emoji\" draggable=\"false\" src=\"https:\/\/s.w.org\/images\/core\/emoji\/11.2.0\/svg\/1f4de.svg\" alt=\"\ud83d\udcde\" \/>\u00a0Tel \/ Whatsapp\u00a0\u00a0<a href=\"tel:+1-809-720-6035\">+1-809-720-6035<\/a>.<\/p>\n<p><img decoding=\"async\" class=\"emoji\" draggable=\"false\" src=\"https:\/\/s.w.org\/images\/core\/emoji\/11.2.0\/svg\/1f4e9.svg\" alt=\"\ud83d\udce9\" \/>\u00a0<a href=\"mailto:info@dominican-republic-hotels.com\">info@dominican-republic-hotels.com<\/a><\/p>\n<p><strong>Somos Flexibles Fijando Tours Privados por Whatsapp:\u00a0<a href=\"tel:+18097206035\">+18097206035.<\/a><\/strong><\/p>\n<\/div>\n<\/div>\n<\/div>\n<\/div>\n<\/div>\n<\/div>\n\n\t\t<\/div>\n\t<\/div>\n<\/div><\/div><\/div><\/div>","protected":false},"excerpt":{"rendered":"<p>Private whale watching trip in Samana bay, the Dominican Republic with Locals tours Guides. Feel free to set your time to arrived or to finish the Excursion. Lunch and timing are set by your self. Book Now this excursion in Samana bay for a Good whale watching trip experience.<\/p>\n<p>Note: This tour is a Private Tour with a Minimum Payment. To join a group for whale watching with the same price in Catamaran please\u00a0 <a href=\"https:\/\/www.ticketswhales.com\/Tours-Excursions\/tours-and-excursions\/samana-whale-watching-cayo-levantado\/\">PULSE AQU\u00cd.<\/a><\/p>\n<p>&nbsp;<\/p>\n<p><em><strong>Seleccione la fecha de la excursi\u00f3n:<\/strong><\/em><\/p>","protected":false},"featured_media":13584,"template":"","meta":[],"product_brand":[],"product_cat":[744,323,762,435],"product_tag":[339,364,403,345,480,474,481,437,482,483,439],"class_list":{"0":"post-13972","1":"product","2":"type-product","3":"status-publish","4":"has-post-thumbnail","6":"product_cat-1-samana","7":"product_cat-tours-excursions-samana-bay-dominican-republic","8":"product_cat-whale-watching-private-tours","9":"product_cat-whale-watching-samana","10":"product_tag-bacardi-island","11":"product_tag-cayo-levantado-day-pass","12":"product_tag-private-tours-samana","13":"product_tag-samana-tours","14":"product_tag-samana-whale","15":"product_tag-samana-whale-watching","16":"product_tag-samana-whale-watching-excursions","17":"product_tag-whale-samana","18":"product_tag-whale-watching","19":"product_tag-whale-watching-2020","20":"product_tag-whale-watching-dominican-republic","22":"first","23":"instock","24":"sale","25":"virtual","26":"sold-individually","27":"purchasable","28":"product-type-simple"},"_links":{"self":[{"href":"https:\/\/dominican-republic-hotels.com\/es\/wp-json\/wp\/v2\/product\/13972","targetHints":{"allow":["GET"]}}],"collection":[{"href":"https:\/\/dominican-republic-hotels.com\/es\/wp-json\/wp\/v2\/product"}],"about":[{"href":"https:\/\/dominican-republic-hotels.com\/es\/wp-json\/wp\/v2\/types\/product"}],"wp:featuredmedia":[{"embeddable":true,"href":"https:\/\/dominican-republic-hotels.com\/es\/wp-json\/wp\/v2\/media\/13584"}],"wp:attachment":[{"href":"https:\/\/dominican-republic-hotels.com\/es\/wp-json\/wp\/v2\/media?parent=13972"}],"wp:term":[{"taxonomy":"product_brand","embeddable":true,"href":"https:\/\/dominican-republic-hotels.com\/es\/wp-json\/wp\/v2\/product_brand?post=13972"},{"taxonomy":"product_cat","embeddable":true,"href":"https:\/\/dominican-republic-hotels.com\/es\/wp-json\/wp\/v2\/product_cat?post=13972"},{"taxonomy":"product_tag","embeddable":true,"href":"https:\/\/dominican-republic-hotels.com\/es\/wp-json\/wp\/v2\/product_tag?post=13972"}],"curies":[{"name":"wp","href":"https:\/\/api.w.org\/{rel}","templated":true}]}}