{"id":13964,"date":"2021-11-25T10:25:55","date_gmt":"2021-11-25T10:25:55","guid":{"rendered":"https:\/\/dominican-republic-hotels.com\/?post_type=product&#038;p=13964"},"modified":"2021-11-25T10:26:06","modified_gmt":"2021-11-25T10:26:06","slug":"private-boat-trip-2-hours-hiking-rain-forest-los-haitises","status":"publish","type":"product","link":"https:\/\/dominican-republic-hotels.com\/es\/dominicantour\/private-boat-trip-2-hours-hiking-rain-forest-los-haitises\/","title":{"rendered":"Excursi\u00f3n Privada en Barco y 2 Horas de Senderismo Selva Tropical Los Haitises"},"content":{"rendered":"<div class=\"vc_row wpb_row vc_row-fluid\" ><div class=\"wpb_column vc_column_container vc_col-sm-12\"><div class=\"vc_column-inner\"><div class=\"wpb_wrapper\"><div class=\"mkdf-section-title-holder\" style=\"text-align: left\">\n\t<div class=\"mkdf-st-inner\">\n\t\t\t\t\t<h5 class=\"mkdf-st-subtitle\" >\n\t\t\t\tBosque H\u00famedo + Viaje Normal a Cuevas\t\t\t<\/h5>\n\t\t\t\t\t\t\t<h3 class=\"mkdf-st-title\" >\n\t\t\t\tParque Nacional Los Haitises- Desde Sabana de la Mar + Senderismo 2 Horas\t\t\t<\/h3>\n\t\t\t\t\t<\/div>\n<\/div><\/div><\/div><\/div><\/div><div class=\"vc_row wpb_row vc_row-fluid\" ><div class=\"wpb_column vc_column_container vc_col-sm-12\"><div class=\"vc_column-inner\"><div class=\"wpb_wrapper\">\n\t<div class=\"wpb_text_column wpb_content_element\" >\n\t\t<div class=\"wpb_wrapper\">\n\t\t\t<h4><b><i><span style=\"vertical-align: inherit;\"><span style=\"vertical-align: inherit;\">Visi\u00f3n general <\/span><\/span><\/i><\/b><\/h4>\n<p>Disfrute de una excursi\u00f3n de dos horas por el bosque del Parque Nacional de los Haitises. Aprenda sobre las plantas medicinales y visite los lugares locales.  Despu\u00e9s de visitar <strong>Parque Nacional de Los Haitises<\/strong> de <strong>Sabana de la Mar<\/strong> o <strong>Ca\u00f1o Hondo Hoteles<\/strong> con los locales.<\/p>\n<p>Haremos el senderismo despu\u00e9s del viaje en barco. Un viaje privado normal al Parque Nacional Los Haitises.  Venga con nosotros y visite el parque nacional mas hermoso de Republica Dominicana, Visitando Manglares, 3 Cuevas y la Bahia de San Lorenzo. Esta experiencia puede empezar desde la comunidad de Sabana de la Mar aprendiendo sobre la historia de Sabana de la Mar.<\/p>\n<ul>\n<li>Senderismo de 2 horas por el bosque<\/li>\n<li>Historia de Sabana de la Mar<\/li>\n<li style=\"font-weight: 400;\">Tasas incluidas<\/li>\n<li style=\"font-weight: 400;\"><span style=\"font-weight: 400;\">La gu\u00eda proporciona instrucci\u00f3n y Supervisi\u00f3n<\/span><\/li>\n<li>El almuerzo no est\u00e1 incluido para el almuerzo en Cano Hondo Pick este tour: <a href=\"https:\/\/www.ticketswhales.com\/tour\/los-haitises-national-park-lunch-at-cano-hondo-from-sabana-de-la-mar\/\" target=\"_blank\" rel=\"noopener\">Los Haitises Plus Cano Hondo.<\/a><\/li>\n<\/ul>\n<p>&nbsp;<\/p>\n<h4><b>Inclusiones y exclusiones<\/b><\/h4>\n<p>&nbsp;<\/p>\n<p><b>Incluye<\/b><\/p>\n<ol>\n<li style=\"font-weight: 400;\">Excursi\u00f3n a Los Haitises + Cuevas y Pictograf\u00edas<\/li>\n<li style=\"font-weight: 400;\"><span style=\"font-weight: 400;\">Todos los impuestos, tasas y gastos de tramitaci\u00f3n<\/span><\/li>\n<li style=\"font-weight: 400;\"><span style=\"font-weight: 400;\">Impuestos locales<\/span><\/li>\n<li style=\"font-weight: 400;\"><span style=\"font-weight: 400;\">Todas las actividades<\/span><\/li>\n<li style=\"font-weight: 400;\"><span style=\"font-weight: 400;\">Gu\u00eda local<\/span><\/li>\n<\/ol>\n<p><b> Exclusiones<\/b><\/p>\n<ol>\n<li style=\"font-weight: 400;\"><span style=\"font-weight: 400;\">Propinas<\/span><\/li>\n<li>El almuerzo no est\u00e1 incluido para el almuerzo en Cano Hondo Pick este tour: <a href=\"https:\/\/www.ticketswhales.com\/tour\/los-haitises-national-park-lunch-at-cano-hondo-from-sabana-de-la-mar\/\" target=\"_blank\" rel=\"noopener\">Los Haitises Plus Cano Hondo.<\/a><\/li>\n<li style=\"font-weight: 400;\"><span style=\"font-weight: 400;\">Transferencia<\/span><\/li>\n<li style=\"font-weight: 400;\"><span style=\"font-weight: 400;\">Bebidas alcoh\u00f3licas<\/span><\/li>\n<\/ol>\n<p>&nbsp;<\/p>\n<h4><em><strong>Salida y regreso<\/strong><\/em><\/h4>\n<p><span style=\"font-weight: 400;\">El viajero obtendr\u00e1 un punto de encuentro tras el proceso de reserva. Los tours comienzan y terminan en nuestros puntos de encuentro.<\/span><\/p>\n<p>&nbsp;<\/p>\n<h4><b><i>\u00bfQu\u00e9 esperar?<\/i><\/b><\/h4>\n<p>&nbsp;<\/p>\n<p><em><strong>Consigue tus entradas<\/strong><\/em> para visitar el Parque Nacional Los Haitises con Cuevas, Manglares y la Bah\u00eda de San Lorenzo despu\u00e9s de una caminata de dos horas por el bosque h\u00famedo del Parque Nacional Los Haitises.<\/p>\n<p><strong>Parque Nacional de Los Haitises<\/strong> de <strong>Sabana de la Mar<\/strong> o <strong>Ca\u00d1o Hondo Hoteles<\/strong> con los lugare\u00f1os. El viaje comienza en el puerto principal del Parque Nacional de los Haitises. Este viaje comienza a las 10:00 am con un gu\u00eda local que conoce la historia original sobre el hermoso Parque Nacional.<\/p>\n<p>Saldremos desde el puerto principal del Parque Nacional Los Haitises con el nombre de Ca\u00f1o Hondo en una lancha con chalecos salvavidas. Disfrutaremos del bosque de Manglares Rojos hasta llegar a la Bah\u00eda de San Lorenzo. Peque\u00f1a bah\u00eda hacia la Bah\u00eda de Saman\u00e1. \u00a1Y aqu\u00ed vamos! La primera cosa sorprendente que se puede ver es la enorme colecci\u00f3n de calizas isla de monta\u00f1a llamada Mogotes. en la parte superior de ellos m\u00e1s de 700 especies de plantas y muchas aves de los humedales volando alrededor. M\u00e1s tarde visitando Cuevas con pictograf\u00edas de nuestras comunidades ind\u00edgenas de hace 750 a\u00f1os.<\/p>\n<p>Atraviese los manglares y desembarque en la abierta bah\u00eda de San Lorenzo, desde donde podr\u00e1 fotografiar el agreste paisaje forestal. Mire hacia el agua para divisar <em><strong>Manat\u00edes<\/strong><\/em>crust\u00e1ceos y <em><strong>delfines.<\/strong><\/em><\/p>\n<div class=\"body-description secondary\">\n<p>El nombre del parque nacional procede de sus habitantes originales, los indios ta\u00ednos. En su lengua, \"Haitises\" se traduce como tierras altas o colinas, una referencia a las escarpadas formaciones geol\u00f3gicas con calizas de la costa. Avent\u00farese en las profundidades del parque para explorar cuevas como la <em><strong>Cueva de la Arena<\/strong><\/em> y <strong><em>Cueva de la L\u00ednea.<\/em><\/strong> Las cuevas de la reserva fueron utilizadas como refugio por los indios ta\u00ednos y, m\u00e1s tarde, para ocultar a los piratas. Busque los dibujos de los indios que decoran algunas de las paredes. Despu\u00e9s de visitar el Parque Nacional de Los Haitises nos dirigiremos al Bosque H\u00famedo para realizar una caminata de 2 horas y regresar al punto de partida de nuestro viaje.<\/p>\n<\/div>\n<p>&nbsp;<\/p>\n<h4><em><strong>\u00bfQu\u00e9 debe llevar?<\/strong><\/em><\/h4>\n<ul>\n<li style=\"font-weight: 400;\"><span style=\"font-weight: 400;\">C\u00e1mara<\/span><\/li>\n<li style=\"font-weight: 400;\"><span style=\"font-weight: 400;\">Brotes repelentes<\/span><\/li>\n<li style=\"font-weight: 400;\"><span style=\"font-weight: 400;\">crema solar<\/span><\/li>\n<li style=\"font-weight: 400;\"><span style=\"font-weight: 400;\">Sombrero<\/span><\/li>\n<li style=\"font-weight: 400;\"><span style=\"font-weight: 400;\">Pantalones c\u00f3modos<\/span><\/li>\n<li style=\"font-weight: 400;\"><span style=\"font-weight: 400;\">Zapatos de monta\u00f1a para bosque<\/span><\/li>\n<li style=\"font-weight: 400;\"><span style=\"font-weight: 400;\">Sandalias a las zonas de primavera.<\/span><\/li>\n<li style=\"font-weight: 400;\"><span style=\"font-weight: 400;\">Ropa de ba\u00f1o<\/span><\/li>\n<\/ul>\n<p>&nbsp;<\/p>\n<h4><b><i>Recogida en el hotel <\/i><\/b><\/h4>\n<p><span style=\"font-weight: 400;\">Recogida en el hotel si se encuentra en <a href=\"https:\/\/www.ticketswhales.com\/tour\/los-haitises-national-park-lunch-at-cano-hondo-from-sabana-de-la-mar\/\" target=\"_blank\" rel=\"noopener\">Para\u00edso Cano Hondo<\/a> o <a href=\"https:\/\/www.ticketswhales.com\/tour\/los-haitises-national-park-lunch-at-cano-hondo-from-sabana-de-la-mar\/\" target=\"_blank\" rel=\"noopener\">Hotel Altos Cano Hondo<\/a>. Nuestro punto de encuentro est\u00e1 a 5 minutos a pie de esos hoteles.<\/span><\/p>\n<p>&nbsp;<\/p>\n<p><b>Nota:<\/b><span style=\"font-weight: 400;\"> si reserva dentro de las 24 horas de la hora de salida del tour\/Excursi\u00f3n, podemos organizar la recogida en el hotel con cargos adicionales si no se encuentra en hoteles de Cano Hondo. Una vez que su compra se haya completado, le enviaremos la informaci\u00f3n de contacto completa (n\u00famero de tel\u00e9fono, direcci\u00f3n de correo electr\u00f3nico, etc.) para nuestro gu\u00eda local para organizar los arreglos de recogida.<\/span><\/p>\n<h4><b><i>Informaci\u00f3n adicional Confirmaci\u00f3n <\/i><\/b><\/h4>\n<ol>\n<li>Las entradas son el recibo despu\u00e9s de pagar este Tour. Puede mostrar el pago en su tel\u00e9fono.<\/li>\n<li style=\"font-weight: 400;\"><span style=\"font-weight: 400;\">El punto de encuentro se recibir\u00e1 despu\u00e9s del proceso de reserva.<\/span><\/li>\n<li style=\"font-weight: 400;\"><span style=\"font-weight: 400;\">Los ni\u00f1os deben ir acompa\u00f1ados de un adulto.<\/span><\/li>\n<li style=\"font-weight: 400;\"><span style=\"font-weight: 400;\"> No accesible en silla de ruedas <\/span><\/li>\n<li style=\"font-weight: 400;\"><span style=\"font-weight: 400;\">Los beb\u00e9s deben sentarse en el regazo <\/span><\/li>\n<li style=\"font-weight: 400;\"><span style=\"font-weight: 400;\">No recomendado para viajeros con problemas de espalda<\/span><\/li>\n<li style=\"font-weight: 400;\"><span style=\"font-weight: 400;\">No recomendado para embarazadas <\/span><\/li>\n<li style=\"font-weight: 400;\"><span style=\"font-weight: 400;\"> Sin problemas cardiacos ni otras enfermedades graves <\/span><\/li>\n<li style=\"font-weight: 400;\"><span style=\"font-weight: 400;\">La mayor\u00eda de los viajeros pueden participar<\/span><\/li>\n<\/ol>\n<h4><b><i>Pol\u00edtica de cancelaci\u00f3n<\/i><\/b><\/h4>\n<p><span style=\"font-weight: 400;\">Para obtener un reembolso completo, cancele la reserva al menos 24 horas antes de la fecha de inicio de la experiencia.<\/span><\/p>\n\n\t\t<\/div>\n\t<\/div>\n<\/div><\/div><\/div><\/div><div class=\"vc_row wpb_row vc_row-fluid\" ><div class=\"wpb_column vc_column_container vc_col-sm-12\"><div class=\"vc_column-inner\"><div class=\"wpb_wrapper\"><div class=\"vc_empty_space\"   style=\"height: 32px\"><span class=\"vc_empty_space_inner\"><\/span><\/div>\n\t<div class=\"wpb_video_widget wpb_content_element vc_clearfix   vc_video-aspect-ratio-169 vc_video-el-width-100 vc_video-align-left\" >\n\t\t<div class=\"wpb_wrapper\">\n\t\t\t\n\t\t\t<div class=\"wpb_video_wrapper\"><iframe loading=\"lazy\" title=\"Parque Nacional Los Haitises, Tours y Excursiones Desde Samana o Sabana de la Mar. Reserve Aqu\u00ed:\" src=\"https:\/\/player.vimeo.com\/video\/346508015?h=6e684a1c21&amp;dnt=1&amp;app_id=122963\" width=\"1100\" height=\"619\" frameborder=\"0\" allow=\"autoplay; fullscreen; picture-in-picture\" allowfullscreen><\/iframe><\/div>\n\t\t<\/div>\n\t<\/div>\n<\/div><\/div><\/div><\/div><div class=\"vc_row wpb_row vc_row-fluid\" ><div class=\"wpb_column vc_column_container vc_col-sm-12\"><div class=\"vc_column-inner\"><div class=\"wpb_wrapper\"><div class=\"vc_empty_space\"   style=\"height: 32px\"><span class=\"vc_empty_space_inner\"><\/span><\/div>\n\t<div class=\"wpb_text_column wpb_content_element\" >\n\t\t<div class=\"wpb_wrapper\">\n\t\t\t<h4>\u00bfContactar con nosotros?<\/h4>\n<h5>Reservar Aventuras<\/h5>\n<p><em><strong>Locales<\/strong>\u00a0y\u00a0<strong>Nacionales<\/strong>\u00a0Gu\u00edas tur\u00edsticos y servicios para hu\u00e9spedes<\/em><\/p>\n<p><span class=\"text-turquoise\">Reservas:<\/span>\u00a0Visitas y excursiones en Dom. Rep. Dom.<\/p>\n<p><img decoding=\"async\" class=\"emoji\" draggable=\"false\" src=\"https:\/\/s.w.org\/images\/core\/emoji\/11.2.0\/svg\/1f4de.svg\" alt=\"\ud83d\udcde\" \/>\u00a0Tel \/ Whatsapp\u00a0\u00a0<a href=\"tel:+1-809-720-6035\">+1-809-720-6035<\/a>.<\/p>\n<p><img decoding=\"async\" class=\"emoji\" draggable=\"false\" src=\"https:\/\/s.w.org\/images\/core\/emoji\/11.2.0\/svg\/1f4e9.svg\" alt=\"\ud83d\udce9\" \/>\u00a0<a href=\"mailto:info@dominican-republic-hotels.com\">info@dominican-republic-hotels.com<\/a><\/p>\n<p><strong>Somos Flexibles Fijando Tours Privados por Whatsapp:\u00a0<a href=\"tel:+18097206035\">+18097206035.<\/a><\/strong><\/p>\n\n\t\t<\/div>\n\t<\/div>\n<div class=\"vc_empty_space\"   style=\"height: 32px\"><span class=\"vc_empty_space_inner\"><\/span><\/div><\/div><\/div><\/div><\/div>","protected":false},"excerpt":{"rendered":"<p><span style=\"vertical-align: inherit;\"><span style=\"vertical-align: inherit;\">\u00a1Y aqu\u00ed vamos! <\/span><span style=\"vertical-align: inherit;\">Lo primero que puedes ver es la enorme colecci\u00f3n de isla monta\u00f1osa de piedra caliza llamada Mogotes. <\/span><span style=\"vertical-align: inherit;\">encima de ellos m\u00e1s de 700 especies de plantas y muchas aves de los humedales que vuelan alrededor. <\/span><span style=\"vertical-align: inherit;\">Posteriormente Visitando Cuevas con pictograf\u00edas de nuestras comunidades ind\u00edgenas hace 750 a\u00f1os.<\/span><\/span><\/p>\n<p><span style=\"vertical-align: inherit;\"><span style=\"vertical-align: inherit;\">Adem\u00e1s, este viaje muestra que son los lugares m\u00e1s importantes para visitar en el Parque Nacional Haitises. <\/span><span style=\"vertical-align: inherit;\">Las dos cuevas m\u00e1s visitadas son Line Cave y Sand Cave. <\/span><span style=\"vertical-align: inherit;\">Despu\u00e9s de unas horas visitando este hermoso Parque Nacional con rumbo al bosque h\u00famedo del Parque Nacional Los Haitises, luego de 2 horas de caminata, regresamos al lugar desde donde comenzamos nuestra excursi\u00f3n. <\/span><span style=\"vertical-align: inherit;\">Obtenga sus boletos aqu\u00ed y mu\u00e9vase con los lugare\u00f1os que conocen la historia del Parque Nacional Haitises.<\/span><\/span><\/p>\n<p>&nbsp;<\/p>\n<p><strong><span style=\"vertical-align: inherit;\"><span style=\"vertical-align: inherit;\">Seleccione la fecha para el tour\u00a0<\/span><\/span><\/strong><\/p>","protected":false},"featured_media":12929,"template":"","meta":[],"product_brand":[],"product_cat":[738,739,751,322,323],"product_tag":[381,324,325,329,330,303,424,332,333,413,425,336,426,348,313,427],"class_list":{"0":"post-13964","1":"product","2":"type-product","3":"status-publish","4":"has-post-thumbnail","6":"product_cat-1-sabana-de-la-mar","7":"product_cat-boat-trip-los-haitises","8":"product_cat-hiking-los-haitises","9":"product_cat-tours-excursions-los-haitises-national-park","10":"product_cat-tours-excursions-samana-bay-dominican-republic","11":"product_tag-birding-in-los-haitises","12":"product_tag-boat-tour","13":"product_tag-cano-hondo","14":"product_tag-eco-tours","15":"product_tag-excursion","16":"product_tag-hiking","17":"product_tag-hiking-los-haitises","18":"product_tag-locals-guides","19":"product_tag-los-haitises","20":"product_tag-los-haitises-excursions","21":"product_tag-los-haitises-from-samana","22":"product_tag-los-haitises-national-park-tour","23":"product_tag-los-haitises-sabana-de-la-mar","24":"product_tag-mangroves-los-haitises","25":"product_tag-sabana-de-la-mar","26":"product_tag-trails","28":"first","29":"instock","30":"sale","31":"virtual","32":"sold-individually","33":"purchasable","34":"product-type-simple"},"_links":{"self":[{"href":"https:\/\/dominican-republic-hotels.com\/es\/wp-json\/wp\/v2\/product\/13964","targetHints":{"allow":["GET"]}}],"collection":[{"href":"https:\/\/dominican-republic-hotels.com\/es\/wp-json\/wp\/v2\/product"}],"about":[{"href":"https:\/\/dominican-republic-hotels.com\/es\/wp-json\/wp\/v2\/types\/product"}],"wp:featuredmedia":[{"embeddable":true,"href":"https:\/\/dominican-republic-hotels.com\/es\/wp-json\/wp\/v2\/media\/12929"}],"wp:attachment":[{"href":"https:\/\/dominican-republic-hotels.com\/es\/wp-json\/wp\/v2\/media?parent=13964"}],"wp:term":[{"taxonomy":"product_brand","embeddable":true,"href":"https:\/\/dominican-republic-hotels.com\/es\/wp-json\/wp\/v2\/product_brand?post=13964"},{"taxonomy":"product_cat","embeddable":true,"href":"https:\/\/dominican-republic-hotels.com\/es\/wp-json\/wp\/v2\/product_cat?post=13964"},{"taxonomy":"product_tag","embeddable":true,"href":"https:\/\/dominican-republic-hotels.com\/es\/wp-json\/wp\/v2\/product_tag?post=13964"}],"curies":[{"name":"wp","href":"https:\/\/api.w.org\/{rel}","templated":true}]}}