{"id":31339,"date":"2025-09-09T13:31:22","date_gmt":"2025-09-09T13:31:22","guid":{"rendered":"https:\/\/dominican-republic-hotels.com\/?post_type=product&#038;p=31339"},"modified":"2025-09-09T13:37:03","modified_gmt":"2025-09-09T13:37:03","slug":"punta-cana-historical-and-cultural-tour-half-day-safari","status":"publish","type":"product","link":"https:\/\/dominican-republic-hotels.com\/de\/dominicantour\/punta-cana-historische-und-kulturelle-tour-halbtags-safari\/","title":{"rendered":"Punta Cana: Historical and Cultural Tour Half-Day Safari"},"content":{"rendered":"<p>Este tour le permite ver la &#8216;real&#8217; Rep\u00fablica Dominicana, fuera de los resorts. Elija entre recorridos de medio d\u00eda o de d\u00eda completo a bordo de un cami\u00f3n safari dirigido por un gu\u00eda tur\u00edstico, un conductor y un cantinero.<\/p>\n<p>Este es un Tour de Medio Dia. Recogida y Vuelta en tu hotel o Lugar de Hospedaje.<\/p>\n<p>\u2022 Transporte con Truck Safari<\/p>\n<p>\u2022 Gu\u00eda tur\u00edstico<\/p>\n<p>\u2022 Visita tienda de souvenirs t\u00edpicos y demostraci\u00f3n de puros hechos a mano<\/p>\n<p>\u2022 Vista panor\u00e1mica a escuela<\/p>\n<p>\u2022 Visita a la ciudad de Hig\u00fcey, con vista panor\u00e1mica a la Bas\u00edlica.<\/p>\n<p>\u2022 Caminata dentro del Mercado Local en Hig\u00fcey<\/p>\n<p>\u2022 Visita a las Monta\u00f1as de Hig\u00fcey y llegar al rancho para almorzar Comida Dominicana tipo Buffet.<\/p>\n<p>\u2022 Paseo en el Rio.<\/p>\n<p>\u2022 Visitar\u00e1 una Casa T\u00edpica Dominicana donde podr\u00e1 ver el proceso del Caf\u00e9, Cacao y Frutas, con de gustaci\u00f3n incluida.<\/p>\n<p>\u2022 Paseo a caballo.<\/p>\n<p>\u2022 Visitamos la playa el Macao d\u00f3nde tendr\u00e1 la oportunidad de ba\u00f1arse.<\/p>\n<p>\u2022 Bebidas durante la excursi\u00f3n. (Agua \/ Ron \/ Jugo)<\/p>","protected":false},"excerpt":{"rendered":"<div data-track=\"overview\" data-v-83a2b402=\"\">\n<section id=\"activity-overview\" class=\"activity-overview\" data-component=\"overview\" data-v-83a2b402=\"\" data-v-f3236c42=\"\">\n<p class=\"activity-overview__content\" data-test-id=\"activity-overview-content\" data-v-f3236c42=\"\">Leave the hotel and enjoy true Dominican culture outside the resort. Go beyond the tourist zone of the country to experience the history and culture of the country.<\/p>\n<\/section>\n<\/div>\n<div data-track=\"key-details\" data-v-83a2b402=\"\"><\/div>","protected":false},"featured_media":31460,"template":"","meta":[],"product_brand":[],"product_cat":[901],"product_tag":[330,902],"class_list":{"0":"post-31339","1":"product","2":"type-product","3":"status-publish","4":"has-post-thumbnail","6":"product_cat-dominican-republic","7":"product_tag-excursion","8":"product_tag-tour","10":"first","11":"instock","12":"shipping-taxable","13":"product-type-external"},"_links":{"self":[{"href":"https:\/\/dominican-republic-hotels.com\/de\/wp-json\/wp\/v2\/product\/31339","targetHints":{"allow":["GET"]}}],"collection":[{"href":"https:\/\/dominican-republic-hotels.com\/de\/wp-json\/wp\/v2\/product"}],"about":[{"href":"https:\/\/dominican-republic-hotels.com\/de\/wp-json\/wp\/v2\/types\/product"}],"wp:featuredmedia":[{"embeddable":true,"href":"https:\/\/dominican-republic-hotels.com\/de\/wp-json\/wp\/v2\/media\/31460"}],"wp:attachment":[{"href":"https:\/\/dominican-republic-hotels.com\/de\/wp-json\/wp\/v2\/media?parent=31339"}],"wp:term":[{"taxonomy":"product_brand","embeddable":true,"href":"https:\/\/dominican-republic-hotels.com\/de\/wp-json\/wp\/v2\/product_brand?post=31339"},{"taxonomy":"product_cat","embeddable":true,"href":"https:\/\/dominican-republic-hotels.com\/de\/wp-json\/wp\/v2\/product_cat?post=31339"},{"taxonomy":"product_tag","embeddable":true,"href":"https:\/\/dominican-republic-hotels.com\/de\/wp-json\/wp\/v2\/product_tag?post=31339"}],"curies":[{"name":"wp","href":"https:\/\/api.w.org\/{rel}","templated":true}]}}