{"id":14050,"date":"2021-11-25T10:26:51","date_gmt":"2021-11-25T10:26:51","guid":{"rendered":"https:\/\/dominican-republic-hotels.com\/?post_type=product&#038;p=14050"},"modified":"2021-11-25T10:27:01","modified_gmt":"2021-11-25T10:27:01","slug":"los-haitises-mountain-bike-private-boat-trip-copy","status":"publish","type":"product","link":"https:\/\/dominican-republic-hotels.com\/de\/dominicantour\/los-haitises-mountain-bike-private-boat-trip-copy\/","title":{"rendered":"Los Haitises Mountainbike + private Bootsfahrt (Kopie)"},"content":{"rendered":"<div class=\"vc_row wpb_row vc_row-fluid\" ><div class=\"wpb_column vc_column_container vc_col-sm-12\"><div class=\"vc_column-inner\"><div class=\"wpb_wrapper\"><div class=\"vc_empty_space\"   style=\"height: 32px\"><span class=\"vc_empty_space_inner\"><\/span><\/div><\/div><\/div><\/div><\/div><div class=\"vc_row wpb_row vc_row-fluid\" ><div class=\"wpb_column vc_column_container vc_col-sm-12\"><div class=\"vc_column-inner\"><div class=\"wpb_wrapper\"><div class=\"mkdf-section-title-holder\" style=\"text-align: left\">\n\t<div class=\"mkdf-st-inner\">\n\t\t\t\t\t<h5 class=\"mkdf-st-subtitle\" >\n\t\t\t\tBike,Mangroves, Boat Trip, Caves and More.\t\t\t<\/h5>\n\t\t\t\t\t\t\t<h3 class=\"mkdf-st-title\" >\n\t\t\t\tLos Haitises Mountainbike + private Bootsfahrt \t\t\t<\/h3>\n\t\t\t\t\t<\/div>\n<\/div><\/div><\/div><\/div><\/div><div class=\"vc_row wpb_row vc_row-fluid\" ><div class=\"wpb_column vc_column_container vc_col-sm-12\"><div class=\"vc_column-inner\"><div class=\"wpb_wrapper\"><div class=\"vc_empty_space\"   style=\"height: 32px\"><span class=\"vc_empty_space_inner\"><\/span><\/div><\/div><\/div><\/div><\/div><div class=\"vc_row wpb_row vc_row-fluid\" ><\/div><div class=\"wpb_column vc_column_container vc_col-sm-12\"><div class=\"vc_column-inner\"><div class=\"wpb_wrapper\"><\/div><\/div><\/div>\n\t<div class=\"wpb_text_column wpb_content_element\" >\n\t\t<div class=\"wpb_wrapper\">\n\t\t\t\n\t\t<\/div>\n\t<\/div>\n<h5><strong>\u00dcbersicht<\/strong><\/h5>\n<p><span style=\"font-weight: 400;\">Reisen Sie mit einem lokalen Experten und erhalten Sie die einzigartige Erfahrung des Radfahrens ab Sabana de la Mar, diese Tour wird Sie rund um die sch\u00f6ne Landschaft der Landschaft der Dominikanischen Republik zu sehen. W\u00e4hrend Sie mit dem Fahrrad unterwegs sind, k\u00f6nnen Sie die Bauern gr\u00fc\u00dfen, die mit ihren Pferden oder Motorr\u00e4dern zu ihren Grundst\u00fccken reiten, und w\u00e4hrend der Tour k\u00f6nnen Sie das Abenteuer und die lokale Kultur von Sabana de la Mar kennenlernen. Einige Fakten \u00fcber Los Haitises: ist eine der gr\u00f6\u00dften Kalksteinformation der Welt, ein Ort f\u00fcr die Erhaltung der endemischen Arten, Standort mit der Mehrheit der biologischen Vielfalt der Insel und es ist einer der gr\u00f6\u00dften Mangrovenw\u00e4lder von Quisqueya.<\/span><\/p>\n<p>&nbsp;<\/p>\n<p><strong>Einschl\u00fcsse &amp; Ausschl\u00fcsse<\/strong><\/p>\n<p>&nbsp;<\/p>\n<p><strong>Einschl\u00fcsse<\/strong><\/p>\n<p><span style=\"font-weight: 400;\">Radfahren<\/span><\/p>\n<p><span style=\"font-weight: 400;\">Bootstour <\/span><\/p>\n<p><span style=\"font-weight: 400;\">Imbisse<\/span><\/p>\n<p><span style=\"font-weight: 400;\">1 Wasserflasche\u00a0<\/span><\/p>\n<p><span style=\"font-weight: 400;\">Erste-Hilfe-Kasten\u00a0<\/span><\/p>\n<p><span style=\"font-weight: 400;\">Alle Steuern, Geb\u00fchren und Bearbeitungskosten<\/span><\/p>\n<p><span style=\"font-weight: 400;\">Lokale Steuern<\/span><\/p>\n<p><span style=\"font-weight: 400;\">Beamte \u00d6kologe Reiseleiter Englisch\/Spanisch<\/span><\/p>\n<p>&nbsp;<\/p>\n<p><strong>Ausschl\u00fcsse<\/strong><\/p>\n<p><span style=\"font-weight: 400;\">Trinkgelder<\/span><\/p>\n<p><span style=\"font-weight: 400;\">\u00dcbertragung<\/span><\/p>\n<p><span style=\"font-weight: 400;\">Getr\u00e4nk<\/span><\/p>\n<p><span style=\"font-weight: 400;\">\u00a0<\/span><\/p>\n<p>&nbsp;<\/p>\n<p><span style=\"font-weight: 400;\">Abreise und R\u00fcckkehr<\/span><\/p>\n<p>&nbsp;<\/p>\n<p><span style=\"font-weight: 400;\">Die von \"Booking Adventures\" organisierte Tour beginnt an dem mit dem Reiseleiter vereinbarten Treffpunkt. Der Reisende wird einen Treffpunkt nach der Reservierung erhalten. Die Touren beginnen und enden an unseren Treffpunkten.<\/span><\/p>\n<p>&nbsp;<\/p>\n<p><span style=\"font-weight: 400;\">Was ist zu erwarten?<\/span><\/p>\n<p><span style=\"font-weight: 400;\">Holen Sie sich Ihr Ticket f\u00fcr Rad- und Bootstouren ab Sabana de la Mar\u00a0<\/span><\/p>\n<p>&nbsp;<\/p>\n<p><span style=\"font-weight: 400;\">Diese Exkursion beginnt am Treffpunkt, den Sie mit unserem Reiseb\u00fcro oder Ihrem Tour Tour Guide best\u00e4tigen m\u00fcssen, bevor Sie sich auf den Weg zu einem beliebigen Ort machen. Sobald Sie Ihren Reiseleiter getroffen haben, werden Sie \u00fcber die Tour und alles, was mit Ihrem Tag zusammenh\u00e4ngt, befragt.<\/span><\/p>\n<p>&nbsp;<\/p>\n<p><span style=\"font-weight: 400;\">Wenn alle bereit sind, fahren wir zum Hafen des Nationalparks Los Haitises, wo Sie eine Bootsfahrt auf dem Fluss Cano Hondo beginnen, der in der Bucht von San Lorenzo endet. Dies ist eine kleine Bucht von nur 10 km\u00b2, in der Sie zwei Stunden lang die verschiedenen \u00d6kosysteme von Los Haitises kennenlernen werden.\u00a0<\/span><\/p>\n<p>&nbsp;<\/p>\n<p><span style=\"font-weight: 400;\">W\u00e4hrend dieses Teils Ihrer Reise werden Sie durch den Mangrovenwald navigieren, der mit mehr als 90 km\u00b2 der zweitgr\u00f6\u00dfte der Insel ist, und wenn Sie die Bucht von San Lorenzo erreichen, werden Sie die Halbinsel und Bucht von Samana sehen.\u00a0<\/span><\/p>\n<p>&nbsp;<\/p>\n<p><span style=\"font-weight: 400;\">W\u00e4hrend der Fahrt besteht die M\u00f6glichkeit, Delfine, V\u00f6gel wie den Blaureiher, Graureiher, Kr\u00e4hen, Braunpelikan, K\u00f6nigsseeschwalbe, pr\u00e4chtigen Fregattvogel und die einzigartige Aussicht auf den Nationalpark Los Haitises zu sehen. Nach viereinhalb Stunden Aktivit\u00e4ten im Nationalpark Los Haitises und in der Sabana de la Mar endet dieser Ausflug am selben Ort, an dem er begonnen hat.<\/span><\/p>\n<p>&nbsp;<\/p>\n<p><span style=\"font-weight: 400;\">Hinweis: Diese Touren werden von offiziellen \u00d6kologen gef\u00fchrt. Bitte buchen Sie rechtzeitig, da es im Park nicht allzu viele Spezialisten gibt.<\/span><\/p>\n<p>&nbsp;<\/p>\n<p>&nbsp;<\/p>\n<p><span style=\"font-weight: 400;\">Was sollten Sie mitbringen?<\/span><\/p>\n<ul>\n<li style=\"font-weight: 400;\" aria-level=\"1\"><span style=\"font-weight: 400;\">Kamera<\/span><\/li>\n<li style=\"font-weight: 400;\" aria-level=\"1\"><span style=\"font-weight: 400;\">Absto\u00dfende Knospen<\/span><\/li>\n<li style=\"font-weight: 400;\" aria-level=\"1\"><span style=\"font-weight: 400;\">Sonnencreme<\/span><\/li>\n<li style=\"font-weight: 400;\" aria-level=\"1\"><span style=\"font-weight: 400;\">Hut<\/span><\/li>\n<li style=\"font-weight: 400;\" aria-level=\"1\"><span style=\"font-weight: 400;\">Bequeme Hosen<\/span><\/li>\n<li style=\"font-weight: 400;\" aria-level=\"1\"><span style=\"font-weight: 400;\">Laufschuhe\u00a0<\/span><\/li>\n<li style=\"font-weight: 400;\" aria-level=\"1\"><span style=\"font-weight: 400;\">Sandalen f\u00fcr das Kajakfahren\u00a0<\/span><\/li>\n<li style=\"font-weight: 400;\" aria-level=\"1\"><span style=\"font-weight: 400;\">Schwimmbekleidung<\/span><\/li>\n<li style=\"font-weight: 400;\" aria-level=\"1\"><span style=\"font-weight: 400;\">Handt\u00fccher\u00a0<\/span><\/li>\n<\/ul>\n<p>&nbsp;<\/p>\n<h4><b><i>Hotel Abholung <\/i><\/b><\/h4>\n<p><span style=\"font-weight: 400;\">Eine Abholung vom Hotel wird f\u00fcr diese Tour nicht angeboten. <\/span><\/p>\n<p>&nbsp;<\/p>\n<p><b>Anmerkung:<\/b><span style=\"font-weight: 400;\"> Wenn Sie innerhalb von 24 Stunden vor der Abfahrtszeit der Tour\/Exkursion buchen, k\u00f6nnen wir die Abholung vom Hotel gegen Aufpreis organisieren. Sobald Ihr Kauf abgeschlossen ist, senden wir Ihnen die vollst\u00e4ndigen Kontaktdaten (Telefonnummer, E-Mail-Adresse, etc.) f\u00fcr unseren lokalen Reiseleiter, um die Abholung zu organisieren.<\/span><\/p>\n<h4><b><i>Zus\u00e4tzliche Informationen Best\u00e4tigung <\/i><\/b><\/h4>\n<ol>\n<li>Tickets sind die Quittung nach der Zahlung f\u00fcr diese Tour. Sie k\u00f6nnen die Zahlung auf Ihrem Telefon zeigen.<\/li>\n<li style=\"font-weight: 400;\"><span style=\"font-weight: 400;\">Der Treffpunkt wird nach der Reservierung mitgeteilt.<\/span><\/li>\n<li style=\"font-weight: 400;\"><span style=\"font-weight: 400;\">Kinder m\u00fcssen von einem Erwachsenen begleitet werden.<\/span><\/li>\n<li style=\"font-weight: 400;\"><span style=\"font-weight: 400;\"> Nicht rollstuhlgerecht <\/span><\/li>\n<li style=\"font-weight: 400;\"><span style=\"font-weight: 400;\">Kleinkinder m\u00fcssen auf dem Scho\u00df sitzen <\/span><\/li>\n<li style=\"font-weight: 400;\"><span style=\"font-weight: 400;\">Nicht empfohlen f\u00fcr Reisende mit R\u00fcckenproblemen<\/span><\/li>\n<li style=\"font-weight: 400;\"><span style=\"font-weight: 400;\">Nicht empfohlen f\u00fcr schwangere Reisende <\/span><\/li>\n<li style=\"font-weight: 400;\"><span style=\"font-weight: 400;\"> Keine Herzprobleme oder andere ernsthafte medizinische Probleme <\/span><\/li>\n<li style=\"font-weight: 400;\"><span style=\"font-weight: 400;\">Die meisten Reisenden k\u00f6nnen teilnehmen<\/span><\/li>\n<\/ol>\n<h4><b><i>Stornierungspolitik<\/i><\/b><\/h4>\n<p><span style=\"font-weight: 400;\"><span style=\"vertical-align: inherit;\"><span style=\"vertical-align: inherit;\">Para obtener un reembolso completo, cancele al menos 24 horas antes de la fecha de inicio de la experiencia. <\/span><\/span><\/span><span style=\"vertical-align: inherit;\"><span style=\"vertical-align: inherit;\">[\/ vc_column_text] [\/ vc_column] [\/ vc_row] <div class=\"vc_row wpb_row vc_row-fluid\" ><\/div> <div class=\"wpb_column vc_column_container vc_col-sm-12\"><div class=\"vc_column-inner\"><div class=\"wpb_wrapper\"><\/div><\/div><\/div> <div class=\"vc_empty_space\"   style=\"height: 32px\"><span class=\"vc_empty_space_inner\"><\/span><\/div> \n\t<div class=\"wpb_text_column wpb_content_element\" >\n\t\t<div class=\"wpb_wrapper\">\n\t\t\t\n\t\t<\/div>\n\t<\/div>\n<\/span><\/span><\/p>\n<h4><span style=\"vertical-align: inherit;\"><span style=\"vertical-align: inherit;\">\u00bfCont\u00e1ctenos?<\/span><\/span><\/h4>\n<h5><span style=\"vertical-align: inherit;\"><span style=\"vertical-align: inherit;\">Reserven f\u00fcr Erlebnisse<\/span><\/span><\/h5>\n<p><em><span style=\"vertical-align: inherit;\"><span style=\"vertical-align: inherit;\">\u00a0Dienstleistungen f\u00fcr G\u00e4ste und Fremdenf\u00fchrer <\/span><strong><span style=\"vertical-align: inherit;\">Lokale<\/span><\/strong><span style=\"vertical-align: inherit;\"> \u00a0y\u00a0 <\/span><\/span><strong><span style=\"vertical-align: inherit;\"><span style=\"vertical-align: inherit;\">nacionales<\/span><\/span><\/strong><\/em><\/p>\n<p><span class=\"text-turquoise\"><span style=\"vertical-align: inherit;\"><span style=\"vertical-align: inherit;\">Reserven:<\/span><\/span><\/span><span style=\"vertical-align: inherit;\"><span style=\"vertical-align: inherit;\"> \u00a0Tours y Excursiones en Dom. <\/span><span style=\"vertical-align: inherit;\">Repr\u00e4sentanten.<\/span><\/span><\/p>\n<p><img decoding=\"async\" class=\"emoji\" draggable=\"false\" src=\"https:\/\/s.w.org\/images\/core\/emoji\/11.2.0\/svg\/1f4de.svg\" alt=\"\ud83d\udcde\" \/><span style=\"vertical-align: inherit;\"><span style=\"vertical-align: inherit;\">\u00a0Telefon \/ Whatsapp\u00a0\u00a0 <\/span><\/span><a href=\"tel:+1-809-720-6035\"><span style=\"vertical-align: inherit;\"><span style=\"vertical-align: inherit;\">+ 1-809-720-6035<\/span><\/span><\/a><span style=\"vertical-align: inherit;\"><span style=\"vertical-align: inherit;\"> .<\/span><\/span><\/p>\n<p><img decoding=\"async\" class=\"emoji\" draggable=\"false\" src=\"https:\/\/s.w.org\/images\/core\/emoji\/11.2.0\/svg\/1f4e9.svg\" alt=\"\ud83d\udce9\" \/>\u00a0<a href=\"mailto:info@dominican-republic-hotels.com\"><span style=\"vertical-align: inherit;\"><span style=\"vertical-align: inherit;\">info@dominican-republic-hotels.com<\/span><\/span><\/a><\/p>\n<p><strong><span style=\"vertical-align: inherit;\"><span style=\"vertical-align: inherit;\"><span style=\"vertical-align: inherit;\"><span style=\"vertical-align: inherit;\">Wir sind private, flexibel konfigurierbare Touren \u00fcber Whatsapp:\u00a0 <\/span><\/span><\/span><\/span><a href=\"tel:+18097206035\"><span style=\"vertical-align: inherit;\"><span style=\"vertical-align: inherit;\"><span style=\"vertical-align: inherit;\"><span style=\"vertical-align: inherit;\">+18097206035. <\/span><\/span><\/span><\/span><\/a><\/strong><span style=\"vertical-align: inherit;\"><span style=\"vertical-align: inherit;\"><span style=\"vertical-align: inherit;\"><span style=\"vertical-align: inherit;\">[\/ vc_column_text] <div class=\"vc_empty_space\"   style=\"height: 32px\"><span class=\"vc_empty_space_inner\"><\/span><\/div> [\/ vc_column] [\/ vc_row]<\/span><\/span><\/span><\/span><\/p>","protected":false},"excerpt":{"rendered":"<p><span style=\"font-weight: 400;\"><span style=\"vertical-align: inherit;\"><span style=\"vertical-align: inherit;\"><span style=\"vertical-align: inherit;\"><span style=\"vertical-align: inherit;\">Viaje con un experto local y obtenga la experiencia \u00fanica de andar en bicicleta comenzando desde Sabana de la Mar, este tour lo llevar\u00e1 a ver el hermoso paisaje del campo de la Rep\u00fablica Dominicana. <\/span><\/span><\/span><span style=\"vertical-align: inherit;\"><span style=\"vertical-align: inherit;\"><span style=\"vertical-align: inherit;\">\u00a1Mientras andas en bicicleta podr\u00e1s saludar! <\/span><\/span><\/span><span style=\"vertical-align: inherit;\"><span style=\"vertical-align: inherit;\"><span style=\"vertical-align: inherit;\">los agricultores montando sus caballos o motocicletas a su propiedad y durante el recorrido, podr\u00e1 emerger en la aventura y la cultura local de Sabana de la Mar. \u00a1Experiencia \u00fanica en bicicleta de monta\u00f1a!<\/span><\/span><\/span><\/span><\/span><\/p>\n<p>&nbsp;<\/p>\n<p><strong><span style=\"vertical-align: inherit;\"><span style=\"vertical-align: inherit;\"><span style=\"vertical-align: inherit;\"><span style=\"vertical-align: inherit;\">W\u00e4hlen Sie das Datum f\u00fcr die Tour aus:<\/span><\/span><\/span><\/span><\/strong><\/p>","protected":false},"featured_media":13629,"template":"","meta":[],"product_brand":[],"product_cat":[738,739,653,777,696,322,323],"product_tag":[325,327,347,333,335,402,403,313,349,350],"class_list":{"0":"post-14050","1":"product","2":"type-product","3":"status-publish","4":"has-post-thumbnail","6":"product_cat-1-sabana-de-la-mar","7":"product_cat-boat-trip-los-haitises","8":"product_cat-mangroves-projects","9":"product_cat-mountain-bike-los-haitises","10":"product_cat-private-boat-trip-los-haitises","11":"product_cat-tours-excursions-los-haitises-national-park","12":"product_cat-tours-excursions-samana-bay-dominican-republic","13":"product_tag-cano-hondo","14":"product_tag-cano-hondo-hotel","15":"product_tag-day-tour-cano-hondo","16":"product_tag-los-haitises","17":"product_tag-los-haitises-national-park","18":"product_tag-los-haitises-tours","19":"product_tag-private-tours-samana","20":"product_tag-sabana-de-la-mar","21":"product_tag-samana-bay","22":"product_tag-samana-excursions","24":"first","25":"instock","26":"sale","27":"virtual","28":"sold-individually","29":"purchasable","30":"product-type-simple"},"_links":{"self":[{"href":"https:\/\/dominican-republic-hotels.com\/de\/wp-json\/wp\/v2\/product\/14050","targetHints":{"allow":["GET"]}}],"collection":[{"href":"https:\/\/dominican-republic-hotels.com\/de\/wp-json\/wp\/v2\/product"}],"about":[{"href":"https:\/\/dominican-republic-hotels.com\/de\/wp-json\/wp\/v2\/types\/product"}],"wp:featuredmedia":[{"embeddable":true,"href":"https:\/\/dominican-republic-hotels.com\/de\/wp-json\/wp\/v2\/media\/13629"}],"wp:attachment":[{"href":"https:\/\/dominican-republic-hotels.com\/de\/wp-json\/wp\/v2\/media?parent=14050"}],"wp:term":[{"taxonomy":"product_brand","embeddable":true,"href":"https:\/\/dominican-republic-hotels.com\/de\/wp-json\/wp\/v2\/product_brand?post=14050"},{"taxonomy":"product_cat","embeddable":true,"href":"https:\/\/dominican-republic-hotels.com\/de\/wp-json\/wp\/v2\/product_cat?post=14050"},{"taxonomy":"product_tag","embeddable":true,"href":"https:\/\/dominican-republic-hotels.com\/de\/wp-json\/wp\/v2\/product_tag?post=14050"}],"curies":[{"name":"wp","href":"https:\/\/api.w.org\/{rel}","templated":true}]}}