{"id":14037,"date":"2021-11-25T10:26:51","date_gmt":"2021-11-25T10:26:51","guid":{"rendered":"https:\/\/dominican-republic-hotels.com\/?post_type=product&#038;p=14037"},"modified":"2021-11-25T10:26:53","modified_gmt":"2021-11-25T10:26:53","slug":"los-haitises-kayaking-boat-trip-caves-and-swimming-at-private-beach-all-in-one","status":"publish","type":"product","link":"https:\/\/dominican-republic-hotels.com\/de\/dominicantour\/los-haitises-kayaking-boat-trip-caves-and-swimming-at-private-beach-all-in-one\/","title":{"rendered":"Los Haitises Kajakfahren + Bootsfahrt + H\u00f6hlen und Schwimmen am Privatstrand (alles in einem)."},"content":{"rendered":"<div class=\"vc_row wpb_row vc_row-fluid\" ><div class=\"wpb_column vc_column_container vc_col-sm-12\"><div class=\"vc_column-inner\"><div class=\"wpb_wrapper\">\n\t<div class=\"wpb_text_column wpb_content_element\" >\n\t\t<div class=\"wpb_wrapper\">\n\t\t\t<h4><b><i>\u00dcbersicht <\/i><\/b><\/h4>\n<p><span style=\"font-weight: 400;\">Escape the city to immerse yourself in the ecotourism of the province of Hato Mayor, the first ecotourism province of the Dominican Republic. Come with us and enjoy the fresh waters of one of the unexplored beaches of Los Haitises, where San Lorenzo Bay is located. The place is accessible by boat, surrounded by rainforest and mangrove forest. While you are navigating you will get in contact with nature and the unforgettable landscape of this national park. This tour will be a mix of kayaking, boating, visiting one cave, and swimming in one of the most important national parks of the country, here is the majority of the Biodiversity of the island, and the second-largest mangrove forest with more than 98 km2.\u00a0<\/span><\/p>\n<p>&nbsp;<\/p>\n<p><span style=\"font-weight: 400;\">Our local and expert staff will make sure you really get to know the Tainos culture, their history in Los Haitises, and their connection with nature. This tour is in ecotourism mode where the community gets to play a very important role, they are guides, captain boats, and drivers.<\/span><\/p>\n<p>&nbsp;<\/p>\n<p><span style=\"font-weight: 400;\">Booking Adventure&#8217;s priority is to make sure you get the best of the best, from the moment you buy the ticket until you finish your trip. Our tours are focused on environmental education, adventure, and local history and during this trip, you\u2019ll get to see a little bit of everything.\u00a0<\/span><\/p>\n<h3><span style=\"font-weight: 400;\">Einschl\u00fcsse &amp; Ausschl\u00fcsse<\/span><\/h3>\n<h6><strong>Einschl\u00fcsse<\/strong><\/h6>\n<ul>\n<li><span style=\"font-weight: 400;\">Boat and Captain\u00a0<\/span><\/li>\n<li><span style=\"font-weight: 400;\">Kayaks\u00a0<\/span><\/li>\n<li><span style=\"font-weight: 400;\">Snacks, (water, fruits, Sandwiches, and soda)<\/span><\/li>\n<li><span style=\"font-weight: 400;\">Alle Steuern, Geb\u00fchren und Bearbeitungskosten<\/span><\/li>\n<li><span style=\"font-weight: 400;\">Lokale Steuern<\/span><\/li>\n<li><span style=\"font-weight: 400;\">Beamte \u00d6kologe Reiseleiter Englisch\/Spanisch<\/span><\/li>\n<li><span style=\"font-weight: 400;\">Swimming Natural Pools and unexplored Beach\u00a0<\/span><\/li>\n<li><span style=\"font-weight: 400;\">One Cave\u00a0<\/span><\/li>\n<\/ul>\n<p>&nbsp;<\/p>\n<h6><strong>Ausschl\u00fcsse<\/strong><\/h6>\n<p>&nbsp;<\/p>\n<ul>\n<li><span style=\"font-weight: 400;\">Trinkgelder<\/span><\/li>\n<li><span style=\"font-weight: 400;\">Getr\u00e4nk<\/span><\/li>\n<li><span style=\"font-weight: 400;\">\u00dcbertragung\u00a0<\/span><\/li>\n<\/ul>\n<p><span style=\"font-weight: 400;\">\u00a0<\/span><\/p>\n<h6><strong>Abreise und R\u00fcckkehr<\/strong><\/h6>\n<p>&nbsp;<\/p>\n<p><span style=\"font-weight: 400;\">The tour, organized by \u201cBooking Adventures\u201d starts at the meeting point set with the Tour Guide or Staff member. The traveler will get a meeting point after the Reservation Process. Tours start and Finish at our meeting points.<\/span><\/p>\n<h2>Los Haitises Kayaking + Boat Trip + Caves and Swimming Beach ( All in One).<\/h2>\n<p><span style=\"font-weight: 400;\">Was ist zu erwarten?<\/span><\/p>\n<p>&nbsp;<\/p>\n<p><span style=\"font-weight: 400;\">Get your ticket for the Eco-Adventure Tour Los Haitises National Park All In One\u00a0<\/span><\/p>\n<p>&nbsp;<\/p>\n<p><span style=\"font-weight: 400;\">This Excursion starts from a meeting point you must confirm with our travel Agents or your Tour Guide before heading to any location. Once you meet your guide you\u2019ll have a debrief of the tour and everything related to your day.<\/span><\/p>\n<p>&nbsp;<\/p>\n<p><span style=\"font-weight: 400;\">When everyone is ready and we pick up the kayaks we will head to the first location which is Playita Las Almejas where natural pools are, while we navigate through the mangrove forest and coat of San Lorenzo Bay we will share with you stories about Los Haitises, Geology and go over the mangroves species with having around San Lorenzo Bay.\u00a0<\/span><\/p>\n<p>&nbsp;<\/p>\n<p><span style=\"font-weight: 400;\">As we arrive at the first location you should get your swimsuit ready to go on your kayak and paddle to the Cave of the line with your tour guide, the rest of the staff will wait for you until you finish the first part of the activity.<\/span><\/p>\n<p>&nbsp;<\/p>\n<p><span style=\"font-weight: 400;\">During this part of your trip, you will be able to go around the Old Las Perlas Port which is one of the first structures built by Europeans in the area, about 1866, and this was connected with a train line that was the transportation for the coffee, bananas and everything this group of European was farming in what is today Los Haitises.\u00a0<\/span><\/p>\n<p>&nbsp;<\/p>\n<p><span style=\"font-weight: 400;\">In the cave you will visit there are more than 1200 pictographs painted by the Tainos, this was a way to express themselves, and today these pieces of art tell us stories we never thought we would find nowadays. When you finish here we will head back to Playa de las Almejas for snacks and swimming time.\u00a0<\/span><\/p>\n<p>&nbsp;<\/p>\n<p><span style=\"font-weight: 400;\">After swimming at the natural pool we are going to go back to the main port in Cano Hondo area, this is a 5 hours tour that gives you the opportunity to oversee most of Sabana de la Mar and Los Haitises National Park,\u00a0 this excursion ends in the same place as it started.<\/span><\/p>\n<p>&nbsp;<\/p>\n<p><span style=\"font-weight: 400;\">Hinweis: Diese Touren werden von offiziellen \u00d6kologen gef\u00fchrt. Bitte buchen Sie rechtzeitig, da es im Park nicht allzu viele Spezialisten gibt.<\/span><\/p>\n<p>&nbsp;<\/p>\n<h6><strong>What should you bring?<\/strong><\/h6>\n<ul>\n<li style=\"font-weight: 400;\" aria-level=\"1\"><span style=\"font-weight: 400;\">Kamera<\/span><\/li>\n<li style=\"font-weight: 400;\" aria-level=\"1\"><span style=\"font-weight: 400;\">Bug Spray\u00a0<\/span><\/li>\n<li style=\"font-weight: 400;\" aria-level=\"1\"><span style=\"font-weight: 400;\">Sonnencreme<\/span><\/li>\n<li style=\"font-weight: 400;\" aria-level=\"1\"><span style=\"font-weight: 400;\">Bequeme Hosen<\/span><\/li>\n<li style=\"font-weight: 400;\" aria-level=\"1\"><span style=\"font-weight: 400;\">Laufschuhe<\/span><\/li>\n<li style=\"font-weight: 400;\" aria-level=\"1\"><span style=\"font-weight: 400;\">Rain Jacket\u00a0<\/span><\/li>\n<li style=\"font-weight: 400;\" aria-level=\"1\"><span style=\"font-weight: 400;\">Swimsuit\u00a0<\/span><\/li>\n<li style=\"font-weight: 400;\" aria-level=\"1\"><span style=\"font-weight: 400;\">Handtuch\u00a0<\/span><\/li>\n<\/ul>\n<h4><b><i>Hotel Abholung <\/i><\/b><\/h4>\n<p><span style=\"font-weight: 400;\">Die Abholung vom Hotel wird f\u00fcr diese Tour nicht angeboten. Nur wenn Sie in Cano Hondo Hotel oder Hotels in Sabana de la mar Bereich sind.<\/span><\/p>\n<p><b>Anmerkung:<\/b><span style=\"font-weight: 400;\"> Wenn Sie innerhalb von 24 Stunden vor der Abfahrtszeit der Tour\/Ausflug buchen, k\u00f6nnen wir die Abholung vom Hotel gegen Aufpreis von jedem Ort in der Dominikanischen Republik organisieren. Sobald Ihr Kauf abgeschlossen ist, senden wir Ihnen die vollst\u00e4ndigen Kontaktinformationen (Telefonnummer, E-Mail-Adresse, etc.) f\u00fcr unseren lokalen Reiseleiter, um die Abholung zu organisieren.<\/span><\/p>\n<h4><b><i>Zus\u00e4tzliche Informationen Best\u00e4tigung <\/i><\/b><\/h4>\n<ol>\n<li>Die Tickets sind die Quittung nach der Bezahlung dieser Tour. Sie k\u00f6nnen die Zahlung auf Ihrem Telefon zeigen.<\/li>\n<li style=\"font-weight: 400;\"><span style=\"font-weight: 400;\">Der Treffpunkt wird nach der Reservierung mitgeteilt.<\/span><\/li>\n<li style=\"font-weight: 400;\"><span style=\"font-weight: 400;\">Kinder m\u00fcssen von einem Erwachsenen begleitet werden.<\/span><\/li>\n<li style=\"font-weight: 400;\"><span style=\"font-weight: 400;\"> Nicht rollstuhlgerecht <\/span><\/li>\n<li style=\"font-weight: 400;\"><span style=\"font-weight: 400;\">Kleinkinder m\u00fcssen auf dem Scho\u00df sitzen <\/span><\/li>\n<li style=\"font-weight: 400;\"><span style=\"font-weight: 400;\">Nicht empfohlen f\u00fcr Reisende mit R\u00fcckenproblemen<\/span><\/li>\n<li style=\"font-weight: 400;\"><span style=\"font-weight: 400;\">Nicht empfohlen f\u00fcr schwangere Reisende <\/span><\/li>\n<li style=\"font-weight: 400;\"><span style=\"font-weight: 400;\"> Keine Herzprobleme oder andere ernsthafte medizinische Probleme <\/span><\/li>\n<li style=\"font-weight: 400;\"><span style=\"font-weight: 400;\">Die meisten Reisenden k\u00f6nnen teilnehmen<\/span><\/li>\n<\/ol>\n<h4><b><i>Stornierungspolitik<\/i><\/b><\/h4>\n<p><span style=\"font-weight: 400;\">Um eine vollst\u00e4ndige R\u00fcckerstattung zu erhalten, m\u00fcssen Sie mindestens 24 Stunden vor Beginn des Erlebnisses stornieren. Wird die Reservierung am Tag der Reise storniert, geht das Geld verloren.<\/span><\/p>\n\n\t\t<\/div>\n\t<\/div>\n<div class=\"mkdf-section-title-holder\" style=\"text-align: left\">\n\t<div class=\"mkdf-st-inner\">\n\t\t\t\t\t<h5 class=\"mkdf-st-subtitle\" >\n\t\t\t\t( All in One )\t\t\t<\/h5>\n\t\t\t\t\t\t\t<h3 class=\"mkdf-st-title\" >\n\t\t\t\tLos Haitises Kayaking + Boat Trip + Caves and Swimming Beach \t\t\t<\/h3>\n\t\t\t\t\t\t\t<p class=\"mkdf-st-text\" >\n\t\t\t\tF\u00fcr dieses Erlebnis sind mindestens 2 Teilnehmer erforderlich. Wenn Sie nicht 2 sind, z\u00f6gern Sie bitte nicht, uns zu kontaktieren!\t\t\t<\/p>\n\t\t\t<\/div>\n<\/div><\/div><\/div><\/div><\/div><div class=\"vc_row wpb_row vc_row-fluid\" ><div class=\"wpb_column vc_column_container vc_col-sm-12\"><div class=\"vc_column-inner\"><div class=\"wpb_wrapper\"><\/div><\/div><\/div><\/div><div class=\"vc_row wpb_row vc_row-fluid\" ><\/div><div class=\"wpb_column vc_column_container vc_col-sm-12\"><div class=\"vc_column-inner\"><div class=\"wpb_wrapper\"><\/div><\/div><\/div><div class=\"vc_empty_space\"   style=\"height: 32px\"><span class=\"vc_empty_space_inner\"><\/span><\/div>\n\t<div class=\"wpb_text_column wpb_content_element\" >\n\t\t<div class=\"wpb_wrapper\">\n\t\t\t\n\t\t<\/div>\n\t<\/div>\n<h4>Kontakt aufnehmen?<\/h4>\n<h5>Abenteuer buchen<\/h5>\n<p><em><strong>Einheimische<\/strong>\u00a0und\u00a0<strong>Nationals<\/strong>\u00a0Reiseleiter &amp; G\u00e4steservice<\/em><\/p>\n<p><span class=\"text-turquoise\"><span style=\"vertical-align: inherit;\"><span style=\"vertical-align: inherit;\">Reserven:<\/span><\/span><\/span><span style=\"vertical-align: inherit;\"><span style=\"vertical-align: inherit;\"> \u00a0Tours y Excursiones en Dom. <\/span><span style=\"vertical-align: inherit;\">Repr\u00e4sentanten.<\/span><\/span><\/p>\n<p><img decoding=\"async\" class=\"emoji\" draggable=\"false\" src=\"https:\/\/s.w.org\/images\/core\/emoji\/11.2.0\/svg\/1f4de.svg\" alt=\"\ud83d\udcde\" \/><span style=\"vertical-align: inherit;\"><span style=\"vertical-align: inherit;\">\u00a0Telefon \/ Whatsapp\u00a0\u00a0 <\/span><\/span><a href=\"tel:+1-809-720-6035\"><span style=\"vertical-align: inherit;\"><span style=\"vertical-align: inherit;\">+ 1-809-720-6035<\/span><\/span><\/a><span style=\"vertical-align: inherit;\"><span style=\"vertical-align: inherit;\"> .<\/span><\/span><\/p>\n<p><img decoding=\"async\" class=\"emoji\" draggable=\"false\" src=\"https:\/\/s.w.org\/images\/core\/emoji\/11.2.0\/svg\/1f4e9.svg\" alt=\"\ud83d\udce9\" \/>\u00a0<a href=\"mailto:info@dominican-republic-hotels.com\"><span style=\"vertical-align: inherit;\"><span style=\"vertical-align: inherit;\">info@dominican-republic-hotels.com<\/span><\/span><\/a><\/p>\n<p><strong><span style=\"vertical-align: inherit;\"><span style=\"vertical-align: inherit;\">Wir sind private, flexibel konfigurierbare Touren \u00fcber Whatsapp:\u00a0 <\/span><\/span><a href=\"tel:+18097206035\"><span style=\"vertical-align: inherit;\"><span style=\"vertical-align: inherit;\">+18097206035. <\/span><\/span><\/a><\/strong><span style=\"vertical-align: inherit;\"><span style=\"vertical-align: inherit;\">[\/ vc_column_text] <div class=\"vc_empty_space\"   style=\"height: 32px\"><span class=\"vc_empty_space_inner\"><\/span><\/div> [\/ vc_column] [\/ vc_row]<\/span><\/span><\/p>","protected":false},"excerpt":{"rendered":"<p><span style=\"vertical-align: inherit;\"><span style=\"vertical-align: inherit;\">Kayak + Paseo en Barco + Cuevas y Playa para Nadar (Todo en Uno). <\/span><span style=\"vertical-align: inherit;\">Parque Nacional Los Haitises con un gu\u00eda tur\u00edstico local desde Sabana de la Mar. Visita a la selva tropical, la peque\u00f1a playa privada, las \u00e1reas de coco, caf\u00e9 y cacao. <\/span><span style=\"vertical-align: inherit;\">Aprendiendo sobre la historia original del Parque Nacional Los Haitises.<\/span><\/span><\/p>\n<p>&nbsp;<\/p>\n<p><strong><span style=\"vertical-align: inherit;\"><span style=\"vertical-align: inherit;\">Seleccione la fecha para el viaje de aventura todo en uno:<\/span><\/span><\/strong><\/p>","protected":false},"featured_media":13833,"template":"","meta":[],"product_brand":[],"product_cat":[738,739,559,746,687,322,323],"product_tag":[544,408,329,330,615,616,424,617,618,354,355,400,335,619,418,420,620,426,313,621,350,345,622],"class_list":{"0":"post-14037","1":"product","2":"type-product","3":"status-publish","4":"has-post-thumbnail","6":"product_cat-1-sabana-de-la-mar","7":"product_cat-boat-trip-los-haitises","8":"product_cat-day-trips","9":"product_cat-kayaking-los-haitises","10":"product_cat-los-haitises-national-park","11":"product_cat-tours-excursions-los-haitises-national-park","12":"product_cat-tours-excursions-samana-bay-dominican-republic","13":"product_tag-cano-hondo-sabana-de-la-mar","14":"product_tag-caves-los-haitises","15":"product_tag-eco-tours","16":"product_tag-excursion","17":"product_tag-hike-kayak","18":"product_tag-hike-kayak-los-haitises-national-park","19":"product_tag-hiking-los-haitises","20":"product_tag-hiking-sabana-de-la-mar","21":"product_tag-hiking-samana","22":"product_tag-kayak-tour","23":"product_tag-kayaking","24":"product_tag-kayaking-los-haitises","25":"product_tag-los-haitises-national-park","26":"product_tag-los-haitises-national-park-entrance-fee","27":"product_tag-los-haitises-national-park-tour-from-las-terrenas","28":"product_tag-los-haitises-national-park-tour-from-santo-domingo","29":"product_tag-los-haitises-national-park-weather","30":"product_tag-los-haitises-sabana-de-la-mar","31":"product_tag-sabana-de-la-mar","32":"product_tag-sabana-de-la-mar-tour","33":"product_tag-samana-excursions","34":"product_tag-samana-tours","35":"product_tag-secrets-of-los-haitises","37":"first","38":"instock","39":"sale","40":"virtual","41":"sold-individually","42":"purchasable","43":"product-type-simple"},"_links":{"self":[{"href":"https:\/\/dominican-republic-hotels.com\/de\/wp-json\/wp\/v2\/product\/14037","targetHints":{"allow":["GET"]}}],"collection":[{"href":"https:\/\/dominican-republic-hotels.com\/de\/wp-json\/wp\/v2\/product"}],"about":[{"href":"https:\/\/dominican-republic-hotels.com\/de\/wp-json\/wp\/v2\/types\/product"}],"wp:featuredmedia":[{"embeddable":true,"href":"https:\/\/dominican-republic-hotels.com\/de\/wp-json\/wp\/v2\/media\/13833"}],"wp:attachment":[{"href":"https:\/\/dominican-republic-hotels.com\/de\/wp-json\/wp\/v2\/media?parent=14037"}],"wp:term":[{"taxonomy":"product_brand","embeddable":true,"href":"https:\/\/dominican-republic-hotels.com\/de\/wp-json\/wp\/v2\/product_brand?post=14037"},{"taxonomy":"product_cat","embeddable":true,"href":"https:\/\/dominican-republic-hotels.com\/de\/wp-json\/wp\/v2\/product_cat?post=14037"},{"taxonomy":"product_tag","embeddable":true,"href":"https:\/\/dominican-republic-hotels.com\/de\/wp-json\/wp\/v2\/product_tag?post=14037"}],"curies":[{"name":"wp","href":"https:\/\/api.w.org\/{rel}","templated":true}]}}