{"id":14030,"date":"2021-11-25T10:26:33","date_gmt":"2021-11-25T10:26:33","guid":{"rendered":"https:\/\/dominican-republic-hotels.com\/?post_type=product&#038;p=14030"},"modified":"2021-11-25T10:26:47","modified_gmt":"2021-11-25T10:26:47","slug":"jarabacoa-buggy-with-jimenoa-and-baiguate-waterfalls","status":"publish","type":"product","link":"https:\/\/dominican-republic-hotels.com\/de\/dominicantour\/jarabacoa-buggy-mit-jimenoa-und-baiguate-wasserfallen\/","title":{"rendered":"Jarabacoa Buggy mit Jimenoa und Baiguate Wasserf\u00e4lle"},"content":{"rendered":"<div class=\"vc_row wpb_row vc_row-fluid\" ><div class=\"wpb_column vc_column_container vc_col-sm-12\"><div class=\"vc_column-inner\"><div class=\"wpb_wrapper\"><div class=\"mkdf-section-title-holder\" style=\"text-align: left\">\n\t<div class=\"mkdf-st-inner\">\n\t\t\t\t\t<h5 class=\"mkdf-st-subtitle\" >\n\t\t\t\tBuggy - Buggys\t\t\t<\/h5>\n\t\t\t\t\t\t\t<h3 class=\"mkdf-st-title\" >\n\t\t\t\tJarabacoa mit den Wasserf\u00e4llen Jimenoa und Baiguate\t\t\t<\/h3>\n\t\t\t\t\t<\/div>\n<\/div><\/div><\/div><\/div><\/div><div class=\"vc_row wpb_row vc_row-fluid\" ><div class=\"wpb_column vc_column_container vc_col-sm-12\"><div class=\"vc_column-inner\"><div class=\"wpb_wrapper\">\n\t<div class=\"wpb_text_column wpb_content_element\" >\n\t\t<div class=\"wpb_wrapper\">\n\t\t\t<h3 class=\"ui_header h1 attractions-product-info-ProductTitle__title--1qM0o\">Jarabacoa Buggy mit Jimenoa und Baiguate Wasserf\u00e4lle<\/h3>\n<h4><b><i>\u00dcbersicht <\/i><\/b><\/h4>\n<p><span style=\"font-weight: 400;\">Schlie\u00dfen Sie sich uns an und reisen Sie mit einem lokalen Experten von Jarabacoa aus und machen Sie die einzigartige Erfahrung, die besten Orte der Hauptstadt des \u00d6kotourismus zu besuchen. Diese Tour f\u00fchrt Sie durch die wundersch\u00f6ne Landschaft der gr\u00f6\u00dften Bergranch der Dominikanischen Republik. W\u00e4hrend Sie zu den verschiedenen Orten fahren, werden Sie die Bergluft sp\u00fcren und die Sch\u00f6nheit der Landschaft genie\u00dfen.\u00a0<\/span><\/p>\n<p><span style=\"font-weight: 400;\">F\u00fcr diese Tour k\u00f6nnen wir die verschiedenen Orte anfahren. Sie haben die Wahl zwischen: Radfahren, Reiten, Safari, vier R\u00e4der oder Buggy. Kaufen Sie Ihr Ticket jetzt online und lassen Sie uns Spa\u00df haben, mehr \u00fcber Jarabacoa und die Kultur der Dominikanischen Republik zu erfahren, w\u00e4hrend Sie zu den besten Orten der Stadt reisen.<\/span><\/p>\n<p><span style=\"font-weight: 400;\">Jarabacoa ist die Stadt des ewigen Fr\u00fchlings wegen des Wetters und die zweitwichtigste Gemeinde der Provinz La Vega. Der Geschichte nach bedeutet Jarabacoa \"Ort mit viel Wasser\". Am 27. September 1858 begann Jarabacoa sein Leben als Gemeinde, eine Kategorie, die nach einer Karriere, die vom Anfang des 19. Reisen Sie mit uns und erfahren Sie mehr \u00fcber die Berge, die Natur, die Kultur und die Menschen in der n\u00f6rdlichen Region der Dominikanischen Republik.\u00a0<\/span><\/p>\n<ul>\n<li style=\"font-weight: 400;\">Geb\u00fchren inklusive<\/li>\n<li>Mittagessen<\/li>\n<li>Imbisse<\/li>\n<li style=\"font-weight: 400;\">Lokaler Reiseleiter auf Englisch<\/li>\n<\/ul>\n<p>&nbsp;<\/p>\n<h4><b>Einschl\u00fcsse &amp; Ausschl\u00fcsse<\/b><\/h4>\n<p>&nbsp;<\/p>\n<p><b>Einschl\u00fcsse<\/b><\/p>\n<ol>\n<li>Mittagessen<\/li>\n<li style=\"font-weight: 400;\"><span style=\"font-weight: 400;\">Alle Steuern, Geb\u00fchren und Bearbeitungskosten<\/span><\/li>\n<li style=\"font-weight: 400;\"><span style=\"font-weight: 400;\">Lokale Steuern<\/span><\/li>\n<li style=\"font-weight: 400;\"><span style=\"font-weight: 400;\">Getr\u00e4nke<\/span><\/li>\n<li>Imbisse<\/li>\n<li style=\"font-weight: 400;\"><span style=\"font-weight: 400;\">Alle Aktivit\u00e4ten<\/span><\/li>\n<li style=\"font-weight: 400;\"><span style=\"font-weight: 400;\">Lokaler F\u00fchrer<\/span><\/li>\n<\/ol>\n<p><b> Ausschl\u00fcsse<\/b><\/p>\n<ol>\n<li style=\"font-weight: 400;\"><span style=\"font-weight: 400;\">Trinkgelder<\/span><\/li>\n<li>Transport (wird durch Kontaktaufnahme mit uns festgelegt)<\/li>\n<li style=\"font-weight: 400;\"><span style=\"font-weight: 400;\">Alkoholische Getr\u00e4nke<\/span><\/li>\n<\/ol>\n<p>&nbsp;<\/p>\n<h4><em><strong>Abreise und R\u00fcckkehr<\/strong><\/em><\/h4>\n<p><span style=\"font-weight: 400;\">Der Reisende erh\u00e4lt nach der Reservierung einen Treffpunkt. Die Touren beginnen und enden an Ihren Treffpunkten.<\/span><\/p>\n<h4><\/h4>\n<h3 class=\"ui_header h1 attractions-product-info-ProductTitle__title--1qM0o\">Jarabacoa Buggy mit Jimenoa und Baiguate Wasserf\u00e4lle<\/h3>\n<h4><b><i>Was ist zu erwarten?<\/i><\/b><\/h4>\n<p><span style=\"font-weight: 400;\">Holen Sie sich Ihr Ticket f\u00fcr die Jimenoa- und Baiguate-Wasserf\u00e4lle von Jarabacoa City aus mit dem Buggy.\u00a0<\/span><\/p>\n<p><span style=\"font-weight: 400;\">Diese Exkursion beginnt an einem Treffpunkt, den Sie mit unserem Reiseb\u00fcro oder Ihrem Reiseleiter best\u00e4tigen m\u00fcssen, bevor Sie sich auf den Weg zu einem beliebigen Ort machen. Sobald Sie Ihren Reiseleiter treffen, werden Sie eine Nachbesprechung der Tour und alles, was mit Ihrem Tag zusammenh\u00e4ngt, haben.<\/span><\/p>\n<p><span style=\"font-weight: 400;\">Wenn alle bereit sind, machen wir uns auf den Weg zum Jimenoa-Wasserfall, der 45 Minuten von der Stadt Jarabacoa entfernt liegt. Jimenoa ist eine der wichtigsten Wasserquellen der Central Mountain Ranch, hier werden Sie etwa 10 Minuten lang \u00fcber die h\u00e4ngende Holzbr\u00fccke gehen, um schlie\u00dflich auf den Jimenoa-Wasserfall zu treffen, auf dem Weg nach drau\u00dfen k\u00f6nnen Sie Ihre Schuhe ausziehen und in das S\u00fc\u00dfwasser des Flusses stellen.\u00a0<\/span><\/p>\n<p><span style=\"font-weight: 400;\">Nachdem wir unseren ersten Standort gesehen haben, fahren wir zum Baiguate-Wasserfall, wo wir eine 10-min\u00fctige Wanderung machen und in nat\u00fcrlichen Pools schwimmen k\u00f6nnen. Baiguate ist 55 Minuten von Jimenoa und 15 Minuten von der Stadt entfernt.\u00a0<\/span><\/p>\n<p><span style=\"font-weight: 400;\">W\u00e4hrend dieses Teils Ihres Ausflugs k\u00f6nnen Sie etwa 1 Stunde lang schwimmen gehen und eine Pause einlegen, um die frischen Fr\u00fcchte zu probieren, die die Bauern von Jarabacoa jeden Tag ernten. Baiguate hat einen 82 Fu\u00df hohen Wasserfall und ist der perfekte Ort, um ein wenig zu entspannen, bevor es zur\u00fcck in die Stadt geht.\u00a0\u00a0<\/span><\/p>\n<p><span style=\"font-weight: 400;\">Sp\u00e4ter, nach dem Baiguate-Wasserfall, gehen wir zu Ivon's, um das beste lokale Eis zu probieren, das von einem lokalen Experten hergestellt wird, und spazieren zum Duarte Central Park f\u00fcr den letzten Teil Ihrer Reise. Dies ist eine 6-st\u00fcndige Tour, die Ihnen die M\u00f6glichkeit gibt, Jarabacoa zu \u00fcberblicken, dieser Ausflug endet am gleichen Ort, an dem er begonnen hat.<\/span><\/p>\n<p><span style=\"font-weight: 400;\">Hinweis: Diese Touren werden von offiziellen \u00d6kologen gef\u00fchrt. Bitte buchen Sie rechtzeitig, da es im Park nicht allzu viele Spezialisten gibt.<\/span><\/p>\n<h4><em><strong>Was sollten Sie mitbringen?<\/strong><\/em><\/h4>\n<ul>\n<li style=\"font-weight: 400;\"><span style=\"font-weight: 400;\">Kamera<\/span><\/li>\n<li style=\"font-weight: 400;\"><span style=\"font-weight: 400;\">Absto\u00dfende Knospen<\/span><\/li>\n<li style=\"font-weight: 400;\"><span style=\"font-weight: 400;\">Sonnencreme<\/span><\/li>\n<li style=\"font-weight: 400;\"><span style=\"font-weight: 400;\">Hut<\/span><\/li>\n<li style=\"font-weight: 400;\"><span style=\"font-weight: 400;\">Bequeme Hosen<\/span><\/li>\n<li style=\"font-weight: 400;\"><span style=\"font-weight: 400;\">Wanderschuhe f\u00fcr den Wald<\/span><\/li>\n<li style=\"font-weight: 400;\"><span style=\"font-weight: 400;\">Sandalen zu den Fr\u00fchlingsgebieten.<\/span><\/li>\n<li style=\"font-weight: 400;\"><span style=\"font-weight: 400;\">Schwimmbekleidung<\/span><\/li>\n<\/ul>\n<p>&nbsp;<\/p>\n<h4><b><i>Hotel Abholung <\/i><\/b><\/h4>\n<p><span style=\"font-weight: 400;\">Die Abholung vom Hotel wird f\u00fcr diese Tour nicht angeboten. Wir organisieren die Abholung, indem Sie uns per Whatsapp kontaktieren.<\/span><\/p>\n<p>&nbsp;<\/p>\n<p><b>Anmerkung:<\/b><span style=\"font-weight: 400;\"> Wenn Sie innerhalb von 24 Stunden vor der Abfahrtszeit der Tour\/Exkursion buchen, k\u00f6nnen wir die Abholung vom Hotel gegen Aufpreis organisieren. Sobald Ihr Kauf abgeschlossen ist, senden wir Ihnen die vollst\u00e4ndigen Kontaktdaten (Telefonnummer, E-Mail-Adresse, etc.) f\u00fcr unseren lokalen Reiseleiter, um die Abholung zu organisieren.<\/span><\/p>\n<h4><b><i>Zus\u00e4tzliche Informationen Best\u00e4tigung <\/i><\/b><\/h4>\n<ol>\n<li>Tickets sind die Quittung nach der Zahlung f\u00fcr diese Tour. Sie k\u00f6nnen die Zahlung auf Ihrem Telefon zeigen.<\/li>\n<li style=\"font-weight: 400;\"><span style=\"font-weight: 400;\">Der Treffpunkt wird nach der Reservierung mitgeteilt.<\/span><\/li>\n<li style=\"font-weight: 400;\"><span style=\"font-weight: 400;\">Kinder m\u00fcssen von einem Erwachsenen begleitet werden.<\/span><\/li>\n<li style=\"font-weight: 400;\"><span style=\"font-weight: 400;\"> Nicht rollstuhlgerecht <\/span><\/li>\n<li style=\"font-weight: 400;\"><span style=\"font-weight: 400;\">Kleinkinder m\u00fcssen auf dem Scho\u00df sitzen <\/span><\/li>\n<li style=\"font-weight: 400;\"><span style=\"font-weight: 400;\">Nicht empfohlen f\u00fcr Reisende mit R\u00fcckenproblemen<\/span><\/li>\n<li style=\"font-weight: 400;\"><span style=\"font-weight: 400;\">Nicht empfohlen f\u00fcr schwangere Reisende <\/span><\/li>\n<li style=\"font-weight: 400;\"><span style=\"font-weight: 400;\"> Keine Herzprobleme oder andere ernsthafte medizinische Probleme <\/span><\/li>\n<li style=\"font-weight: 400;\"><span style=\"font-weight: 400;\">Die meisten Reisenden k\u00f6nnen teilnehmen<\/span><\/li>\n<\/ol>\n<h4><b><i>Stornierungspolitik<\/i><\/b><\/h4>\n<p><span style=\"font-weight: 400;\">Um eine vollst\u00e4ndige R\u00fcckerstattung zu erhalten, m\u00fcssen Sie mindestens 74 Stunden vor Beginn des Erlebnisses stornieren. Wird die Reservierung am Tag der Reise storniert, geht das Geld verloren.<\/span><\/p>\n\n\t\t<\/div>\n\t<\/div>\n<\/div><\/div><\/div><\/div><div class=\"vc_row wpb_row vc_row-fluid\" ><div class=\"wpb_column vc_column_container vc_col-sm-12\"><div class=\"vc_column-inner\"><div class=\"wpb_wrapper\">\n\t<div class=\"wpb_video_widget wpb_content_element vc_clearfix   vc_video-aspect-ratio-169 vc_video-el-width-100 vc_video-align-left\" >\n\t\t<div class=\"wpb_wrapper\">\n\t\t\t<h2 class=\"wpb_heading wpb_video_heading\">Video der Stadt Jarabacoa:<\/h2>\n\t\t\t<div class=\"wpb_video_wrapper\"><iframe loading=\"lazy\" title=\"Jarabacoa | Puro Turismo de Monta\u00f1a\" width=\"1100\" height=\"619\" src=\"https:\/\/www.youtube.com\/embed\/FRHfK4RS39A?feature=oembed\" frameborder=\"0\" allow=\"accelerometer; autoplay; clipboard-write; encrypted-media; gyroscope; picture-in-picture\" allowfullscreen><\/iframe><\/div>\n\t\t<\/div>\n\t<\/div>\n<\/div><\/div><\/div><\/div><div class=\"vc_row wpb_row vc_row-fluid\" ><\/div><div class=\"wpb_column vc_column_container vc_col-sm-12\"><div class=\"vc_column-inner\"><div class=\"wpb_wrapper\"><\/div><\/div><\/div><div class=\"vc_empty_space\"   style=\"height: 32px\"><span class=\"vc_empty_space_inner\"><\/span><\/div>\n\t<div class=\"wpb_text_column wpb_content_element\" >\n\t\t<div class=\"wpb_wrapper\">\n\t\t\t\n\t\t<\/div>\n\t<\/div>\n<h4>Kontakt aufnehmen?<\/h4>\n<h5><em><strong>Abenteuer buchen<\/strong><\/em><\/h5>\n<p><em><span style=\"vertical-align: inherit;\"><span style=\"vertical-align: inherit;\">\u00a0Dienstleistungen f\u00fcr G\u00e4ste und Fremdenf\u00fchrer <\/span><strong><span style=\"vertical-align: inherit;\">Lokale<\/span><\/strong><span style=\"vertical-align: inherit;\"> \u00a0y\u00a0 <\/span><\/span><strong><span style=\"vertical-align: inherit;\"><span style=\"vertical-align: inherit;\">nacionales<\/span><\/span><\/strong><\/em><\/p>\n<p><span class=\"text-turquoise\"><span style=\"vertical-align: inherit;\"><span style=\"vertical-align: inherit;\">Reserven:<\/span><\/span><\/span><span style=\"vertical-align: inherit;\"><span style=\"vertical-align: inherit;\"> \u00a0Tours y Excursiones en Dom. <\/span><span style=\"vertical-align: inherit;\">Repr\u00e4sentanten.<\/span><\/span><\/p>\n<p><img decoding=\"async\" class=\"emoji\" draggable=\"false\" src=\"https:\/\/s.w.org\/images\/core\/emoji\/11.2.0\/svg\/1f4de.svg\" alt=\"\ud83d\udcde\" \/><span style=\"vertical-align: inherit;\"><span style=\"vertical-align: inherit;\">\u00a0Telefon \/ Whatsapp\u00a0\u00a0 <\/span><\/span><a href=\"tel:+1-809-720-6035\"><span style=\"vertical-align: inherit;\"><span style=\"vertical-align: inherit;\">+ 1-809-720-6035<\/span><\/span><\/a><span style=\"vertical-align: inherit;\"><span style=\"vertical-align: inherit;\"> .<\/span><\/span><\/p>\n<p><img decoding=\"async\" class=\"emoji\" draggable=\"false\" src=\"https:\/\/s.w.org\/images\/core\/emoji\/11.2.0\/svg\/1f4e9.svg\" alt=\"\ud83d\udce9\" \/>\u00a0<a href=\"mailto:info@dominican-republic-hotels.com\"><span style=\"vertical-align: inherit;\"><span style=\"vertical-align: inherit;\">info@dominican-republic-hotels.com<\/span><\/span><\/a><\/p>\n<p><strong><span style=\"vertical-align: inherit;\"><span style=\"vertical-align: inherit;\">Wir sind private, flexibel konfigurierbare Touren \u00fcber Whatsapp:\u00a0 <\/span><\/span><a href=\"tel:+18097206035\"><span style=\"vertical-align: inherit;\"><span style=\"vertical-align: inherit;\">+18097206035. <\/span><\/span><\/a><\/strong><span style=\"vertical-align: inherit;\"><span style=\"vertical-align: inherit;\">[\/ vc_column_text] <div class=\"vc_empty_space\"   style=\"height: 32px\"><span class=\"vc_empty_space_inner\"><\/span><\/div> [\/ vc_column] [\/ vc_row]<\/span><\/span><\/p>","protected":false},"excerpt":{"rendered":"<p><span style=\"font-weight: 400;\"><span style=\"vertical-align: inherit;\"><span style=\"vertical-align: inherit;\">\u00danase a nosotros y viaje con un experto local de Jarabacoa y obtenga la experiencia \u00fanica de visitar los mejores lugares de la capital del ecoturismo a partir de Jarabacoa, este tour lo llevar\u00e1 a conocer el hermoso paisaje del rancho monta\u00f1oso m\u00e1s grande de la Rep\u00fablica Dominicana. <\/span><span style=\"vertical-align: inherit;\">W\u00e4hrend Sie durch die verschiedenen Orte fahren, werden Sie die Luft des Gebirges sp\u00fcren und die Sch\u00f6nheit der Landschaft genie\u00dfen k\u00f6nnen.\u00a0<\/span><\/span><\/span><\/p>\n<p><strong><span style=\"vertical-align: inherit;\"><span style=\"vertical-align: inherit;\">W\u00e4hlen Sie das Datum f\u00fcr die Tour aus:\u00a0<\/span><\/span><\/strong><\/p>","protected":false},"featured_media":13660,"template":"","meta":[],"product_brand":[],"product_cat":[738,319,708,321],"product_tag":[709,710,711,712,713,714,715],"class_list":{"0":"post-14030","1":"product","2":"type-product","3":"status-publish","4":"has-post-thumbnail","6":"product_cat-1-sabana-de-la-mar","7":"product_cat-fees-entrace","8":"product_cat-jarabacoa-buggy","9":"product_cat-tours-and-excursions","10":"product_tag-baiguate-waterfall","11":"product_tag-jarabacoa-buggies","12":"product_tag-jarabacoa-buggy","13":"product_tag-jarabacoa-tour","14":"product_tag-jimenoa-waterfall","15":"product_tag-salto-baiguate","16":"product_tag-salto-jimenoa","18":"first","19":"instock","20":"sale","21":"virtual","22":"sold-individually","23":"purchasable","24":"product-type-simple"},"_links":{"self":[{"href":"https:\/\/dominican-republic-hotels.com\/de\/wp-json\/wp\/v2\/product\/14030","targetHints":{"allow":["GET"]}}],"collection":[{"href":"https:\/\/dominican-republic-hotels.com\/de\/wp-json\/wp\/v2\/product"}],"about":[{"href":"https:\/\/dominican-republic-hotels.com\/de\/wp-json\/wp\/v2\/types\/product"}],"wp:featuredmedia":[{"embeddable":true,"href":"https:\/\/dominican-republic-hotels.com\/de\/wp-json\/wp\/v2\/media\/13660"}],"wp:attachment":[{"href":"https:\/\/dominican-republic-hotels.com\/de\/wp-json\/wp\/v2\/media?parent=14030"}],"wp:term":[{"taxonomy":"product_brand","embeddable":true,"href":"https:\/\/dominican-republic-hotels.com\/de\/wp-json\/wp\/v2\/product_brand?post=14030"},{"taxonomy":"product_cat","embeddable":true,"href":"https:\/\/dominican-republic-hotels.com\/de\/wp-json\/wp\/v2\/product_cat?post=14030"},{"taxonomy":"product_tag","embeddable":true,"href":"https:\/\/dominican-republic-hotels.com\/de\/wp-json\/wp\/v2\/product_tag?post=14030"}],"curies":[{"name":"wp","href":"https:\/\/api.w.org\/{rel}","templated":true}]}}