{"id":13981,"date":"2021-11-25T10:26:13","date_gmt":"2021-11-25T10:26:13","guid":{"rendered":"https:\/\/dominican-republic-hotels.com\/?post_type=product&#038;p=13981"},"modified":"2021-11-25T10:26:18","modified_gmt":"2021-11-25T10:26:18","slug":"day-pass-cano-hondo-natural-pools-lunch-included","status":"publish","type":"product","link":"https:\/\/dominican-republic-hotels.com\/de\/dominicantour\/tageskarte-cano-hondo-naturschwimmbader-mittagessen-inbegriffen\/","title":{"rendered":"Tagespass Ca\u00f1o Hondo - Nat\u00fcrliche Pools &amp; Mittagessen inbegriffen"},"content":{"rendered":"<div class=\"vc_row wpb_row vc_row-fluid\" ><div class=\"wpb_column vc_column_container vc_col-sm-12\"><div class=\"vc_column-inner\"><div class=\"wpb_wrapper\"><div class=\"vc_message_box vc_message_box-standard vc_message_box-rounded vc_color-info\" ><div class=\"vc_message_box-icon\"><i class=\"fas fa-info-circle\"><\/i><\/div><p>Buchen Sie niedrige Preise in Cano Hondo Zimmer <a href=\"http:\/\/dominican-republic-hotels.com\/de\/hotel\/cano-hondo-hotel-eco-lodge\/\">Klicken Sie hier.<\/a><\/p>\n<\/div>\n\t<div class=\"wpb_text_column wpb_content_element\" >\n\t\t<div class=\"wpb_wrapper\">\n\t\t\t<div class=\"vc_row wpb_row vc_row-fluid\">\n<div class=\"wpb_column vc_column_container vc_col-sm-12\">\n<div class=\"vc_column-inner\">\n<div class=\"wpb_wrapper\">\n<div class=\"wpb_text_column wpb_content_element\">\n<div class=\"wpb_wrapper\">\n<h4><b><i>Beschreibung<\/i><\/b><\/h4>\n<p>Ca\u00f1o Hondo Tagespass Eintrittskarte f\u00fcr unsere Naturfreib\u00e4der mit Mittagessen vom Buffet inklusive. Jeden Tag von 8:30 Uhr bis 17:00 Uhr.<\/p>\n<div class=\"wpb_text_column wpb_content_element\">\n<div class=\"wpb_wrapper\">\n<p>Schwimmb\u00e4der sind vollst\u00e4ndig biologisch und ben\u00f6tigen weder Chlor noch Chemikalien. Sie entwickeln ihre eigene nat\u00fcrliche \u00d6kologie und ein ausgeglichenes \u00d6kosystem, indem sie auf eine bestimmte Art und Weise entworfen und gebaut werden. Wenn das Gleichgewicht erreicht ist, ist das Wasser nat\u00fcrlich klar wie in einem Bergsee.<\/p>\n<\/div>\n<\/div>\n<div class=\"wpb_text_column wpb_content_element\">\n<div class=\"wpb_wrapper\">\n<p><strong>Genie\u00dfen Sie die nat\u00fcrlichen \u00d6ko-Pools, die sich wunderbar in die friedliche und urspr\u00fcngliche Landschaft des Nationalparks Los Haitises in Sabana de la Mar einf\u00fcgen. <\/strong><\/p>\n<p style=\"text-align: center;\"><strong>Verbringen Sie einen wunderbaren Tag mit Ihrer Familie oder Ihren Freunden.<\/strong><\/p>\n<\/div>\n<\/div>\n<p>&nbsp;<\/p>\n<h3><b>Einschluss y Ausschluss<\/b><\/h3>\n<p><b>Einschl\u00fcsse<\/b><\/p>\n<ol>\n<li>Mittagessen - Buffet<\/li>\n<li>Eintritt in Naturschwimmb\u00e4der<\/li>\n<\/ol>\n<p><b>Ausschl\u00fcsse (nicht enthalten)<\/b><\/p>\n<ol>\n<li>Transport<\/li>\n<li>Alkoholische Getr\u00e4nke<\/li>\n<\/ol>\n<p>&nbsp;<\/p>\n<h4><em><strong>Warum das Ticket kaufen?<\/strong><\/em><\/h4>\n<p>Bitte reservieren Sie im Voraus, damit wir den Platz in unserem Restaurant einrichten und das Mittagsbuffet f\u00fcr Sie vorbereiten k\u00f6nnen. Nach der Reservierung werden sich unsere Vertreter mit Ihnen in Verbindung setzen, um Ihnen weitere Informationen zu geben - wie Sie zu uns kommen, was das Men\u00fc des Mittagsbuffets ist und um alle Ihre Fragen zu beantworten.<\/p>\n<p><strong>Hinweis: Kostenlos f\u00fcr Kinder unter 3 Jahren. Kinder von 4 bis 10 Jahren zahlen nur den halben Preis.<\/strong><\/p>\n<h2 style=\"text-align: center;\"><strong>Mineralwasser-Schwimmb\u00e4der, die mit viel Liebe zum Detail und Kreativit\u00e4t geplant und gebaut werden.<\/strong><\/h2>\n<p><strong>Zeit:<\/strong><\/p>\n<p>8:30 Uhr - 17:o0 Uhr<\/p>\n<p>&nbsp;<\/p>\n<h4><em><strong>Was sollten Sie mitnehmen?<\/strong><\/em><\/h4>\n<ul>\n<li>Camara<\/li>\n<li>\u00a0Absto\u00dfend<\/li>\n<li>Sonnencreme<\/li>\n<\/ul>\n<p>&nbsp;<\/p>\n<h4><i>Transport: <\/i><\/h4>\n<p>Der Transport ist nicht inbegriffen.<\/p>\n<p><b>Nota: Wenn Sie einen Transfer w\u00fcnschen, kontaktieren Sie uns bitte.<\/b><\/p>\n<h4><b><i>Annullierungspolitik<\/i><\/b><\/h4>\n<p>F\u00fcr eine vollst\u00e4ndige R\u00fcckerstattung lesen Sie bitte unsere Stornierungsrichtlinien in der Fu\u00dfzeile der Website.<\/p>\n<\/div>\n<\/div>\n<\/div>\n<\/div>\n<\/div>\n<\/div>\n<div class=\"vc_row wpb_row vc_row-fluid\">\n<div class=\"wpb_column vc_column_container vc_col-sm-12\">\n<div class=\"vc_column-inner\">\n<div class=\"wpb_wrapper\">\n<div class=\"wpb_text_column wpb_content_element\">\n<div class=\"wpb_wrapper\">\n<p>&nbsp;<\/p>\n<h3 style=\"text-align: center;\">Sie k\u00f6nnen auch zahlreiche Aktivit\u00e4ten und Ausfl\u00fcge mit \u00f6rtlichen Reiseleitern unternehmen.<\/h3>\n<p><strong>Liste der Aktivit\u00e4ten:<\/strong><br \/>\nSeilrutschen<br \/>\nKlettern an der Felswand<br \/>\nReiten<br \/>\nGef\u00fchrte oder selbstgef\u00fchrte Wanderungen in den Los Haitises<br \/>\nKajakfahren auf den Los Haitises<br \/>\nGef\u00fchrte Bootstouren in Los Haitises<br \/>\nWalbeobachtung (vom 15. Januar bis 20. M\u00e4rz)<br \/>\nGef\u00fchrte Vogelbeobachtung<br \/>\nCayo Levantado\/Bacardi Insel<br \/>\nWildtiere und Natur<br \/>\nWasserf\u00e4lle El Limon, Samana<\/p>\n<p><strong>F\u00fcr weitere Informationen \u00fcber Aktivit\u00e4ten und Ausfl\u00fcge, kontaktieren Sie uns bitte. Sie k\u00f6nnen auch <a href=\"http:\/\/haitises.com\/\" target=\"_blank\" rel=\"noopener\">Buchen Sie hier.<\/a><\/strong><\/p>\n<p>&nbsp;<\/p>\n<\/div>\n<\/div>\n<\/div>\n<\/div>\n<\/div>\n<\/div>\n\n\t\t<\/div>\n\t<\/div>\n<\/div><\/div><\/div><\/div>","protected":false},"excerpt":{"rendered":"<p>Kaufen Sie eine Tageskarte f\u00fcr die Naturschwimmb\u00e4der im Hotel Ca\u00f1o Hondo im Nationalpark Los Haitises, Sabana de la Mar. Das Mittagessen ist inklusive.<\/p>\n<p>F\u00fcr weitere Informationen nehmen Sie bitte Kontakt mit uns auf.<\/p>","protected":false},"featured_media":13285,"template":"","meta":[],"product_brand":[],"product_cat":[211,738,337,745],"product_tag":[542,325,543,544,333,335,402,545,546,313,344,345],"class_list":{"0":"post-13981","1":"product","2":"type-product","3":"status-publish","4":"has-post-thumbnail","6":"product_cat-uncategorized","7":"product_cat-1-sabana-de-la-mar","8":"product_cat-lunch","9":"product_cat-natural-pools-los-haitises","10":"product_tag-altos-cano-hondo","11":"product_tag-cano-hondo","12":"product_tag-cano-hondo-day-pass","13":"product_tag-cano-hondo-sabana-de-la-mar","14":"product_tag-los-haitises","15":"product_tag-los-haitises-national-park","16":"product_tag-los-haitises-tours","17":"product_tag-paraiso-cano-hondo","18":"product_tag-parque-los-haitises","19":"product_tag-sabana-de-la-mar","20":"product_tag-samana","21":"product_tag-samana-tours","23":"first","24":"instock","25":"sale","26":"virtual","27":"sold-individually","28":"purchasable","29":"product-type-simple"},"_links":{"self":[{"href":"https:\/\/dominican-republic-hotels.com\/de\/wp-json\/wp\/v2\/product\/13981","targetHints":{"allow":["GET"]}}],"collection":[{"href":"https:\/\/dominican-republic-hotels.com\/de\/wp-json\/wp\/v2\/product"}],"about":[{"href":"https:\/\/dominican-republic-hotels.com\/de\/wp-json\/wp\/v2\/types\/product"}],"wp:featuredmedia":[{"embeddable":true,"href":"https:\/\/dominican-republic-hotels.com\/de\/wp-json\/wp\/v2\/media\/13285"}],"wp:attachment":[{"href":"https:\/\/dominican-republic-hotels.com\/de\/wp-json\/wp\/v2\/media?parent=13981"}],"wp:term":[{"taxonomy":"product_brand","embeddable":true,"href":"https:\/\/dominican-republic-hotels.com\/de\/wp-json\/wp\/v2\/product_brand?post=13981"},{"taxonomy":"product_cat","embeddable":true,"href":"https:\/\/dominican-republic-hotels.com\/de\/wp-json\/wp\/v2\/product_cat?post=13981"},{"taxonomy":"product_tag","embeddable":true,"href":"https:\/\/dominican-republic-hotels.com\/de\/wp-json\/wp\/v2\/product_tag?post=13981"}],"curies":[{"name":"wp","href":"https:\/\/api.w.org\/{rel}","templated":true}]}}