{"id":14009,"date":"2021-11-25T10:26:31","date_gmt":"2021-11-25T10:26:31","guid":{"rendered":"https:\/\/dominican-republic-hotels.com\/?post_type=product&#038;p=14009"},"modified":"2021-11-25T10:26:35","modified_gmt":"2021-11-25T10:26:35","slug":"pico-duarte-hike-with-local-experts-duarte-peak-camping-trekking","status":"publish","type":"product","link":"https:\/\/dominican-republic-hotels.com\/da\/dominicantour\/pico-duarte-vandring-med-lokale-eksperter-duarte-peak-camping-trekking\/","title":{"rendered":"Pico Duarte-vandring med lokale eksperter - Duarte Peak Camping &amp; Trekking"},"content":{"rendered":"<div class=\"vc_row wpb_row vc_row-fluid\" ><div class=\"wpb_column vc_column_container vc_col-sm-12\"><div class=\"vc_column-inner\"><div class=\"wpb_wrapper\"><div class=\"vc_empty_space\"   style=\"height: 32px\"><span class=\"vc_empty_space_inner\"><\/span><\/div><div class=\"mkdf-section-title-holder\" style=\"text-align: left\">\n\t<div class=\"mkdf-st-inner\">\n\t\t\t\t\t<h5 class=\"mkdf-st-subtitle\" >\n\t\t\t\tDuarte Peak Camping &amp; Trekking\t\t\t<\/h5>\n\t\t\t\t\t\t\t<h3 class=\"mkdf-st-title\" >\n\t\t\t\tPico Duarte-vandring med lokale eksperter\t\t\t<\/h3>\n\t\t\t\t\t<\/div>\n<\/div><div class=\"vc_empty_space\"   style=\"height: 32px\"><span class=\"vc_empty_space_inner\"><\/span><\/div><div class=\"vc_message_box vc_message_box-standard vc_message_box-rounded vc_color-info\" ><div class=\"vc_message_box-icon\"><i class=\"fas fa-info-circle\"><\/i><\/div><p>Book venligst ( 7) dage f\u00f8r forfaldsdagen.<\/p>\n<\/div><div class=\"vc_empty_space\"   style=\"height: 32px\"><span class=\"vc_empty_space_inner\"><\/span><\/div><\/div><\/div><\/div><\/div><div class=\"vc_row wpb_row vc_row-fluid\" ><\/div><div class=\"wpb_column vc_column_container vc_col-sm-12\"><div class=\"vc_column-inner\"><div class=\"wpb_wrapper\"><\/div><\/div><\/div>\n\t<div class=\"wpb_text_column wpb_content_element\" >\n\t\t<div class=\"wpb_wrapper\">\n\t\t\t\n\t\t<\/div>\n\t<\/div>\n<div class=\"vc_row wpb_row vc_row-fluid\">\n<div class=\"wpb_column vc_column_container vc_col-sm-12\">\n<div class=\"vc_column-inner\">\n<div class=\"wpb_wrapper\">\n<div class=\"wpb_text_column wpb_content_element\">\n<div class=\"wpb_wrapper\">\n<div class=\"vc_row wpb_row vc_row-fluid\">\n<div class=\"wpb_column vc_column_container vc_col-sm-12\">\n<div class=\"vc_column-inner\">\n<div class=\"wpb_wrapper\">\n<div class=\"wpb_text_column wpb_content_element\">\n<div class=\"wpb_wrapper\">\n<h2><span style=\"font-weight: 400;\">Pico Duarte Trekking\u00a0<\/span><\/h2>\n<p><span style=\"font-weight: 400;\">Tag med os op p\u00e5 Caribiens h\u00f8jeste punkt p\u00e5 J. Almando Bermudez National, der ligger i landets centrale bjergk\u00e6de. <\/span><span style=\"font-weight: 400;\">Turen g\u00e5r fra en tropisk skov til fyrreskoven i J. Armando Bermudez National Park, hvor du g\u00e5r p\u00e5 stier gennem tusindvis af bregner, og du vil se papeg\u00f8jer, guldfinker og andre eksotiske fugle.\u00a0<\/span><\/p>\n<p><span style=\"font-weight: 400;\">Denne nationalpark blev oprettet i 1956, Armando Berm\u00fadez National Park str\u00e6kker sig over 767 kvadratkilometer (296 kvadrat miles), og sammen med den n\u00e6rliggende Jos\u00e9 del Carmen Ram\u00edrez National Park.<\/span><\/p>\n<p><span style=\"font-weight: 400;\">Det er kilden til floden Yaque del Norte samt flere andre flodkilder. De to parker d\u00e6kker overfladen af hele Cordillera Central-bjergk\u00e6den. Du vil se en unik flora i denne h\u00f8jde, hvor temperaturen varierer fra 12\u00baC (53\u00baF) til -8\u00baC (17\u00baF) om natten.<\/span><\/p>\n<\/div>\n<h4><strong>Turledere:\u00a0<\/strong><\/h4>\n<div class=\"wpb_wrapper\">\n<p><span style=\"font-weight: 400;\">I selskab med en professionel guide vil du foretage denne rejse gennem den st\u00f8rste bjergk\u00e6de med mere end 250 km i l\u00e6ngden og 60 km lys, Pico Duarte er den h\u00f8jeste top i Caribien med (3'098 m), hvilket er omkring 10.164 fod.<\/span><\/p>\n<p>&nbsp;<\/p>\n<p><span style=\"font-weight: 400;\">Pico Duarte (Duarte-toppen) er opkaldt efter Juan Pablo Duarte, der betragtes som en af Den Dominikanske Republiks grundl\u00e6ggere. <\/span><span style=\"font-weight: 400;\">Du vandrer 46 kilometer tur-retur, og denne tur kan gennemf\u00f8res p\u00e5 tre dage med velholdte bjerghytter som overnatningssted.<\/span><\/p>\n<p><span style=\"font-weight: 400;\">Denne tre-dages vandretur ledes af lokale dominikanske guider, som har ansvaret for at tage dig begge veje. De har ogs\u00e5 heste til dem, der ikke har lyst til at g\u00e5 hele vejen, og de kan ride p\u00e5 muldyr. Mens du g\u00e5r, kan du nyde det fantastiske landskab og holde \u00f8je med det lokale dyreliv.\u00a0<\/span><\/p>\n<p><span style=\"font-weight: 400;\">Bjergene og landskabet er befolket med en r\u00e6kke fugle og leguaner, der lever i det barske terr\u00e6n. Nyd at v\u00e6re omgivet af skyggefulde tr\u00e6er og vandkilder, hvor du kan k\u00f8le af efter en h\u00e5rd dags vandring.<\/span><\/p>\n<p>&nbsp;<\/p>\n<h2><b>Rejseplan:\u00a0<\/b><\/h2>\n<p>&nbsp;<\/p>\n<h4><b>Dag 1<\/b><span style=\"font-weight: 400;\">&#8211; <\/span><\/h4>\n<p><span style=\"font-weight: 400;\">M\u00f8dested skal v\u00e6re kl. 9.30 i Jarabacoa. Frokost i Jarabacoa (dette m\u00e5ltid er ikke inkluderet) Ankomst til Cienaga de Jarabacoa. G\u00e5tur til Caseta de Los Tablones, inde i parken (4 km bl\u00f8d). Aftensmad. Sove<\/span><\/p>\n<p>&nbsp;<\/p>\n<h4><b>Dag 2 <\/b><\/h4>\n<p><span style=\"font-weight: 400;\">Her til morgen st\u00e5r vi tidligt op. Vi spiser morgenmad. Begyndelsen p\u00e5 vandringen kl. 5 mod La Caseta de Compartici\u00f3n i ca. 13 km. Kort hvilepause. Nogle snacks. Vi forts\u00e6tter mod toppen af bjerget og passerer gennem Valle de Lil\u00eds (6 km fra Compartici\u00f3n til toppen). Der vil v\u00e6re specifikke hvilepunkter. Fra la Cima vender vi tilbage til La Compartici\u00f3n for at spise frokost\/middag, hvile, bade, drikke te ved lejrb\u00e5let og sove.<\/span><\/p>\n<p>&nbsp;<\/p>\n<h4><b>Dag 3<\/b><\/h4>\n<p><span style=\"font-weight: 400;\"> Vi st\u00e5r op kl. 6 om morgenen. Vi spiser morgenmad og g\u00e5r tilbage til La Ci\u00e9naga, en tur p\u00e5 ca. 17 km. Typisk frokost f\u00f8r hjemturen.<\/span><\/p>\n<p>&nbsp;<\/p>\n<p><span style=\"font-weight: 400;\">Bem\u00e6rk: Hver deltager skal have sine snacks fra turen med i rygs\u00e6kken (hydrerende, s\u00f8de og salte, spiselige efter eget valg, vandflasker til at fylde undervejs).\u00a0<\/span><\/p>\n<p><span style=\"font-weight: 400;\">De personer, der deltager, skal v\u00e6re i optimal sundhedsm\u00e6ssig, fysisk og mental tilstand. Personer med en helbredstilstand, der kan p\u00e5virke langvarig indsats, s\u00e5som astma, trykproblemer, diabetes eller andre lidelser relateret til denne type fysisk aktivitet, der kan udg\u00f8re en fare, b\u00f8r ikke deltage.<\/span><\/p>\n<p>&nbsp;<\/p>\n<h4><b>Inklusioner og eksklusioner<\/b><\/h4>\n<p><b>Inklusioner<\/b><\/p>\n<ul>\n<li style=\"font-weight: 400;\"><span style=\"font-weight: 400;\">Tre dages trekking<\/span><\/li>\n<li style=\"font-weight: 400;\"><span style=\"font-weight: 400;\">Lokal guide<\/span><\/li>\n<li style=\"font-weight: 400;\"><span style=\"font-weight: 400;\">Muldyr til at b\u00e6re ting<\/span><\/li>\n<li style=\"font-weight: 400;\"><span style=\"font-weight: 400;\">Vand\u00a0<\/span><\/li>\n<li style=\"font-weight: 400;\"><span style=\"font-weight: 400;\">Frugter\u00a0<\/span><\/li>\n<li style=\"font-weight: 400;\"><span style=\"font-weight: 400;\">Nationalpark-skatter\u00a0<\/span><\/li>\n<li style=\"font-weight: 400;\"><span style=\"font-weight: 400;\">Juice, kaffe, varm chokolade<\/span><\/li>\n<\/ul>\n<p><b>Undtagelser<\/b><\/p>\n<ol>\n<li>Drikkepenge<\/li>\n<li>Transferbil<\/li>\n<li>Camping Tends<\/li>\n<li>Rygs\u00e6k<\/li>\n<li>M\u00e5ltider<\/li>\n<li>Alkoholiske drikke<\/li>\n<\/ol>\n<h4><em><strong>Afrejse og hjemkomst<\/strong><\/em><\/h4>\n<p>Denne tur starter kl. 9.30 og slutter to dage senere omkring kl. 16.00.<\/p>\n<p>Den rejsende vil f\u00e5 et m\u00f8dested efter reservationsprocessen. Turene starter og slutter p\u00e5 vores m\u00f8desteder.<\/p>\n<p><strong>Tidsplan:<\/strong><\/p>\n<p>3 DAGES REJSE<\/p>\n<p>&nbsp;<\/p>\n<h4><em><strong>Hvad skal du medbringe?<\/strong><\/em><\/h4>\n<ul>\n<li>Kamera<\/li>\n<li>H\u00e5ndkl\u00e6de<\/li>\n<li>Solbeskyttelse<\/li>\n<li>Hat<\/li>\n<li>Mad<\/li>\n<li>Campingtelte<\/li>\n<li>Behagelige bukser og sko<\/li>\n<li>Sv\u00f8mmet\u00f8j<\/li>\n<li>Kontanter til souvenirs<\/li>\n<\/ul>\n<p>&nbsp;<\/p>\n<h4><b><i>Afhentning af hotel<\/i><\/b><\/h4>\n<p>Der tilbydes ikke afhentning p\u00e5 hotellet p\u00e5 denne tur.<\/p>\n<p><b>Bem\u00e6rk:<\/b> Hvis du booker inden for 24 timer f\u00f8r afgangstidspunktet for turen\/udflugten, kan vi arrangere afhentning p\u00e5 hotellet mod ekstra betaling fra et hvilket som helst sted i Den Dominikanske Republik. N\u00e5r dit k\u00f8b er gennemf\u00f8rt, sender vi dig alle kontaktoplysninger (telefonnummer, e-mailadresse osv.), s\u00e5 vores lokale rejseleder kan arrangere afhentning.<\/p>\n<h4><b><i>Yderligere oplysninger Bekr\u00e6ftelse<\/i><\/b><\/h4>\n<ol>\n<li>Billetter er kvitteringen efter betaling af denne tur. Du kan vise betalingen p\u00e5 din telefon.<\/li>\n<li>M\u00f8dested vil blive modtaget efter reservationsprocessen.<\/li>\n<li><span style=\"vertical-align: inherit;\"><span style=\"vertical-align: inherit;\">Los ni\u00f1os deben estar acompa\u00f1ados por un adulto.<\/span><\/span><\/li>\n<li><span style=\"vertical-align: inherit;\"><span style=\"vertical-align: inherit;\">silla de ruedas accesible<\/span><\/span><\/li>\n<li><span style=\"vertical-align: inherit;\"><span style=\"vertical-align: inherit;\">B\u00f8rnene skal f\u00f8le sig trygge i regningen<\/span><\/span><\/li>\n<li><span style=\"vertical-align: inherit;\"><span style=\"vertical-align: inherit;\">La mayor\u00eda de los viajeros pueden participar<\/span><\/span><\/li>\n<li><span style=\"vertical-align: inherit;\"><span style=\"vertical-align: inherit;\">No se recomienda la participaci\u00f3n de mujeres embarazadas.<\/span><\/span><\/li>\n<\/ol>\n<h4><b><i><span style=\"vertical-align: inherit;\"><span style=\"vertical-align: inherit;\">Politik for annullering<\/span><\/span><\/i><\/b><\/h4>\n<p><span style=\"vertical-align: inherit;\"><span style=\"vertical-align: inherit;\">Para obtener un reembolso completo, cancele al menos 14 d\u00edas antes de la fecha de inicio de la experiencia.<\/span><\/span><\/p>\n<\/div>\n<\/div>\n<\/div>\n<\/div>\n<\/div>\n<\/div>\n<\/div>\n<\/div>\n<\/div>\n<\/div>\n<\/div>\n<\/div>\n<div class=\"vc_row wpb_row vc_row-fluid\">\n<div class=\"wpb_column vc_column_container vc_col-sm-12\">\n<div class=\"vc_column-inner\">\n<div class=\"wpb_wrapper\">\n<div class=\"vc_empty_space\"><\/div>\n<div class=\"wpb_text_column wpb_content_element\">\n<div class=\"wpb_wrapper\">\n<h4><span style=\"vertical-align: inherit;\"><span style=\"vertical-align: inherit;\">\u00bfCont\u00e1ctenos?<\/span><\/span><\/h4>\n<h5><b><i><span style=\"vertical-align: inherit;\"><span style=\"vertical-align: inherit;\">Reservas de aventuras<\/span><\/span><\/i><\/b><\/h5>\n<p><em><span style=\"vertical-align: inherit;\"><span style=\"vertical-align: inherit;\">\u00a0Gu\u00edas tur\u00edsticos y servicios para hu\u00e9spedes (turistguider og tjenester til handicappede) <\/span><strong><span style=\"vertical-align: inherit;\">lokaliteter<\/span><\/strong><span style=\"vertical-align: inherit;\"> \u00a0y\u00a0 <\/span><\/span><strong><span style=\"vertical-align: inherit;\"><span style=\"vertical-align: inherit;\">nacionales<\/span><\/span><\/strong><\/em><\/p>\n<p><span class=\"text-turquoise\"><span style=\"vertical-align: inherit;\"><span style=\"vertical-align: inherit;\">Reserver:<\/span><\/span><\/span><span style=\"vertical-align: inherit;\"><span style=\"vertical-align: inherit;\"> \u00a0Tours y Excursiones en Dom. <\/span><span style=\"vertical-align: inherit;\">Repr\u00e6sentanter.<\/span><\/span><\/p>\n<p><img decoding=\"async\" class=\"emoji\" draggable=\"false\" src=\"https:\/\/s.w.org\/images\/core\/emoji\/11.2.0\/svg\/1f4de.svg\" alt=\"\ud83d\udcde\" \/><span style=\"vertical-align: inherit;\"><span style=\"vertical-align: inherit;\">\u00a0Tlf \/ Whatsapp\u00a0\u00a0 <\/span><\/span><a href=\"tel:+1-809-720-6035\"><span style=\"vertical-align: inherit;\"><span style=\"vertical-align: inherit;\">+ 1-809-720-6035<\/span><\/span><\/a><span style=\"vertical-align: inherit;\"><span style=\"vertical-align: inherit;\"> .<\/span><\/span><\/p>\n<p><img decoding=\"async\" class=\"emoji\" draggable=\"false\" src=\"https:\/\/s.w.org\/images\/core\/emoji\/11.2.0\/svg\/1f4e9.svg\" alt=\"\ud83d\udce9\" \/>\u00a0<a href=\"mailto:info@dominican-republic-hotels.com\"><span style=\"vertical-align: inherit;\"><span style=\"vertical-align: inherit;\">info@dominican-republic-hotels.com<\/span><\/span><\/a><\/p>\n<p><strong><span style=\"vertical-align: inherit;\"><span style=\"vertical-align: inherit;\">Somos tours privados de configuraci\u00f3n flexible por Whatsapp:\u00a0 <\/span><\/span><a href=\"tel:+18097206035\"><span style=\"vertical-align: inherit;\"><span style=\"vertical-align: inherit;\">+18097206035.<\/span><\/span><\/a><\/strong><\/p>\n<\/div>\n<\/div>\n<\/div>\n<\/div>\n<\/div>\n<\/div>\n<p><span style=\"vertical-align: inherit;\"><span style=\"vertical-align: inherit;\">[\/ vc_column_text] <div class=\"vc_empty_space\"   style=\"height: 32px\"><span class=\"vc_empty_space_inner\"><\/span><\/div> <div class=\"vc_message_box vc_message_box-standard vc_message_box-rounded vc_color-info\" ><div class=\"vc_message_box-icon\"><i class=\"fas fa-info-circle\"><\/i><\/div><\/div> Reserve (7) d\u00edas antes del d\u00eda de vencimiento. [\/ vc_message] <div class=\"vc_empty_space\"   style=\"height: 32px\"><span class=\"vc_empty_space_inner\"><\/span><\/div> [\/ vc_column] [\/ vc_row]<\/span><\/span><\/p>","protected":false},"excerpt":{"rendered":"<p>&nbsp;<\/p>\n<p><span style=\"font-weight: 400;\"><span style=\"vertical-align: inherit;\"><span style=\"vertical-align: inherit;\">\u00danase a nosotros para escalar el punto m\u00e1s alto del Caribe en J. Almando Bermudez National ubicado en la Cordillera Central del pa\u00eds.<\/span><\/span><\/span><\/p>\n<p><span style=\"font-weight: 400;\"><span style=\"vertical-align: inherit;\"><span style=\"vertical-align: inherit;\">El recorrido ir\u00e1 desde un bosque tropical hasta el pinar del Parque Nacional J. Armando Bermudez, caminando por senderos a trav\u00e9s de miles de helechos, ver\u00e1 loros, jilgueros y otras aves ex\u00f3ticas. <\/span><\/span><\/span><\/p>\n<p><em><strong><span style=\"vertical-align: inherit;\"><span style=\"vertical-align: inherit;\">Seleccione la fecha para comenzar el viaje:<\/span><\/span><\/strong><\/em><\/p>","protected":false},"featured_media":13503,"template":"","meta":[],"product_brand":[],"product_cat":[738,649],"product_tag":[650,651,652],"class_list":{"0":"post-14009","1":"product","2":"type-product","3":"status-publish","4":"has-post-thumbnail","6":"product_cat-1-sabana-de-la-mar","7":"product_cat-pico-duarte-hike-with-local-experts-duarte-peak-camping-trekking","8":"product_tag-camping-trekking","9":"product_tag-duarte-peak","10":"product_tag-pico-duarte-hike-with-local-experts-duarte-peak-camping-trekking","12":"first","13":"instock","14":"sale","15":"virtual","16":"sold-individually","17":"purchasable","18":"product-type-simple"},"_links":{"self":[{"href":"https:\/\/dominican-republic-hotels.com\/da\/wp-json\/wp\/v2\/product\/14009","targetHints":{"allow":["GET"]}}],"collection":[{"href":"https:\/\/dominican-republic-hotels.com\/da\/wp-json\/wp\/v2\/product"}],"about":[{"href":"https:\/\/dominican-republic-hotels.com\/da\/wp-json\/wp\/v2\/types\/product"}],"wp:featuredmedia":[{"embeddable":true,"href":"https:\/\/dominican-republic-hotels.com\/da\/wp-json\/wp\/v2\/media\/13503"}],"wp:attachment":[{"href":"https:\/\/dominican-republic-hotels.com\/da\/wp-json\/wp\/v2\/media?parent=14009"}],"wp:term":[{"taxonomy":"product_brand","embeddable":true,"href":"https:\/\/dominican-republic-hotels.com\/da\/wp-json\/wp\/v2\/product_brand?post=14009"},{"taxonomy":"product_cat","embeddable":true,"href":"https:\/\/dominican-republic-hotels.com\/da\/wp-json\/wp\/v2\/product_cat?post=14009"},{"taxonomy":"product_tag","embeddable":true,"href":"https:\/\/dominican-republic-hotels.com\/da\/wp-json\/wp\/v2\/product_tag?post=14009"}],"curies":[{"name":"wp","href":"https:\/\/api.w.org\/{rel}","templated":true}]}}