{"id":28274,"date":"2025-09-09T10:52:01","date_gmt":"2025-09-09T10:52:01","guid":{"rendered":"https:\/\/dominican-republic-hotels.com\/?post_type=product&#038;p=28274"},"modified":"2025-09-09T11:00:02","modified_gmt":"2025-09-09T11:00:02","slug":"from-samana-baiguate-waterfall-and-jarabacoa-buggy-tour","status":"publish","type":"product","link":"https:\/\/dominican-republic-hotels.com\/cs\/dominicantour\/from-samana-baiguate-waterfall-and-jarabacoa-buggy-tour\/","title":{"rendered":"From Saman\u00e1: Baiguate Waterfall and Jarabacoa Buggy Tour"},"content":{"rendered":"<p>P\u0159ipojte se k n\u00e1m a cestujte s m\u00edstn\u00edm odborn\u00edkem z Jarabacoa a z\u00edskejte jedine\u010dn\u00fd z\u00e1\u017eitek z n\u00e1v\u0161t\u011bvy nejlep\u0161\u00edch m\u00edst z hlavn\u00edho m\u011bsta ekoturismu, kter\u00e9 za\u010d\u00edn\u00e1 v Jarabacoa.Tento v\u00fdlet v\u00e1s provede kr\u00e1snou krajinou nejv\u011bt\u0161\u00edho horsk\u00e9ho ran\u010de Dominik\u00e1nsk\u00e9 republiky. B\u011bhem j\u00edzdy po r\u016fzn\u00fdch m\u00edstech poc\u00edt\u00edte horsk\u00fd vzduch a vychutn\u00e1te si kr\u00e1su krajiny.<\/p>\n<p>We can get to the different locations for this tour. Buy your ticket online now and let\u2019s have fun learning about Jarabacoa and Dominican Republic culture as you travel around to the best locations of the town.<\/p>\n<p>Jarabacoa is the city of the eternal spring break because of the weather and the second most important municipality from la Vega province. According to history, Jarabacoa means \u201cplace of much water\u201d, On September 27, 1858, Jarabacoa began its life as a municipality, a category obtained after a career that came from the beginning of the 19th century. Travel with us and get to know more about the mountains, nature, culture, and people of the northern region of the Dominican Republic.<\/p>","protected":false},"excerpt":{"rendered":"<div data-track=\"overview\" data-v-83a2b402=\"\">\n<section id=\"activity-overview\" class=\"activity-overview\" data-component=\"overview\" data-v-83a2b402=\"\" data-v-f3236c42=\"\">\n<p class=\"activity-overview__content\" data-test-id=\"activity-overview-content\" data-v-f3236c42=\"\">Drive from Samana to Jarabacoa and swim at Baiguate Waterfall, then speed around on a buggy tour. Try some local food and admire the landscape of the biggest mountain range in the country.<\/p>\n<\/section>\n<\/div>\n<div data-track=\"key-details\" data-v-83a2b402=\"\"><\/div>","protected":false},"featured_media":28493,"template":"","meta":[],"product_brand":[],"product_cat":[901],"product_tag":[330,902],"class_list":{"0":"post-28274","1":"product","2":"type-product","3":"status-publish","4":"has-post-thumbnail","6":"product_cat-dominican-republic","7":"product_tag-excursion","8":"product_tag-tour","10":"first","11":"instock","12":"shipping-taxable","13":"product-type-external"},"_links":{"self":[{"href":"https:\/\/dominican-republic-hotels.com\/cs\/wp-json\/wp\/v2\/product\/28274","targetHints":{"allow":["GET"]}}],"collection":[{"href":"https:\/\/dominican-republic-hotels.com\/cs\/wp-json\/wp\/v2\/product"}],"about":[{"href":"https:\/\/dominican-republic-hotels.com\/cs\/wp-json\/wp\/v2\/types\/product"}],"wp:featuredmedia":[{"embeddable":true,"href":"https:\/\/dominican-republic-hotels.com\/cs\/wp-json\/wp\/v2\/media\/28493"}],"wp:attachment":[{"href":"https:\/\/dominican-republic-hotels.com\/cs\/wp-json\/wp\/v2\/media?parent=28274"}],"wp:term":[{"taxonomy":"product_brand","embeddable":true,"href":"https:\/\/dominican-republic-hotels.com\/cs\/wp-json\/wp\/v2\/product_brand?post=28274"},{"taxonomy":"product_cat","embeddable":true,"href":"https:\/\/dominican-republic-hotels.com\/cs\/wp-json\/wp\/v2\/product_cat?post=28274"},{"taxonomy":"product_tag","embeddable":true,"href":"https:\/\/dominican-republic-hotels.com\/cs\/wp-json\/wp\/v2\/product_tag?post=28274"}],"curies":[{"name":"wp","href":"https:\/\/api.w.org\/{rel}","templated":true}]}}